{"id":9,"date":"2013-08-25T11:29:05","date_gmt":"2013-08-25T03:29:05","guid":{"rendered":"http:\/\/siliconcarbide.net\/?page_id=9"},"modified":"2022-01-23T13:32:48","modified_gmt":"2022-01-23T05:32:48","slug":"a-honlaprol","status":"publish","type":"page","link":"https:\/\/siliconcarbide.net\/hu\/about\/","title":{"rendered":"A  oldalr\u00f3l"},"content":{"rendered":"<p>Mi vagyunk a shanghai K\u00edn\u00e1ban, szakosodott tervez\u00e9se \u00e9s sz\u00e1ll\u00edt\u00e1sa szil\u00edcium-karbid ker\u00e1mia, mint p\u00e9ld\u00e1ul szinterezett szil\u00edcium-karbid ker\u00e1mia, reakci\u00f3 k\u00f6t\u00e9s\u0171 szil\u00edcium-karbid ker\u00e1mia.Arra \u00f6szt\u00f6n\u00f6zz\u00fck, hogy megvitass\u00e1k a projektet vel\u00fcnk kor\u00e1n, hogy elker\u00fclj\u00e9k a neh\u00e9z problems later.We fogja meghat\u00e1rozni el\u0151nyeit az egyes anyagok \u00e9s megvitatj\u00e1k a k\u00fcl\u00f6nb\u00f6z\u0151 feldolgoz\u00e1si technik\u00e1k, amely alkalmas.Silicon karbid egy ember \u00e1ltal gy\u00e1rtott anyag, amely a f\u0171t\u00e9s kovahomok \u00e9s sz\u00e9n magas h\u0151m\u00e9rs\u00e9kletre a kemence technik\u00e1val. A szil\u00edciumkarbid rendk\u00edv\u00fcl kem\u00e9ny anyag (Mohs-kem\u00e9nys\u00e9g 9), k\u00e9miailag inert \u00e9s nem olvad meg. a szil\u00edciumkarbidnak magas a h\u0151vezet\u0151 k\u00e9pess\u00e9ge, alacsony a h\u0151t\u00e1gul\u00e1si egy\u00fctthat\u00f3ja, h\u0151sokk- \u00e9s kop\u00e1s\u00e1ll\u00f3, \u00e9s magas h\u0151m\u00e9rs\u00e9kleten is szil\u00e1rd. A szil\u00edcium-karbid v\u00e1ltozatos tulajdons\u00e1gai miatt hat\u00e9kony anyag sz\u00e1mos k\u00fcl\u00f6nb\u00f6z\u0151 alkalmaz\u00e1sban. mondja el nek\u00fcnk a k\u00f6vetelm\u00e9nyeket, mi degsin \u00e9s sz\u00e1ll\u00edtjuk a legjobb term\u00e9ket az \u00d6n sz\u00e1m\u00e1ra. Az \u00d6n b\u00e1rmilyen megjegyz\u00e9se a legt\u00f6bb t\u00e1mogat\u00e1st sz\u00e1munkra. A javul\u00e1s soha nem \u00e9r v\u00e9get.\u00dcdv\u00f6z\u00f6lj\u00fck az \u00d6n \u00e9rdekl\u0151d\u00e9s\u00e9t, bele\u00e9rtve a k\u00f6vetelm\u00e9nyeket is!A gy\u00e1rt\u00e1s sor\u00e1n v\u00e9gzett folyamatos min\u0151s\u00e9gellen\u0151rz\u00e9s a garancia a j\u00f3 min\u0151s\u00e9gre \u00e9s \u00fcgyfeleink el\u00e9gedetts\u00e9g\u00e9re. Az \u00fcgyfeleink specifik\u00e1ci\u00f3inak \u00e9s rajzainak teljes\u00edt\u00e9se a min\u0151s\u00e9gellen\u0151rz\u00e9s\u00fcnk alapja. Sz\u00e1mos m\u00f3dszert \u00e9s berendez\u00e9st haszn\u00e1lunk a term\u00e9kek ellen\u0151rz\u00e9s\u00e9re. Emellett a gy\u00e1rt\u00e1s minden l\u00e9p\u00e9s\u00e9t ellen\u0151rizz\u00fck. a min\u0151s\u00e9gi adatokat a nyomon k\u00f6vethet\u0151s\u00e9g \u00e9rdek\u00e9ben t\u00e1roljuk. \u00dcdv\u00f6z\u00f6lj\u00fck, hogy megkapja a megkeres\u00e9st, bele\u00e9rtve a k\u00f6vetelm\u00e9nyeket \u00e9s \u00e9szrev\u00e9teleket!<\/p>\n<p><a href=\"http:\/\/siliconcarbide.net\/wp-content\/uploads\/2013\/08\/sisic-ceramic.jpg\"><img decoding=\"async\" class=\"size-full wp-image-280 aligncenter lazyload\" data-src=\"http:\/\/siliconcarbide.net\/wp-content\/uploads\/2013\/08\/sisic-ceramic.jpg\" alt=\"sziszikus ker\u00e1mia\" width=\"853\" height=\"640\" data-srcset=\"https:\/\/siliconcarbide.net\/wp-content\/uploads\/2013\/08\/sisic-ceramic.jpg 853w, https:\/\/siliconcarbide.net\/wp-content\/uploads\/2013\/08\/sisic-ceramic-300x225.jpg 300w, https:\/\/siliconcarbide.net\/wp-content\/uploads\/2013\/08\/sisic-ceramic-768x576.jpg 768w\" data-sizes=\"(max-width: 853px) 100vw, 853px\" src=\"data:image\/gif;base64,R0lGODlhAQABAAAAACH5BAEKAAEALAAAAAABAAEAAAICTAEAOw==\" style=\"--smush-placeholder-width: 853px; --smush-placeholder-aspect-ratio: 853\/640;\" \/><\/a><\/p>","protected":false},"excerpt":{"rendered":"<p>We are in shanghai in china,specializing in designing and supplying Silicon Carbide Ceramic,such as sintered silicon carbide ceramic,reaction bonded silicon carbide ceramic.We encourage you to discuss your project with us early to avoid difficult problems later.We will specify benefits of each material and discuss various processing techniques which is suitable.Silicon carbide is a man-made material [&hellip;]<\/p>\n","protected":false},"author":1,"featured_media":0,"parent":0,"menu_order":0,"comment_status":"closed","ping_status":"closed","template":"","meta":{"ngg_post_thumbnail":0,"footnotes":""},"class_list":["post-9","page","type-page","status-publish","hentry"],"aioseo_notices":[],"_links":{"self":[{"href":"https:\/\/siliconcarbide.net\/hu\/wp-json\/wp\/v2\/pages\/9","targetHints":{"allow":["GET"]}}],"collection":[{"href":"https:\/\/siliconcarbide.net\/hu\/wp-json\/wp\/v2\/pages"}],"about":[{"href":"https:\/\/siliconcarbide.net\/hu\/wp-json\/wp\/v2\/types\/page"}],"author":[{"embeddable":true,"href":"https:\/\/siliconcarbide.net\/hu\/wp-json\/wp\/v2\/users\/1"}],"replies":[{"embeddable":true,"href":"https:\/\/siliconcarbide.net\/hu\/wp-json\/wp\/v2\/comments?post=9"}],"version-history":[{"count":4,"href":"https:\/\/siliconcarbide.net\/hu\/wp-json\/wp\/v2\/pages\/9\/revisions"}],"predecessor-version":[{"id":484,"href":"https:\/\/siliconcarbide.net\/hu\/wp-json\/wp\/v2\/pages\/9\/revisions\/484"}],"wp:attachment":[{"href":"https:\/\/siliconcarbide.net\/hu\/wp-json\/wp\/v2\/media?parent=9"}],"curies":[{"name":"wp","href":"https:\/\/api.w.org\/{rel}","templated":true}]}}