{"id":79,"date":"2014-11-30T20:29:59","date_gmt":"2014-11-30T12:29:59","guid":{"rendered":"http:\/\/siliconcarbide.net\/?page_id=79"},"modified":"2018-03-28T21:32:54","modified_gmt":"2018-03-28T13:32:54","slug":"sisic-hutolevego-csovek","status":"publish","type":"page","link":"https:\/\/siliconcarbide.net\/hu\/sisic-cooling-air-pipes\/","title":{"rendered":"SISIC h\u0171t\u00e9si l\u00e9gcs\u00f6vek"},"content":{"rendered":"<p>\n\t<a href=\"http:\/\/siliconcarbide.net\/hu\/sisic-hutolevego-csovek\/\">Reakci\u00f3val k\u00f6t\u00f6tt szil\u00edciumkarbid<\/a>, m\u00e1s n\u00e9ven szilikoniz\u00e1lt szil\u00edciumkarbid vagy SiSiC, egy olyan szil\u00edcium-dioxid-t\u00edpus, amelyet por\u00f3zus sz\u00e9n vagy grafit \u00e9s olvasztott szil\u00edcium k\u00e9miai reakci\u00f3j\u00e1val \u00e1ll\u00edtanak el\u0151.\n<\/p>\n<p>\n\tSISIC h\u0171t\u00e9si leveg\u0151 cs\u00f6vek haszn\u00e1lj\u00e1k a h\u0171t\u00e9si ter\u00fclet g\u00f6rg\u0151s k\u00e1lyha kemenc\u00e9k.Ez a fajta szil\u00edcium-karbid cs\u0151 kijelz\u0151 kiv\u00e1l\u00f3 teljes\u00edtm\u00e9nyt gyors cooling.And nincsenek deform\u00e1ci\u00f3k m\u00e9g a hossz\u00fa t\u00e1v\u00fa alkalmaz\u00e1s az ilyen t\u00edpus\u00fa sic cs\u0151. Az ilyen szil\u00edcium-karbid cs\u0151 \u00e9lettartama t\u00f6bb mint 10-szerese a rozsdamentes ac\u00e9lcs\u00f6vek\u00e9nek.\n<\/p>\n<p>\n\t<a href=\"http:\/\/siliconcarbide.net\/wp-content\/uploads\/2014\/11\/SISIC-Cooling-Air-pipes.jpg\"><img decoding=\"async\" alt=\"SISIC h\u0171t\u00e9si l\u00e9gcs\u00f6vek\" class=\"alignnone size-full wp-image-80 lazyload\" height=\"350\" data-src=\"http:\/\/siliconcarbide.net\/wp-content\/uploads\/2014\/11\/SISIC-Cooling-Air-pipes.jpg\" width=\"500\" data-srcset=\"https:\/\/siliconcarbide.net\/wp-content\/uploads\/2014\/11\/SISIC-Cooling-Air-pipes.jpg 500w, https:\/\/siliconcarbide.net\/wp-content\/uploads\/2014\/11\/SISIC-Cooling-Air-pipes-300x210.jpg 300w\" data-sizes=\"(max-width: 500px) 100vw, 500px\" src=\"data:image\/gif;base64,R0lGODlhAQABAAAAACH5BAEKAAEALAAAAAABAAEAAAICTAEAOw==\" style=\"--smush-placeholder-width: 500px; --smush-placeholder-aspect-ratio: 500\/350;\" \/><\/a>\n<\/p>\n<p>\n\t&nbsp;<\/p>","protected":false},"excerpt":{"rendered":"<p>Reaction bonded silicon carbide, also known as siliconized silicon carbide or SiSiC, is a type of sic that is manufactured by a chemical reaction between porous carbon or graphite with molten silicon. SISIC Cooling Air pipes&nbsp;are used for the cooling area of roller hearth kilns.This kind silicon carbide pipe display excellent performance in rapid cooling.And [&hellip;]<\/p>\n","protected":false},"author":1,"featured_media":0,"parent":0,"menu_order":0,"comment_status":"closed","ping_status":"open","template":"","meta":{"ngg_post_thumbnail":0,"footnotes":""},"class_list":["post-79","page","type-page","status-publish","hentry"],"aioseo_notices":[],"_links":{"self":[{"href":"https:\/\/siliconcarbide.net\/hu\/wp-json\/wp\/v2\/pages\/79","targetHints":{"allow":["GET"]}}],"collection":[{"href":"https:\/\/siliconcarbide.net\/hu\/wp-json\/wp\/v2\/pages"}],"about":[{"href":"https:\/\/siliconcarbide.net\/hu\/wp-json\/wp\/v2\/types\/page"}],"author":[{"embeddable":true,"href":"https:\/\/siliconcarbide.net\/hu\/wp-json\/wp\/v2\/users\/1"}],"replies":[{"embeddable":true,"href":"https:\/\/siliconcarbide.net\/hu\/wp-json\/wp\/v2\/comments?post=79"}],"version-history":[{"count":0,"href":"https:\/\/siliconcarbide.net\/hu\/wp-json\/wp\/v2\/pages\/79\/revisions"}],"wp:attachment":[{"href":"https:\/\/siliconcarbide.net\/hu\/wp-json\/wp\/v2\/media?parent=79"}],"curies":[{"name":"wp","href":"https:\/\/api.w.org\/{rel}","templated":true}]}}