{"id":75,"date":"2014-01-09T20:39:18","date_gmt":"2014-01-09T12:39:18","guid":{"rendered":"http:\/\/siliconcarbide.net\/?page_id=75"},"modified":"2021-06-15T15:43:37","modified_gmt":"2021-06-15T07:43:37","slug":"sic-keresztgerendak","status":"publish","type":"page","link":"https:\/\/siliconcarbide.net\/hu\/sic-cross-beams\/","title":{"rendered":"SIC keresztgerend\u00e1k"},"content":{"rendered":"<p>sisic gerenda nagy teherb\u00edr\u00e1s\u00fa magas h\u0151m\u00e9rs\u00e9kleten, hossz\u00fa t\u00e1v\u00fa haszn\u00e1lat n\u00e9lk\u00fcl hajl\u00edt\u00f3 deform\u00e1ci\u00f3.szil\u00edcium-karbid gerend\u00e1k m\u0171k\u00f6dik 1380 C, m\u0171szaki param\u00e9terei a kereszt gerenda marad v\u00e1ltozatlan.sisic gerenda nagy szil\u00e1rds\u00e1g, nagy kem\u00e9nys\u00e9g, magas h\u0151m\u00e9rs\u00e9klet ellen\u00e1ll\u00e1s, kop\u00e1s\u00e1ll\u00f3s\u00e1g, korr\u00f3zi\u00f3\u00e1ll\u00f3s\u00e1g, oxid\u00e1ci\u00f3s ellen\u00e1ll\u00e1s, h\u0151\u00e1ll\u00f3s\u00e1g, j\u00f3 termikus sokk ellen\u00e1ll\u00e1s, j\u00f3 h\u0151vezet\u0151 \u00e9s magas termikus hat\u00e9konys\u00e1g.A reakci\u00f3k\u00f6t\u00e9s\u0171 szil\u00edciumkarbidb\u00f3l k\u00e9sz\u00fclt sic gerend\u00e1kat alag\u00fatkemenc\u00e9k, sikl\u00f3s kemenc\u00e9k \u00e9s sok m\u00e1s ipari kemence rakod\u00f3szerkezeti rendszereihez haszn\u00e1lj\u00e1k.A szil\u00edciumkarbid gerend\u00e1k nagyobb szil\u00e1rds\u00e1ggal rendelkeznek, \u00e9s m\u00e9g nagyon magas h\u0151m\u00e9rs\u00e9kleten sincsenek deform\u00e1ci\u00f3k.<!--more-->\u00c9s ez a fajta szil\u00edcium-karbid polcok is hossz\u00fa \u00e9lettartamot mutatnak. A reakci\u00f3k\u00f6t\u00e9s\u0171 szil\u00edcium-karbid ker\u00e1mia gerend\u00e1k a legmegfelel\u0151bb kemenceb\u00fatorok a szaniterek \u00e9s az elektromos porcel\u00e1n alkalmaz\u00e1sokhoz. <a href=\"http:\/\/siliconcarbide.net\/hu\/reakciokotesu-szilicium-karbid\/sic-keresztgerendak\/\">SiSiC gerenda<\/a> kiv\u00e1l\u00f3 h\u0151vezet\u0151 k\u00e9pess\u00e9ggel rendelkezik, \u00edgy rendelkez\u00e9sre \u00e1ll az energiatakar\u00e9koss\u00e1g \u00e9rdek\u00e9ben.A sisic sugarat az \u00d6n ig\u00e9nyei szerint k\u00e9sz\u00edthetj\u00fck.<\/p>\n<p><a href=\"http:\/\/siliconcarbide.net\/wp-content\/uploads\/2014\/01\/silicon-carbide-ceramic-Cross-Beams.jpg\"><img decoding=\"async\" class=\"alignnone size-full wp-image-74 lazyload\" data-src=\"http:\/\/siliconcarbide.net\/wp-content\/uploads\/2014\/01\/silicon-carbide-ceramic-Cross-Beams.jpg\" alt=\"szil\u00edcium-karbid ker\u00e1mia keresztgerend\u00e1k\" width=\"350\" height=\"209\" data-srcset=\"https:\/\/siliconcarbide.net\/wp-content\/uploads\/2014\/01\/silicon-carbide-ceramic-Cross-Beams.jpg 350w, https:\/\/siliconcarbide.net\/wp-content\/uploads\/2014\/01\/silicon-carbide-ceramic-Cross-Beams-300x179.jpg 300w\" data-sizes=\"(max-width: 350px) 100vw, 350px\" src=\"data:image\/gif;base64,R0lGODlhAQABAAAAACH5BAEKAAEALAAAAAABAAEAAAICTAEAOw==\" style=\"--smush-placeholder-width: 350px; --smush-placeholder-aspect-ratio: 350\/209;\" \/><\/a><\/p>","protected":false},"excerpt":{"rendered":"<p>sisic beam has high bearing capacity at high temperature, long-term use without bending deformation.silicon carbide beams works at 1380 C,technical parameters of the cross beam remain unchanged.sisic beam has high strength, high hardness, high temperature resistance, wear resistance, corrosion resistance, oxidation resistance, heat resistance, good thermal shock resistance, good thermal conductivity and high thermal efficiency.sic [&hellip;]<\/p>\n","protected":false},"author":1,"featured_media":0,"parent":0,"menu_order":0,"comment_status":"closed","ping_status":"open","template":"","meta":{"ngg_post_thumbnail":0,"footnotes":""},"class_list":["post-75","page","type-page","status-publish","hentry"],"aioseo_notices":[],"_links":{"self":[{"href":"https:\/\/siliconcarbide.net\/hu\/wp-json\/wp\/v2\/pages\/75","targetHints":{"allow":["GET"]}}],"collection":[{"href":"https:\/\/siliconcarbide.net\/hu\/wp-json\/wp\/v2\/pages"}],"about":[{"href":"https:\/\/siliconcarbide.net\/hu\/wp-json\/wp\/v2\/types\/page"}],"author":[{"embeddable":true,"href":"https:\/\/siliconcarbide.net\/hu\/wp-json\/wp\/v2\/users\/1"}],"replies":[{"embeddable":true,"href":"https:\/\/siliconcarbide.net\/hu\/wp-json\/wp\/v2\/comments?post=75"}],"version-history":[{"count":0,"href":"https:\/\/siliconcarbide.net\/hu\/wp-json\/wp\/v2\/pages\/75\/revisions"}],"wp:attachment":[{"href":"https:\/\/siliconcarbide.net\/hu\/wp-json\/wp\/v2\/media?parent=75"}],"curies":[{"name":"wp","href":"https:\/\/api.w.org\/{rel}","templated":true}]}}