{"id":97,"date":"2015-01-11T18:02:03","date_gmt":"2015-01-11T10:02:03","guid":{"rendered":"http:\/\/siliconcarbide.net\/?page_id=97"},"modified":"2017-10-12T08:15:26","modified_gmt":"2017-10-12T00:15:26","slug":"kontrola-kvalitete","status":"publish","type":"page","link":"https:\/\/siliconcarbide.net\/hr\/quality-control\/","title":{"rendered":"Kontrola kvalitete"},"content":{"rendered":"<p>\n\tStalna kontrola kvalitete tijekom proizvodnje jam\u010di dobru kvalitetu i zadovoljstvo na\u0161ih kupaca. Ispunjavanje specifikacija i nacrta na\u0161ih kupaca temelj je na\u0161e kontrole kvalitete. Koristimo razli\u010dite metode i opremu za pregled proizvoda. Tako\u0111er kontroliramo svaki korak proizvodnje. Podatke \u0107emo pohranjivati radi sljedivosti.\n<\/p>\n<p>\n\t<!--more-->\n<\/p>\n<p>\n\tpri odabiru odgovaraju\u0107eg materijala od ranog faze dizajna<br \/>\n\tpri odabiru najisplativije proizvodne metode<br \/>\n\tu pru\u017eanju visokih standarda kvalitete za na\u0161u korisni\u010dku slu\u017ebu i proizvode<br \/>\n\tu osiguravanju potpune sljedivosti na\u0161ih procesa<br \/>\n\ti kontinuirano usmjeravanje na\u0161eg sustava kvalitete prema ve\u0107oj u\u010dinkovitosti je pravilo\n<\/p>\n<p>\n\tDizajniramo, razvijamo i proizvodimo vlastitu keramiku od silicijevog karbida kako bismo osigurali izvrsne performanse i zadovoljili razli\u010dite zahtjeve u primjenama izlo\u017eenim ekstremnom abrazivnom tro\u0161enju, koroziji, visokim temperaturama i toplinskom \u0161oku. Na\u0161a keramika od silicijevog karbida nudi sljede\u0107e prednosti:<br \/>\n\tFormulacija materijala statisti\u010dki osmi\u0161ljenim metodama.<br \/>\n\tIsklju\u010diva upotreba dosljednih, visokokvalitetnih sirovina.<br \/>\n\tProizvodnja kalupa u vlastitoj re\u017eiji, interno razvijena, vi\u0161e materijala uklju\u010duju\u0107i brzo prototipiranje, CNC oprema za glodanje.<br \/>\n\tUnutarnji radni alati za dosljednu visoku kvalitetu i fleksibilnost.<br \/>\n\tKontrole procesa i detalji nadzora tijekom cijelog proizvodnog postupka.<br \/>\n\tUre\u0111aji za upravljanje pe\u0107i koji optimiziraju dosljednost paljenja i vrijeme zadr\u017eavanja te ostalo; provjera rezultata prati se za svaki dovr\u0161eni ciklus.\n<\/p>\n<p>\n\tMolimo pogledajte pokazatelje keramike od silicijevog karbida vezanog reakcijom.\n<\/p>\n<p>\n\t<a href=\"http:\/\/siliconcarbide.net\/wp-content\/uploads\/2015\/01\/Reaction-Bonded-silicon-carbide-ceramic-indicator.pdf\">Kerami\u010dki indikator od silicijevog karbida vezanog reakcijom<\/a>(PDF datoteka)\n<\/p>\n<p>\n\tMolimo pogledajte pokazatelje za keramiku od sinteriranog silicijevog karbida.\n<\/p>\n<p>\n\t<a href=\"http:\/\/siliconcarbide.net\/wp-content\/uploads\/2015\/01\/Sintered-Silicon-Carbide-Ceramic-indicator.pdf\">Kerami\u010dki indikator od sinteriranog silicijevog karbida<\/a>(PDF datoteka)\n<\/p>\n<p>\n\t<a href=\"http:\/\/siliconcarbide.net\/wp-content\/uploads\/2015\/01\/reaction-bonded-silicon-carbide.jpg\"><img decoding=\"async\" alt=\"reakcijsko vezani silicijev karbid\" class=\"alignnone size-full wp-image-271 lazyload\" height=\"824\" data-src=\"http:\/\/siliconcarbide.net\/wp-content\/uploads\/2015\/01\/reaction-bonded-silicon-carbide.jpg\" width=\"628\" src=\"data:image\/gif;base64,R0lGODlhAQABAAAAACH5BAEKAAEALAAAAAABAAEAAAICTAEAOw==\" style=\"--smush-placeholder-width: 628px; --smush-placeholder-aspect-ratio: 628\/824;\" \/><\/a>\n<\/p>\n<p>\n\t<a href=\"http:\/\/siliconcarbide.net\/wp-content\/uploads\/2015\/01\/silicon-carbide-ceramic-function.jpg\"><img decoding=\"async\" alt=\"funkcija keramike od silicijevog karbida\" class=\"alignnone size-full wp-image-220 lazyload\" height=\"602\" data-src=\"http:\/\/siliconcarbide.net\/wp-content\/uploads\/2015\/01\/silicon-carbide-ceramic-function.jpg\" width=\"617\" src=\"data:image\/gif;base64,R0lGODlhAQABAAAAACH5BAEKAAEALAAAAAABAAEAAAICTAEAOw==\" style=\"--smush-placeholder-width: 617px; --smush-placeholder-aspect-ratio: 617\/602;\" \/><\/a><\/p>","protected":false},"excerpt":{"rendered":"<p>The constant quality control during manufacturing is the guarantee for the good quality and for the satisfaction of our customer. Meeting the specifications and drawings of our customers are the basis of our quality control. We use many ways and equipment to inspect for products. Also we control every step for producing.We will store&nbsp; data [&hellip;]<\/p>\n","protected":false},"author":1,"featured_media":0,"parent":0,"menu_order":0,"comment_status":"closed","ping_status":"open","template":"","meta":{"ngg_post_thumbnail":0,"footnotes":""},"class_list":["post-97","page","type-page","status-publish","hentry"],"aioseo_notices":[],"_links":{"self":[{"href":"https:\/\/siliconcarbide.net\/hr\/wp-json\/wp\/v2\/pages\/97","targetHints":{"allow":["GET"]}}],"collection":[{"href":"https:\/\/siliconcarbide.net\/hr\/wp-json\/wp\/v2\/pages"}],"about":[{"href":"https:\/\/siliconcarbide.net\/hr\/wp-json\/wp\/v2\/types\/page"}],"author":[{"embeddable":true,"href":"https:\/\/siliconcarbide.net\/hr\/wp-json\/wp\/v2\/users\/1"}],"replies":[{"embeddable":true,"href":"https:\/\/siliconcarbide.net\/hr\/wp-json\/wp\/v2\/comments?post=97"}],"version-history":[{"count":0,"href":"https:\/\/siliconcarbide.net\/hr\/wp-json\/wp\/v2\/pages\/97\/revisions"}],"wp:attachment":[{"href":"https:\/\/siliconcarbide.net\/hr\/wp-json\/wp\/v2\/media?parent=97"}],"curies":[{"name":"wp","href":"https:\/\/api.w.org\/{rel}","templated":true}]}}