{"id":75,"date":"2014-01-09T20:39:18","date_gmt":"2014-01-09T12:39:18","guid":{"rendered":"http:\/\/siliconcarbide.net\/?page_id=75"},"modified":"2021-06-15T15:43:37","modified_gmt":"2021-06-15T07:43:37","slug":"takve-poprecne-grede","status":"publish","type":"page","link":"https:\/\/siliconcarbide.net\/hr\/sic-cross-beams\/","title":{"rendered":"SIC popre\u010dne grede"},"content":{"rendered":"<p>Sisic greda ima visoku nosivost pri visokim temperaturama, dugotrajnu upotrebu bez savijanja i deformacija. Greda od silicijevog karbida radi na 1380 \u00b0C, tehni\u010dki parametri popre\u010dne grede ostaju nepromijenjeni.Sisic greda ima visoku \u010dvrsto\u0107u, visoku tvrdo\u0107u, otpornost na visoke temperature, otpornost na habanje, koroziju, oksidaciju, toplinu, dobru otpornost na toplotne udare, dobru toplinsku provodnost i visoku toplinsku u\u010dinkovitost. Sic grede izra\u0111ene od reaktivno vezanog silicijevog karbida koriste se za nosive konstrukcijske sustave tunelskih pe\u0107i, pe\u0107i s pokretnim kolicima i mnogih drugih industrijskih pe\u0107i. Grede od silicijevog karbida imaju ve\u0107u \u010dvrsto\u0107u i ne deformiraju se \u010dak ni na vrlo visokim temperaturama.<!--more-->Tako\u0111er, ove vrste polica od silicijevog karbida pokazuju dug vijek trajanja. Reaction bonded kerami\u010dke grede od silicijevog karbida najprikladniji su oprema pe\u0107i za sanitarne proizvode i elektri\u010dni porculan. <a href=\"http:\/\/siliconcarbide.net\/hr\/reakcijsko-vezani-silicijev-karbid\/takve-poprecne-grede\/\">SiSiC snopa<\/a> Ima izvrsnu toplinsku provodnost, pa poma\u017ee u u\u0161tedi energije. Mo\u017eemo izraditi SiSiC gredu prema va\u0161im zahtjevima.<\/p>\n<p><a href=\"http:\/\/siliconcarbide.net\/wp-content\/uploads\/2014\/01\/silicon-carbide-ceramic-Cross-Beams.jpg\"><img decoding=\"async\" class=\"alignnone size-full wp-image-74 lazyload\" data-src=\"http:\/\/siliconcarbide.net\/wp-content\/uploads\/2014\/01\/silicon-carbide-ceramic-Cross-Beams.jpg\" alt=\"kerami\u010dke popre\u010dne grede od silicijevog karbida\" width=\"350\" height=\"209\" data-srcset=\"https:\/\/siliconcarbide.net\/wp-content\/uploads\/2014\/01\/silicon-carbide-ceramic-Cross-Beams.jpg 350w, https:\/\/siliconcarbide.net\/wp-content\/uploads\/2014\/01\/silicon-carbide-ceramic-Cross-Beams-300x179.jpg 300w\" data-sizes=\"(max-width: 350px) 100vw, 350px\" src=\"data:image\/gif;base64,R0lGODlhAQABAAAAACH5BAEKAAEALAAAAAABAAEAAAICTAEAOw==\" style=\"--smush-placeholder-width: 350px; --smush-placeholder-aspect-ratio: 350\/209;\" \/><\/a><\/p>","protected":false},"excerpt":{"rendered":"<p>sisic beam has high bearing capacity at high temperature, long-term use without bending deformation.silicon carbide beams works at 1380 C,technical parameters of the cross beam remain unchanged.sisic beam has high strength, high hardness, high temperature resistance, wear resistance, corrosion resistance, oxidation resistance, heat resistance, good thermal shock resistance, good thermal conductivity and high thermal efficiency.sic [&hellip;]<\/p>\n","protected":false},"author":1,"featured_media":0,"parent":0,"menu_order":0,"comment_status":"closed","ping_status":"open","template":"","meta":{"ngg_post_thumbnail":0,"footnotes":""},"class_list":["post-75","page","type-page","status-publish","hentry"],"aioseo_notices":[],"_links":{"self":[{"href":"https:\/\/siliconcarbide.net\/hr\/wp-json\/wp\/v2\/pages\/75","targetHints":{"allow":["GET"]}}],"collection":[{"href":"https:\/\/siliconcarbide.net\/hr\/wp-json\/wp\/v2\/pages"}],"about":[{"href":"https:\/\/siliconcarbide.net\/hr\/wp-json\/wp\/v2\/types\/page"}],"author":[{"embeddable":true,"href":"https:\/\/siliconcarbide.net\/hr\/wp-json\/wp\/v2\/users\/1"}],"replies":[{"embeddable":true,"href":"https:\/\/siliconcarbide.net\/hr\/wp-json\/wp\/v2\/comments?post=75"}],"version-history":[{"count":0,"href":"https:\/\/siliconcarbide.net\/hr\/wp-json\/wp\/v2\/pages\/75\/revisions"}],"wp:attachment":[{"href":"https:\/\/siliconcarbide.net\/hr\/wp-json\/wp\/v2\/media?parent=75"}],"curies":[{"name":"wp","href":"https:\/\/api.w.org\/{rel}","templated":true}]}}