{"id":97,"date":"2015-01-11T18:02:03","date_gmt":"2015-01-11T10:02:03","guid":{"rendered":"http:\/\/siliconcarbide.net\/?page_id=97"},"modified":"2017-10-12T08:15:26","modified_gmt":"2017-10-12T00:15:26","slug":"le-controle-de-la-qualite","status":"publish","type":"page","link":"https:\/\/siliconcarbide.net\/fr\/quality-control\/","title":{"rendered":"Contr\u00f4le de la qualit\u00e9"},"content":{"rendered":"<p>\n\tLe contr\u00f4le constant de la qualit\u00e9 pendant la fabrication est la garantie d'une bonne qualit\u00e9 et de la satisfaction de nos clients. Le respect des sp\u00e9cifications et des dessins de nos clients constitue la base de notre contr\u00f4le de la qualit\u00e9. Nous utilisons de nombreux moyens et \u00e9quipements pour inspecter nos produits. Nous contr\u00f4lons \u00e9galement chaque \u00e9tape de la production et conservons les donn\u00e9es \u00e0 des fins de tra\u00e7abilit\u00e9.\n<\/p>\n<p>\n\t<!--more-->\n<\/p>\n<p>\n\ten choisissant le mat\u00e9riau appropri\u00e9 d\u00e8s le d\u00e9but de la phase de conception<br \/>\n\ten choisissant l'itin\u00e9raire de fabrication le plus rentable<br \/>\n\ten fournissant des normes de qualit\u00e9 \u00e9lev\u00e9es pour notre service \u00e0 la client\u00e8le et nos produits<br \/>\n\ten garantissant une tra\u00e7abilit\u00e9 totale de nos processus<br \/>\n\tet l'am\u00e9lioration continue de l'efficacit\u00e9 de notre syst\u00e8me de qualit\u00e9 est une r\u00e8gle.\n<\/p>\n<p>\n\tnous concevons, d\u00e9veloppons et fabriquons nos propres c\u00e9ramiques de carbure de silicium afin d'offrir d'excellentes performances pour r\u00e9pondre \u00e0 une vari\u00e9t\u00e9 d'exigences en mati\u00e8re d'usure abrasive extr\u00eame, de corrosion, de temp\u00e9ratures \u00e9lev\u00e9es et de chocs thermiques. Nos c\u00e9ramiques de carbure de silicium offrent les avantages suivants :<br \/>\n\tFormulation des mat\u00e9riaux par des m\u00e9thodes statistiques.<br \/>\n\tUtilisation exclusive de mati\u00e8res premi\u00e8res constantes et de haute qualit\u00e9.<br \/>\n\tFabrication de moules en interne, d\u00e9veloppement interne, mat\u00e9riaux multiples, y compris prototypage rapide, \u00e9quipement de routage CNC.<br \/>\n\tOutillage de travail interne pour une qualit\u00e9 \u00e9lev\u00e9e et une flexibilit\u00e9 constantes.<br \/>\n\tContr\u00f4les des processus et d\u00e9tails de la surveillance tout au long de l'op\u00e9ration de fabrication.<br \/>\n\tContr\u00f4les du four qui optimisent l'homog\u00e9n\u00e9it\u00e9 de la cuisson et le temps de maintien, entre autres ; v\u00e9rification des r\u00e9sultats pour chaque cycle achev\u00e9.\n<\/p>\n<p>\n\tVeuillez trouver les indicateurs pour la c\u00e9ramique de carbure de silicium li\u00e9e par r\u00e9action.\n<\/p>\n<p>\n\t<a href=\"http:\/\/siliconcarbide.net\/wp-content\/uploads\/2015\/01\/Reaction-Bonded-silicon-carbide-ceramic-indicator.pdf\">Indicateur c\u00e9ramique en carbure de silicium li\u00e9 par r\u00e9action<\/a>(fichier PDF)\n<\/p>\n<p>\n\tVeuillez trouver les indicateurs pour la c\u00e9ramique de carbure de silicium fritt\u00e9e.\n<\/p>\n<p>\n\t<a href=\"http:\/\/siliconcarbide.net\/wp-content\/uploads\/2015\/01\/Sintered-Silicon-Carbide-Ceramic-indicator.pdf\">Indicateur c\u00e9ramique en carbure de silicium fritt\u00e9<\/a>(fichier PDF)\n<\/p>\n<p>\n\t<a href=\"http:\/\/siliconcarbide.net\/wp-content\/uploads\/2015\/01\/reaction-bonded-silicon-carbide.jpg\"><img decoding=\"async\" alt=\"carbure de silicium li\u00e9 par r\u00e9action\" class=\"alignnone size-full wp-image-271 lazyload\" height=\"824\" data-src=\"http:\/\/siliconcarbide.net\/wp-content\/uploads\/2015\/01\/reaction-bonded-silicon-carbide.jpg\" width=\"628\" src=\"data:image\/gif;base64,R0lGODlhAQABAAAAACH5BAEKAAEALAAAAAABAAEAAAICTAEAOw==\" style=\"--smush-placeholder-width: 628px; --smush-placeholder-aspect-ratio: 628\/824;\" \/><\/a>\n<\/p>\n<p>\n\t<a href=\"http:\/\/siliconcarbide.net\/wp-content\/uploads\/2015\/01\/silicon-carbide-ceramic-function.jpg\"><img decoding=\"async\" alt=\"fonction c\u00e9ramique du carbure de silicium\" class=\"alignnone size-full wp-image-220 lazyload\" height=\"602\" data-src=\"http:\/\/siliconcarbide.net\/wp-content\/uploads\/2015\/01\/silicon-carbide-ceramic-function.jpg\" width=\"617\" src=\"data:image\/gif;base64,R0lGODlhAQABAAAAACH5BAEKAAEALAAAAAABAAEAAAICTAEAOw==\" style=\"--smush-placeholder-width: 617px; --smush-placeholder-aspect-ratio: 617\/602;\" \/><\/a><\/p>","protected":false},"excerpt":{"rendered":"<p>The constant quality control during manufacturing is the guarantee for the good quality and for the satisfaction of our customer. Meeting the specifications and drawings of our customers are the basis of our quality control. We use many ways and equipment to inspect for products. Also we control every step for producing.We will store&nbsp; data [&hellip;]<\/p>\n","protected":false},"author":1,"featured_media":0,"parent":0,"menu_order":0,"comment_status":"closed","ping_status":"open","template":"","meta":{"ngg_post_thumbnail":0,"footnotes":""},"class_list":["post-97","page","type-page","status-publish","hentry"],"aioseo_notices":[],"_links":{"self":[{"href":"https:\/\/siliconcarbide.net\/fr\/wp-json\/wp\/v2\/pages\/97","targetHints":{"allow":["GET"]}}],"collection":[{"href":"https:\/\/siliconcarbide.net\/fr\/wp-json\/wp\/v2\/pages"}],"about":[{"href":"https:\/\/siliconcarbide.net\/fr\/wp-json\/wp\/v2\/types\/page"}],"author":[{"embeddable":true,"href":"https:\/\/siliconcarbide.net\/fr\/wp-json\/wp\/v2\/users\/1"}],"replies":[{"embeddable":true,"href":"https:\/\/siliconcarbide.net\/fr\/wp-json\/wp\/v2\/comments?post=97"}],"version-history":[{"count":0,"href":"https:\/\/siliconcarbide.net\/fr\/wp-json\/wp\/v2\/pages\/97\/revisions"}],"wp:attachment":[{"href":"https:\/\/siliconcarbide.net\/fr\/wp-json\/wp\/v2\/media?parent=97"}],"curies":[{"name":"wp","href":"https:\/\/api.w.org\/{rel}","templated":true}]}}