{"id":9,"date":"2013-08-25T11:29:05","date_gmt":"2013-08-25T03:29:05","guid":{"rendered":"http:\/\/siliconcarbide.net\/?page_id=9"},"modified":"2022-01-23T13:32:48","modified_gmt":"2022-01-23T05:32:48","slug":"a-propos-de","status":"publish","type":"page","link":"https:\/\/siliconcarbide.net\/fr\/about\/","title":{"rendered":"A propos de"},"content":{"rendered":"<p>Nous sommes \u00e0 Shanghai en Chine, sp\u00e9cialis\u00e9s dans la conception et la fourniture de c\u00e9ramique de carbure de silicium, telle que la c\u00e9ramique de carbure de silicium fritt\u00e9e, la c\u00e9ramique de carbure de silicium li\u00e9e par r\u00e9action.Nous vous encourageons \u00e0 discuter de votre projet avec nous d\u00e8s le d\u00e9but pour \u00e9viter des probl\u00e8mes difficiles plus tard.Nous pr\u00e9ciserons les avantages de chaque mat\u00e9riau et discuterons des diff\u00e9rentes techniques de traitement qui sont appropri\u00e9es.Le carbure de silicium est un mat\u00e9riau artificiel fabriqu\u00e9 en chauffant du sable de silice et du carbone \u00e0 des temp\u00e9ratures \u00e9lev\u00e9es dans la technique des fours. Le carbure de silicium est un mat\u00e9riau extr\u00eamement dur (duret\u00e9 de Mohs 9), chimiquement inerte et qui ne fond pas. Le carbure de silicium a une conductivit\u00e9 thermique \u00e9lev\u00e9e, un faible coefficient de dilatation thermique, r\u00e9siste aux chocs thermiques et \u00e0 l'abrasion et est r\u00e9sistant \u00e0 des temp\u00e9ratures \u00e9lev\u00e9es. Les propri\u00e9t\u00e9s vari\u00e9es du carbure de silicium en font un mat\u00e9riau efficace dans de nombreuses applications diff\u00e9rentes.Vous nous faites part de vos besoins, nous d\u00e9graissons et vous fournissons le meilleur produit. Vos commentaires nous sont d'une aide pr\u00e9cieuse. Le contr\u00f4le constant de la qualit\u00e9 pendant la fabrication est la garantie d'une bonne qualit\u00e9 et de la satisfaction de nos clients. Le respect des sp\u00e9cifications et des dessins de nos clients constitue la base de notre contr\u00f4le de la qualit\u00e9. Nous utilisons de nombreux moyens et \u00e9quipements pour inspecter nos produits. Nous conservons les donn\u00e9es relatives \u00e0 la qualit\u00e9 \u00e0 des fins de tra\u00e7abilit\u00e9. Nous sommes heureux de recevoir vos demandes de renseignements, y compris vos exigences et vos commentaires !<\/p>\n<p><a href=\"http:\/\/siliconcarbide.net\/wp-content\/uploads\/2013\/08\/sisic-ceramic.jpg\"><img decoding=\"async\" class=\"size-full wp-image-280 aligncenter lazyload\" data-src=\"http:\/\/siliconcarbide.net\/wp-content\/uploads\/2013\/08\/sisic-ceramic.jpg\" alt=\"c\u00e9ramique sisic\" width=\"853\" height=\"640\" data-srcset=\"https:\/\/siliconcarbide.net\/wp-content\/uploads\/2013\/08\/sisic-ceramic.jpg 853w, https:\/\/siliconcarbide.net\/wp-content\/uploads\/2013\/08\/sisic-ceramic-300x225.jpg 300w, https:\/\/siliconcarbide.net\/wp-content\/uploads\/2013\/08\/sisic-ceramic-768x576.jpg 768w\" data-sizes=\"(max-width: 853px) 100vw, 853px\" src=\"data:image\/gif;base64,R0lGODlhAQABAAAAACH5BAEKAAEALAAAAAABAAEAAAICTAEAOw==\" style=\"--smush-placeholder-width: 853px; --smush-placeholder-aspect-ratio: 853\/640;\" \/><\/a><\/p>","protected":false},"excerpt":{"rendered":"<p>We are in shanghai in china,specializing in designing and supplying Silicon Carbide Ceramic,such as sintered silicon carbide ceramic,reaction bonded silicon carbide ceramic.We encourage you to discuss your project with us early to avoid difficult problems later.We will specify benefits of each material and discuss various processing techniques which is suitable.Silicon carbide is a man-made material [&hellip;]<\/p>\n","protected":false},"author":1,"featured_media":0,"parent":0,"menu_order":0,"comment_status":"closed","ping_status":"closed","template":"","meta":{"ngg_post_thumbnail":0,"footnotes":""},"class_list":["post-9","page","type-page","status-publish","hentry"],"aioseo_notices":[],"_links":{"self":[{"href":"https:\/\/siliconcarbide.net\/fr\/wp-json\/wp\/v2\/pages\/9","targetHints":{"allow":["GET"]}}],"collection":[{"href":"https:\/\/siliconcarbide.net\/fr\/wp-json\/wp\/v2\/pages"}],"about":[{"href":"https:\/\/siliconcarbide.net\/fr\/wp-json\/wp\/v2\/types\/page"}],"author":[{"embeddable":true,"href":"https:\/\/siliconcarbide.net\/fr\/wp-json\/wp\/v2\/users\/1"}],"replies":[{"embeddable":true,"href":"https:\/\/siliconcarbide.net\/fr\/wp-json\/wp\/v2\/comments?post=9"}],"version-history":[{"count":4,"href":"https:\/\/siliconcarbide.net\/fr\/wp-json\/wp\/v2\/pages\/9\/revisions"}],"predecessor-version":[{"id":484,"href":"https:\/\/siliconcarbide.net\/fr\/wp-json\/wp\/v2\/pages\/9\/revisions\/484"}],"wp:attachment":[{"href":"https:\/\/siliconcarbide.net\/fr\/wp-json\/wp\/v2\/media?parent=9"}],"curies":[{"name":"wp","href":"https:\/\/api.w.org\/{rel}","templated":true}]}}