{"id":75,"date":"2014-01-09T20:39:18","date_gmt":"2014-01-09T12:39:18","guid":{"rendered":"http:\/\/siliconcarbide.net\/?page_id=75"},"modified":"2021-06-15T15:43:37","modified_gmt":"2021-06-15T07:43:37","slug":"traverses-sic","status":"publish","type":"page","link":"https:\/\/siliconcarbide.net\/fr\/sic-cross-beams\/","title":{"rendered":"Traverses SIC"},"content":{"rendered":"<p>Les poutres en carbure de silicium fonctionnent \u00e0 1380\u00b0C, les param\u00e8tres techniques de la poutre transversale restent inchang\u00e9s. Les poutres en carbure de silicium ont une r\u00e9sistance \u00e9lev\u00e9e, une duret\u00e9 \u00e9lev\u00e9e, une r\u00e9sistance aux temp\u00e9ratures \u00e9lev\u00e9es, une r\u00e9sistance \u00e0 l'usure, une r\u00e9sistance \u00e0 la corrosion, une r\u00e9sistance \u00e0 l'oxydation, une r\u00e9sistance \u00e0 la chaleur, une bonne r\u00e9sistance aux chocs thermiques, une bonne conductivit\u00e9 thermique et une efficacit\u00e9 thermique \u00e9lev\u00e9e.Les poutres en carbure de silicium li\u00e9es par r\u00e9action sont utilis\u00e9es pour les syst\u00e8mes de structure de chargement des fours tunnels, des fours \u00e0 navette et de nombreux autres fours industriels. Les poutres en carbure de silicium sont plus r\u00e9sistantes et ne se d\u00e9forment pas, m\u00eame \u00e0 tr\u00e8s haute temp\u00e9rature.<!--more-->Ce type d'\u00e9tag\u00e8res en carbure de silicium pr\u00e9sente \u00e9galement une longue dur\u00e9e de vie. Les poutres en c\u00e9ramique de carbure de silicium li\u00e9es par r\u00e9action sont les supports de four les plus appropri\u00e9s pour les applications de porcelaine sanitaire et \u00e9lectrique. <a href=\"http:\/\/siliconcarbide.net\/fr\/carbure-de-silicium-lie-par-reaction\/traverses-sic\/\">Faisceau SiSiC<\/a> Il a une excellente conductivit\u00e9 thermique, ce qui lui permet d'\u00e9conomiser de l'\u00e9nergie. Nous pouvons fabriquer des poutres sismiques en fonction de vos besoins.<\/p>\n<p><a href=\"http:\/\/siliconcarbide.net\/wp-content\/uploads\/2014\/01\/silicon-carbide-ceramic-Cross-Beams.jpg\"><img decoding=\"async\" class=\"alignnone size-full wp-image-74 lazyload\" data-src=\"http:\/\/siliconcarbide.net\/wp-content\/uploads\/2014\/01\/silicon-carbide-ceramic-Cross-Beams.jpg\" alt=\"poutres transversales en c\u00e9ramique de carbure de silicium\" width=\"350\" height=\"209\" data-srcset=\"https:\/\/siliconcarbide.net\/wp-content\/uploads\/2014\/01\/silicon-carbide-ceramic-Cross-Beams.jpg 350w, https:\/\/siliconcarbide.net\/wp-content\/uploads\/2014\/01\/silicon-carbide-ceramic-Cross-Beams-300x179.jpg 300w\" data-sizes=\"(max-width: 350px) 100vw, 350px\" src=\"data:image\/gif;base64,R0lGODlhAQABAAAAACH5BAEKAAEALAAAAAABAAEAAAICTAEAOw==\" style=\"--smush-placeholder-width: 350px; --smush-placeholder-aspect-ratio: 350\/209;\" \/><\/a><\/p>","protected":false},"excerpt":{"rendered":"<p>sisic beam has high bearing capacity at high temperature, long-term use without bending deformation.silicon carbide beams works at 1380 C,technical parameters of the cross beam remain unchanged.sisic beam has high strength, high hardness, high temperature resistance, wear resistance, corrosion resistance, oxidation resistance, heat resistance, good thermal shock resistance, good thermal conductivity and high thermal efficiency.sic [&hellip;]<\/p>\n","protected":false},"author":1,"featured_media":0,"parent":0,"menu_order":0,"comment_status":"closed","ping_status":"open","template":"","meta":{"ngg_post_thumbnail":0,"footnotes":""},"class_list":["post-75","page","type-page","status-publish","hentry"],"aioseo_notices":[],"_links":{"self":[{"href":"https:\/\/siliconcarbide.net\/fr\/wp-json\/wp\/v2\/pages\/75","targetHints":{"allow":["GET"]}}],"collection":[{"href":"https:\/\/siliconcarbide.net\/fr\/wp-json\/wp\/v2\/pages"}],"about":[{"href":"https:\/\/siliconcarbide.net\/fr\/wp-json\/wp\/v2\/types\/page"}],"author":[{"embeddable":true,"href":"https:\/\/siliconcarbide.net\/fr\/wp-json\/wp\/v2\/users\/1"}],"replies":[{"embeddable":true,"href":"https:\/\/siliconcarbide.net\/fr\/wp-json\/wp\/v2\/comments?post=75"}],"version-history":[{"count":0,"href":"https:\/\/siliconcarbide.net\/fr\/wp-json\/wp\/v2\/pages\/75\/revisions"}],"wp:attachment":[{"href":"https:\/\/siliconcarbide.net\/fr\/wp-json\/wp\/v2\/media?parent=75"}],"curies":[{"name":"wp","href":"https:\/\/api.w.org\/{rel}","templated":true}]}}