{"id":97,"date":"2015-01-11T18:02:03","date_gmt":"2015-01-11T10:02:03","guid":{"rendered":"http:\/\/siliconcarbide.net\/?page_id=97"},"modified":"2017-10-12T08:15:26","modified_gmt":"2017-10-12T00:15:26","slug":"laadunvalvonta","status":"publish","type":"page","link":"https:\/\/siliconcarbide.net\/fi\/quality-control\/","title":{"rendered":"Laadunvalvonta"},"content":{"rendered":"<p>\n\tJatkuva laadunvalvonta valmistuksen aikana takaa hyv\u00e4n laadun ja asiakkaidemme tyytyv\u00e4isyyden. Laadunvalvonnan perustana on asiakkaidemme eritelmien ja piirustusten noudattaminen. K\u00e4yt\u00e4mme monia tapoja ja laitteita tuotteiden tarkastamiseen. Valvomme my\u00f6s jokaista tuotantovaihetta.Tallennamme tietoja j\u00e4ljitett\u00e4vyyden varmistamiseksi.\n<\/p>\n<p>\n\t<!--more-->\n<\/p>\n<p>\n\tsopivan materiaalin valintaan jo suunnittelun alkuvaiheessa.<br \/>\n\tkustannustehokkaimman tuotantoreitin valinnassa<br \/>\n\tasiakaspalvelun ja tuotteiden korkeat laatustandardit.<br \/>\n\tprosessiemme t\u00e4ydellisen j\u00e4ljitett\u00e4vyyden takaaminen<br \/>\n\tja laatuj\u00e4rjestelm\u00e4mme jatkuva kehitt\u00e4minen entist\u00e4 tehokkaammaksi on s\u00e4\u00e4nt\u00f6.\n<\/p>\n<p>\n\tsuunnittelemme, kehit\u00e4mme ja valmistamme omia piikarbidikeramiikkamme, jotka tuottavat erinomaisen suorituskyvyn ja t\u00e4ytt\u00e4v\u00e4t erilaiset vaatimukset, jotka koskevat \u00e4\u00e4rimm\u00e4ist\u00e4 kulumista, korroosiota, korkeita l\u00e4mp\u00f6tiloja ja l\u00e4mp\u00f6shokkeja. Piikarbidikeraamiset tuotteemme tarjoavat seuraavat edut:<br \/>\n\tAineiston muotoilu tilastollisesti suunnitelluilla menetelmill\u00e4.<br \/>\n\tTasalaatuisten ja korkealaatuisten raaka-aineiden yksinomainen k\u00e4ytt\u00f6.<br \/>\n\tSis\u00e4inen muotinvalmistus, sis\u00e4isesti kehitetyt, monimateriaaliset, mukaan lukien nopea prototyyppien valmistus, CNC-jyrsint\u00e4laitteet.<br \/>\n\tTalon omat ty\u00f6v\u00e4lineet takaavat tasaisen korkean laadun ja joustavuuden.<br \/>\n\tProsessin valvonta ja seurantatiedot koko valmistuksen ajan.<br \/>\n\tuunin ohjaus, jolla optimoidaan polttamisen johdonmukaisuus ja pitoaika ym.; tulosten todentaminen seurataan jokaisen suoritetun jakson osalta.\n<\/p>\n<p>\n\tL\u00f6yd\u00e4t reaktiosidonnaisen piikarbidikeramiikan indikaattorit.\n<\/p>\n<p>\n\t<a href=\"http:\/\/siliconcarbide.net\/wp-content\/uploads\/2015\/01\/Reaction-Bonded-silicon-carbide-ceramic-indicator.pdf\">Reaktiosidottu piikarbidikeraaminen indikaattori<\/a>(PDF-tiedosto)\n<\/p>\n<p>\n\tL\u00f6yd\u00e4t indikaattorit Sintrattu piikarbidi Keraaminen\n<\/p>\n<p>\n\t<a href=\"http:\/\/siliconcarbide.net\/wp-content\/uploads\/2015\/01\/Sintered-Silicon-Carbide-Ceramic-indicator.pdf\">Sintrattu piikarbidi Keraaminen indikaattori<\/a>(PDF-tiedosto)\n<\/p>\n<p>\n\t<a href=\"http:\/\/siliconcarbide.net\/wp-content\/uploads\/2015\/01\/reaction-bonded-silicon-carbide.jpg\"><img decoding=\"async\" alt=\"reaktiosidottu piikarbidi\" class=\"alignnone size-full wp-image-271 lazyload\" height=\"824\" data-src=\"http:\/\/siliconcarbide.net\/wp-content\/uploads\/2015\/01\/reaction-bonded-silicon-carbide.jpg\" width=\"628\" src=\"data:image\/gif;base64,R0lGODlhAQABAAAAACH5BAEKAAEALAAAAAABAAEAAAICTAEAOw==\" style=\"--smush-placeholder-width: 628px; --smush-placeholder-aspect-ratio: 628\/824;\" \/><\/a>\n<\/p>\n<p>\n\t<a href=\"http:\/\/siliconcarbide.net\/wp-content\/uploads\/2015\/01\/silicon-carbide-ceramic-function.jpg\"><img decoding=\"async\" alt=\"piikarbidin keraaminen toiminta\" class=\"alignnone size-full wp-image-220 lazyload\" height=\"602\" data-src=\"http:\/\/siliconcarbide.net\/wp-content\/uploads\/2015\/01\/silicon-carbide-ceramic-function.jpg\" width=\"617\" src=\"data:image\/gif;base64,R0lGODlhAQABAAAAACH5BAEKAAEALAAAAAABAAEAAAICTAEAOw==\" style=\"--smush-placeholder-width: 617px; --smush-placeholder-aspect-ratio: 617\/602;\" \/><\/a><\/p>","protected":false},"excerpt":{"rendered":"<p>The constant quality control during manufacturing is the guarantee for the good quality and for the satisfaction of our customer. Meeting the specifications and drawings of our customers are the basis of our quality control. We use many ways and equipment to inspect for products. Also we control every step for producing.We will store&nbsp; data [&hellip;]<\/p>\n","protected":false},"author":1,"featured_media":0,"parent":0,"menu_order":0,"comment_status":"closed","ping_status":"open","template":"","meta":{"ngg_post_thumbnail":0,"footnotes":""},"class_list":["post-97","page","type-page","status-publish","hentry"],"aioseo_notices":[],"_links":{"self":[{"href":"https:\/\/siliconcarbide.net\/fi\/wp-json\/wp\/v2\/pages\/97","targetHints":{"allow":["GET"]}}],"collection":[{"href":"https:\/\/siliconcarbide.net\/fi\/wp-json\/wp\/v2\/pages"}],"about":[{"href":"https:\/\/siliconcarbide.net\/fi\/wp-json\/wp\/v2\/types\/page"}],"author":[{"embeddable":true,"href":"https:\/\/siliconcarbide.net\/fi\/wp-json\/wp\/v2\/users\/1"}],"replies":[{"embeddable":true,"href":"https:\/\/siliconcarbide.net\/fi\/wp-json\/wp\/v2\/comments?post=97"}],"version-history":[{"count":0,"href":"https:\/\/siliconcarbide.net\/fi\/wp-json\/wp\/v2\/pages\/97\/revisions"}],"wp:attachment":[{"href":"https:\/\/siliconcarbide.net\/fi\/wp-json\/wp\/v2\/media?parent=97"}],"curies":[{"name":"wp","href":"https:\/\/api.w.org\/{rel}","templated":true}]}}