{"id":9,"date":"2013-08-25T11:29:05","date_gmt":"2013-08-25T03:29:05","guid":{"rendered":"http:\/\/siliconcarbide.net\/?page_id=9"},"modified":"2022-01-23T13:32:48","modified_gmt":"2022-01-23T05:32:48","slug":"tietoja","status":"publish","type":"page","link":"https:\/\/siliconcarbide.net\/fi\/about\/","title":{"rendered":"Tietoja"},"content":{"rendered":"<p>Olemme shanghai Kiinassa, erikoistunut suunnitteluun ja toimittamiseen piikarbidi keraaminen, kuten sintrattu piikarbidi keraaminen, reaktio sidottu piikarbidi ceramic.We kannustaa sinua keskustelemaan projektin kanssamme aikaisin v\u00e4ltt\u00e4\u00e4 vaikeita ongelmia later.We m\u00e4\u00e4ritt\u00e4\u00e4 edut kunkin materiaalin ja keskustella eri k\u00e4sittelytekniikoita, joka on suitable.Silicon karbidi on ihmisen valmistama materiaali valmistetaan kuumentamalla piihiekkaa ja hiilt\u00e4 korkeisiin l\u00e4mp\u00f6tiloihin uunissa tekniikka. Piikarbidi on eritt\u00e4in kova materiaali (Mohsin kovuus 9), se on kemiallisesti inertti eik\u00e4 se sula.Piikarbidilla on korkea l\u00e4mm\u00f6njohtavuus, alhainen l\u00e4mp\u00f6laajenemiskerroin, se kest\u00e4\u00e4 l\u00e4mp\u00f6shokkeja ja hankausta ja sill\u00e4 on lujuutta korkeissa l\u00e4mp\u00f6tiloissa. Piikarbidin monipuoliset ominaisuudet tekev\u00e4t siit\u00e4 tehokkaan materiaalin monissa eri sovelluksissa.Kerrot meille vaatimuksesi, me hajotamme ja toimitamme sinulle parhaan tuotteen. Kaikki kommenttisi ovat meille suurin tuki. Jatkuva laadunvalvonta valmistuksen aikana on tae hyv\u00e4st\u00e4 laadusta ja asiakkaidemme tyytyv\u00e4isyydest\u00e4. Asiakkaidemme eritelmien ja piirustusten t\u00e4ytt\u00e4minen on laadunvalvontamme perusta. K\u00e4yt\u00e4mme monia tapoja ja laitteita tuotteiden tarkastamiseen. My\u00f6s me valvomme jokaista vaihetta producing.We tallentaa laatutiedot j\u00e4ljitett\u00e4vyytt\u00e4 varten. Tervetuloa vastaanottamaan tiedustelusi, mukaan lukien vaatimukset ja kommentit!<\/p>\n<p><a href=\"http:\/\/siliconcarbide.net\/wp-content\/uploads\/2013\/08\/sisic-ceramic.jpg\"><img decoding=\"async\" class=\"size-full wp-image-280 aligncenter lazyload\" data-src=\"http:\/\/siliconcarbide.net\/wp-content\/uploads\/2013\/08\/sisic-ceramic.jpg\" alt=\"sisic keraaminen\" width=\"853\" height=\"640\" data-srcset=\"https:\/\/siliconcarbide.net\/wp-content\/uploads\/2013\/08\/sisic-ceramic.jpg 853w, https:\/\/siliconcarbide.net\/wp-content\/uploads\/2013\/08\/sisic-ceramic-300x225.jpg 300w, https:\/\/siliconcarbide.net\/wp-content\/uploads\/2013\/08\/sisic-ceramic-768x576.jpg 768w\" data-sizes=\"(max-width: 853px) 100vw, 853px\" src=\"data:image\/gif;base64,R0lGODlhAQABAAAAACH5BAEKAAEALAAAAAABAAEAAAICTAEAOw==\" style=\"--smush-placeholder-width: 853px; --smush-placeholder-aspect-ratio: 853\/640;\" \/><\/a><\/p>","protected":false},"excerpt":{"rendered":"<p>We are in shanghai in china,specializing in designing and supplying Silicon Carbide Ceramic,such as sintered silicon carbide ceramic,reaction bonded silicon carbide ceramic.We encourage you to discuss your project with us early to avoid difficult problems later.We will specify benefits of each material and discuss various processing techniques which is suitable.Silicon carbide is a man-made material [&hellip;]<\/p>\n","protected":false},"author":1,"featured_media":0,"parent":0,"menu_order":0,"comment_status":"closed","ping_status":"closed","template":"","meta":{"ngg_post_thumbnail":0,"footnotes":""},"class_list":["post-9","page","type-page","status-publish","hentry"],"aioseo_notices":[],"_links":{"self":[{"href":"https:\/\/siliconcarbide.net\/fi\/wp-json\/wp\/v2\/pages\/9","targetHints":{"allow":["GET"]}}],"collection":[{"href":"https:\/\/siliconcarbide.net\/fi\/wp-json\/wp\/v2\/pages"}],"about":[{"href":"https:\/\/siliconcarbide.net\/fi\/wp-json\/wp\/v2\/types\/page"}],"author":[{"embeddable":true,"href":"https:\/\/siliconcarbide.net\/fi\/wp-json\/wp\/v2\/users\/1"}],"replies":[{"embeddable":true,"href":"https:\/\/siliconcarbide.net\/fi\/wp-json\/wp\/v2\/comments?post=9"}],"version-history":[{"count":4,"href":"https:\/\/siliconcarbide.net\/fi\/wp-json\/wp\/v2\/pages\/9\/revisions"}],"predecessor-version":[{"id":484,"href":"https:\/\/siliconcarbide.net\/fi\/wp-json\/wp\/v2\/pages\/9\/revisions\/484"}],"wp:attachment":[{"href":"https:\/\/siliconcarbide.net\/fi\/wp-json\/wp\/v2\/media?parent=9"}],"curies":[{"name":"wp","href":"https:\/\/api.w.org\/{rel}","templated":true}]}}