{"id":79,"date":"2014-11-30T20:29:59","date_gmt":"2014-11-30T12:29:59","guid":{"rendered":"http:\/\/siliconcarbide.net\/?page_id=79"},"modified":"2018-03-28T21:32:54","modified_gmt":"2018-03-28T13:32:54","slug":"sisic-jaahdytysilmaputket","status":"publish","type":"page","link":"https:\/\/siliconcarbide.net\/fi\/sisic-cooling-air-pipes\/","title":{"rendered":"SISIC-j\u00e4\u00e4hdytysilmaputket"},"content":{"rendered":"<p>\n\t<a href=\"http:\/\/siliconcarbide.net\/fi\/sisic-jaahdytysilmaputket\/\">Reaktiosidottu piikarbidi<\/a>, joka tunnetaan my\u00f6s nimell\u00e4 piikarbidoitu piikarbidi tai SiSiC, on er\u00e4\u00e4nlainen pii, joka valmistetaan kemiallisessa reaktiossa huokoisen hiilen tai grafiitin ja sulan piin v\u00e4lill\u00e4.\n<\/p>\n<p>\n\tSISIC j\u00e4\u00e4hdytys ilmaa putket k\u00e4ytet\u00e4\u00e4n j\u00e4\u00e4hdytys alueella rullakko uunit.T\u00e4llainen piikarbidi putki n\u00e4ytt\u00e4\u00e4 erinomaisen suorituskyvyn nopea cooling.And ei ole muodonmuutoksia edes pitk\u00e4n aikav\u00e4lin sovelluksen t\u00e4m\u00e4ntyyppisen sic putki. T\u00e4m\u00e4ntyyppisen piikarbidiputken k\u00e4ytt\u00f6ik\u00e4 on yli 10 kertaa suurempi kuin ruostumattomasta ter\u00e4ksest\u00e4 valmistettujen putkien.\n<\/p>\n<p>\n\t<a href=\"http:\/\/siliconcarbide.net\/wp-content\/uploads\/2014\/11\/SISIC-Cooling-Air-pipes.jpg\"><img decoding=\"async\" alt=\"SISIC-j\u00e4\u00e4hdytysilmaputket\" class=\"alignnone size-full wp-image-80 lazyload\" height=\"350\" data-src=\"http:\/\/siliconcarbide.net\/wp-content\/uploads\/2014\/11\/SISIC-Cooling-Air-pipes.jpg\" width=\"500\" data-srcset=\"https:\/\/siliconcarbide.net\/wp-content\/uploads\/2014\/11\/SISIC-Cooling-Air-pipes.jpg 500w, https:\/\/siliconcarbide.net\/wp-content\/uploads\/2014\/11\/SISIC-Cooling-Air-pipes-300x210.jpg 300w\" data-sizes=\"(max-width: 500px) 100vw, 500px\" src=\"data:image\/gif;base64,R0lGODlhAQABAAAAACH5BAEKAAEALAAAAAABAAEAAAICTAEAOw==\" style=\"--smush-placeholder-width: 500px; --smush-placeholder-aspect-ratio: 500\/350;\" \/><\/a>\n<\/p>\n<p>\n\t&nbsp;<\/p>","protected":false},"excerpt":{"rendered":"<p>Reaction bonded silicon carbide, also known as siliconized silicon carbide or SiSiC, is a type of sic that is manufactured by a chemical reaction between porous carbon or graphite with molten silicon. SISIC Cooling Air pipes&nbsp;are used for the cooling area of roller hearth kilns.This kind silicon carbide pipe display excellent performance in rapid cooling.And [&hellip;]<\/p>\n","protected":false},"author":1,"featured_media":0,"parent":0,"menu_order":0,"comment_status":"closed","ping_status":"open","template":"","meta":{"ngg_post_thumbnail":0,"footnotes":""},"class_list":["post-79","page","type-page","status-publish","hentry"],"aioseo_notices":[],"_links":{"self":[{"href":"https:\/\/siliconcarbide.net\/fi\/wp-json\/wp\/v2\/pages\/79","targetHints":{"allow":["GET"]}}],"collection":[{"href":"https:\/\/siliconcarbide.net\/fi\/wp-json\/wp\/v2\/pages"}],"about":[{"href":"https:\/\/siliconcarbide.net\/fi\/wp-json\/wp\/v2\/types\/page"}],"author":[{"embeddable":true,"href":"https:\/\/siliconcarbide.net\/fi\/wp-json\/wp\/v2\/users\/1"}],"replies":[{"embeddable":true,"href":"https:\/\/siliconcarbide.net\/fi\/wp-json\/wp\/v2\/comments?post=79"}],"version-history":[{"count":0,"href":"https:\/\/siliconcarbide.net\/fi\/wp-json\/wp\/v2\/pages\/79\/revisions"}],"wp:attachment":[{"href":"https:\/\/siliconcarbide.net\/fi\/wp-json\/wp\/v2\/media?parent=79"}],"curies":[{"name":"wp","href":"https:\/\/api.w.org\/{rel}","templated":true}]}}