{"id":75,"date":"2014-01-09T20:39:18","date_gmt":"2014-01-09T12:39:18","guid":{"rendered":"http:\/\/siliconcarbide.net\/?page_id=75"},"modified":"2021-06-15T15:43:37","modified_gmt":"2021-06-15T07:43:37","slug":"sic-poikkipalkit","status":"publish","type":"page","link":"https:\/\/siliconcarbide.net\/fi\/sic-cross-beams\/","title":{"rendered":"SIC-ristikkopalkit"},"content":{"rendered":"<p>sisic palkki on korkea kantavuus korkeassa l\u00e4mp\u00f6tilassa, pitk\u00e4aikainen k\u00e4ytt\u00f6 ilman taivutus deformation.silicon karbidi palkit toimii 1380 C, tekniset parametrit poikkipalkki pysyv\u00e4t unchanged.sisic palkki on korkea lujuus, korkea kovuus, korkea l\u00e4mm\u00f6nkest\u00e4vyys, kulutuskest\u00e4vyys, korroosionkest\u00e4vyys, hapettumiskest\u00e4vyys, l\u00e4mm\u00f6nkest\u00e4vyys, hyv\u00e4 l\u00e4mp\u00f6shokin kest\u00e4vyys, hyv\u00e4 l\u00e4mm\u00f6njohtavuus ja korkea l\u00e4mp\u00f6tehokkuus.sic palkit valmistettu reaktio sidottu piikarbidi k\u00e4ytet\u00e4\u00e4n lataus rakennej\u00e4rjestelm\u00e4t tunneli uunit, sukkula uunit ja monet muut teollisuuden kilns.silicon carbide palkit on suurempi lujuus ja ei ole muodonmuutoksia jopa eritt\u00e4in korkeassa l\u00e4mp\u00f6tilassa.<!--more-->Ja my\u00f6s t\u00e4llaisilla piikarbidihyllyill\u00e4 on pitk\u00e4 k\u00e4ytt\u00f6ik\u00e4. Reaktiosidotut piikarbidikeramiikkapalkit ovat sopivimmat uunikalusteet saniteettitarvikkeisiin ja s\u00e4hk\u00f6posliinisovelluksiin. <a href=\"http:\/\/siliconcarbide.net\/fi\/reaktiosidottu-piikarbidi\/sic-poikkipalkit\/\">SiSiC-palkki<\/a> on erinomainen l\u00e4mm\u00f6njohtavuus, joten se on k\u00e4ytett\u00e4viss\u00e4 s\u00e4\u00e4st\u00e4\u00e4 energy.we voi tehd\u00e4 sisic palkki mukaan vaatimuksenne.<\/p>\n<p><a href=\"http:\/\/siliconcarbide.net\/wp-content\/uploads\/2014\/01\/silicon-carbide-ceramic-Cross-Beams.jpg\"><img decoding=\"async\" class=\"alignnone size-full wp-image-74 lazyload\" data-src=\"http:\/\/siliconcarbide.net\/wp-content\/uploads\/2014\/01\/silicon-carbide-ceramic-Cross-Beams.jpg\" alt=\"piikarbidi keraamiset poikkipalkit\" width=\"350\" height=\"209\" data-srcset=\"https:\/\/siliconcarbide.net\/wp-content\/uploads\/2014\/01\/silicon-carbide-ceramic-Cross-Beams.jpg 350w, https:\/\/siliconcarbide.net\/wp-content\/uploads\/2014\/01\/silicon-carbide-ceramic-Cross-Beams-300x179.jpg 300w\" data-sizes=\"(max-width: 350px) 100vw, 350px\" src=\"data:image\/gif;base64,R0lGODlhAQABAAAAACH5BAEKAAEALAAAAAABAAEAAAICTAEAOw==\" style=\"--smush-placeholder-width: 350px; --smush-placeholder-aspect-ratio: 350\/209;\" \/><\/a><\/p>","protected":false},"excerpt":{"rendered":"<p>sisic beam has high bearing capacity at high temperature, long-term use without bending deformation.silicon carbide beams works at 1380 C,technical parameters of the cross beam remain unchanged.sisic beam has high strength, high hardness, high temperature resistance, wear resistance, corrosion resistance, oxidation resistance, heat resistance, good thermal shock resistance, good thermal conductivity and high thermal efficiency.sic [&hellip;]<\/p>\n","protected":false},"author":1,"featured_media":0,"parent":0,"menu_order":0,"comment_status":"closed","ping_status":"open","template":"","meta":{"ngg_post_thumbnail":0,"footnotes":""},"class_list":["post-75","page","type-page","status-publish","hentry"],"aioseo_notices":[],"_links":{"self":[{"href":"https:\/\/siliconcarbide.net\/fi\/wp-json\/wp\/v2\/pages\/75","targetHints":{"allow":["GET"]}}],"collection":[{"href":"https:\/\/siliconcarbide.net\/fi\/wp-json\/wp\/v2\/pages"}],"about":[{"href":"https:\/\/siliconcarbide.net\/fi\/wp-json\/wp\/v2\/types\/page"}],"author":[{"embeddable":true,"href":"https:\/\/siliconcarbide.net\/fi\/wp-json\/wp\/v2\/users\/1"}],"replies":[{"embeddable":true,"href":"https:\/\/siliconcarbide.net\/fi\/wp-json\/wp\/v2\/comments?post=75"}],"version-history":[{"count":0,"href":"https:\/\/siliconcarbide.net\/fi\/wp-json\/wp\/v2\/pages\/75\/revisions"}],"wp:attachment":[{"href":"https:\/\/siliconcarbide.net\/fi\/wp-json\/wp\/v2\/media?parent=75"}],"curies":[{"name":"wp","href":"https:\/\/api.w.org\/{rel}","templated":true}]}}