{"id":97,"date":"2015-01-11T18:02:03","date_gmt":"2015-01-11T10:02:03","guid":{"rendered":"http:\/\/siliconcarbide.net\/?page_id=97"},"modified":"2017-10-12T08:15:26","modified_gmt":"2017-10-12T00:15:26","slug":"control-de-calidad","status":"publish","type":"page","link":"https:\/\/siliconcarbide.net\/es\/quality-control\/","title":{"rendered":"Control de calidad"},"content":{"rendered":"<p>\n\tEl constante control de calidad durante la fabricaci\u00f3n es la garant\u00eda de la buena calidad y de la satisfacci\u00f3n de nuestro cliente. El cumplimiento de las especificaciones y los planos de nuestros clientes son la base de nuestro control de calidad. Utilizamos muchos medios y equipos para inspeccionar los productos. Tambi\u00e9n controlamos cada paso de la producci\u00f3n y almacenamos los datos con fines de trazabilidad.\n<\/p>\n<p>\n\t<!--more-->\n<\/p>\n<p>\n\ten la elecci\u00f3n del material adecuado desde la fase inicial de dise\u00f1o<br \/>\n\ten la selecci\u00f3n de la ruta de fabricaci\u00f3n m\u00e1s rentable<br \/>\n\ten ofrecer un alto nivel de calidad en nuestro servicio al cliente y en nuestros productos<br \/>\n\ten garantizar la plena trazabilidad de nuestros procesos<br \/>\n\te impulsar continuamente nuestro sistema de calidad hacia una mayor eficacia es una norma\n<\/p>\n<p>\n\tdise\u00f1amos, desarrollamos y fabricamos nuestras propias cer\u00e1micas de carburo de silicio para ofrecer un excelente rendimiento que satisfaga una gran variedad de requisitos de aplicaciones de desgaste abrasivo extremo, corrosi\u00f3n, alta temperatura y choque t\u00e9rmico. Nuestra cer\u00e1mica de carburo de silicio ofrece las siguientes ventajas:<br \/>\n\tFormulaci\u00f3n del material mediante m\u00e9todos dise\u00f1ados estad\u00edsticamente.<br \/>\n\tUso exclusivo de materias primas homog\u00e9neas y de alta calidad.<br \/>\n\tFabricaci\u00f3n propia de moldes, desarrollados internamente, multimateriales, incluida la creaci\u00f3n r\u00e1pida de prototipos, equipos de fresado CNC.<br \/>\n\tHerramientas de trabajo propias para una alta calidad y flexibilidad constantes.<br \/>\n\tControles de procesos y detalles de seguimiento a lo largo de toda la operaci\u00f3n de fabricaci\u00f3n.<br \/>\n\tControles del horno que optimizan la consistencia de la cocci\u00f3n y el tiempo de mantenimiento y otros; verificaci\u00f3n de los resultados supervisados para cada ciclo completado.\n<\/p>\n<p>\n\tConsulte los indicadores de la cer\u00e1mica de carburo de silicio aglomerada por reacci\u00f3n\n<\/p>\n<p>\n\t<a href=\"http:\/\/siliconcarbide.net\/wp-content\/uploads\/2015\/01\/Reaction-Bonded-silicon-carbide-ceramic-indicator.pdf\">Indicador cer\u00e1mico de carburo de silicio aglomerado por reacci\u00f3n<\/a>(archivo PDF)\n<\/p>\n<p>\n\tConsulte los indicadores de la cer\u00e1mica de carburo de silicio sinterizado\n<\/p>\n<p>\n\t<a href=\"http:\/\/siliconcarbide.net\/wp-content\/uploads\/2015\/01\/Sintered-Silicon-Carbide-Ceramic-indicator.pdf\">Indicador cer\u00e1mico de carburo de silicio sinterizado<\/a>(archivo PDF)\n<\/p>\n<p>\n\t<a href=\"http:\/\/siliconcarbide.net\/wp-content\/uploads\/2015\/01\/reaction-bonded-silicon-carbide.jpg\"><img decoding=\"async\" alt=\"carburo de silicio ligado por reacci\u00f3n\" class=\"alignnone size-full wp-image-271 lazyload\" height=\"824\" data-src=\"http:\/\/siliconcarbide.net\/wp-content\/uploads\/2015\/01\/reaction-bonded-silicon-carbide.jpg\" width=\"628\" src=\"data:image\/gif;base64,R0lGODlhAQABAAAAACH5BAEKAAEALAAAAAABAAEAAAICTAEAOw==\" style=\"--smush-placeholder-width: 628px; --smush-placeholder-aspect-ratio: 628\/824;\" \/><\/a>\n<\/p>\n<p>\n\t<a href=\"http:\/\/siliconcarbide.net\/wp-content\/uploads\/2015\/01\/silicon-carbide-ceramic-function.jpg\"><img decoding=\"async\" alt=\"carburo de silicio funci\u00f3n cer\u00e1mica\" class=\"alignnone size-full wp-image-220 lazyload\" height=\"602\" data-src=\"http:\/\/siliconcarbide.net\/wp-content\/uploads\/2015\/01\/silicon-carbide-ceramic-function.jpg\" width=\"617\" src=\"data:image\/gif;base64,R0lGODlhAQABAAAAACH5BAEKAAEALAAAAAABAAEAAAICTAEAOw==\" style=\"--smush-placeholder-width: 617px; --smush-placeholder-aspect-ratio: 617\/602;\" \/><\/a><\/p>","protected":false},"excerpt":{"rendered":"<p>The constant quality control during manufacturing is the guarantee for the good quality and for the satisfaction of our customer. Meeting the specifications and drawings of our customers are the basis of our quality control. We use many ways and equipment to inspect for products. Also we control every step for producing.We will store&nbsp; data [&hellip;]<\/p>\n","protected":false},"author":1,"featured_media":0,"parent":0,"menu_order":0,"comment_status":"closed","ping_status":"open","template":"","meta":{"ngg_post_thumbnail":0,"footnotes":""},"class_list":["post-97","page","type-page","status-publish","hentry"],"aioseo_notices":[],"_links":{"self":[{"href":"https:\/\/siliconcarbide.net\/es\/wp-json\/wp\/v2\/pages\/97","targetHints":{"allow":["GET"]}}],"collection":[{"href":"https:\/\/siliconcarbide.net\/es\/wp-json\/wp\/v2\/pages"}],"about":[{"href":"https:\/\/siliconcarbide.net\/es\/wp-json\/wp\/v2\/types\/page"}],"author":[{"embeddable":true,"href":"https:\/\/siliconcarbide.net\/es\/wp-json\/wp\/v2\/users\/1"}],"replies":[{"embeddable":true,"href":"https:\/\/siliconcarbide.net\/es\/wp-json\/wp\/v2\/comments?post=97"}],"version-history":[{"count":0,"href":"https:\/\/siliconcarbide.net\/es\/wp-json\/wp\/v2\/pages\/97\/revisions"}],"wp:attachment":[{"href":"https:\/\/siliconcarbide.net\/es\/wp-json\/wp\/v2\/media?parent=97"}],"curies":[{"name":"wp","href":"https:\/\/api.w.org\/{rel}","templated":true}]}}