{"id":9,"date":"2013-08-25T11:29:05","date_gmt":"2013-08-25T03:29:05","guid":{"rendered":"http:\/\/siliconcarbide.net\/?page_id=9"},"modified":"2022-01-23T13:32:48","modified_gmt":"2022-01-23T05:32:48","slug":"acerca-de","status":"publish","type":"page","link":"https:\/\/siliconcarbide.net\/es\/about\/","title":{"rendered":"Acerca de"},"content":{"rendered":"<p>El carburo de silicio es un material artificial fabricado mediante el calentamiento de arena de s\u00edlice y carbono a altas temperaturas en la t\u00e9cnica de horno. El carburo de silicio es un material extremadamente duro (dureza Mohs 9), es qu\u00edmicamente inerte y no se funde. El carburo de silicio es un material extremadamente duro (dureza Mohs 9), qu\u00edmicamente inerte y que no se funde. El carburo de silicio tiene una alta conductividad t\u00e9rmica, un bajo coeficiente de expansi\u00f3n t\u00e9rmica, es resistente a los choques t\u00e9rmicos y a la abrasi\u00f3n y tiene resistencia a altas temperaturas. El carburo de silicio tiene una alta conductividad t\u00e9rmica, un bajo coeficiente de expansi\u00f3n t\u00e9rmica, es resistente a los choques t\u00e9rmicos y a la abrasi\u00f3n, y es fuerte a altas temperaturas. Su cualquier comentario es el mayor apoyo para nosotros. El control de calidad constante durante la fabricaci\u00f3n es la garant\u00eda de la buena calidad y de la satisfacci\u00f3n de nuestros clientes. El cumplimiento de las especificaciones y dibujos de nuestros clientes son la base de nuestro control de calidad. Utilizamos muchos medios y equipos para inspeccionar los productos. Almacenamos los datos de calidad con fines de trazabilidad. Nos complacer\u00e1 recibir su consulta, incluidos sus requisitos y comentarios.<\/p>\n<p><a href=\"http:\/\/siliconcarbide.net\/wp-content\/uploads\/2013\/08\/sisic-ceramic.jpg\"><img decoding=\"async\" class=\"size-full wp-image-280 aligncenter lazyload\" data-src=\"http:\/\/siliconcarbide.net\/wp-content\/uploads\/2013\/08\/sisic-ceramic.jpg\" alt=\"cer\u00e1mica s\u00edsica\" width=\"853\" height=\"640\" data-srcset=\"https:\/\/siliconcarbide.net\/wp-content\/uploads\/2013\/08\/sisic-ceramic.jpg 853w, https:\/\/siliconcarbide.net\/wp-content\/uploads\/2013\/08\/sisic-ceramic-300x225.jpg 300w, https:\/\/siliconcarbide.net\/wp-content\/uploads\/2013\/08\/sisic-ceramic-768x576.jpg 768w\" data-sizes=\"(max-width: 853px) 100vw, 853px\" src=\"data:image\/gif;base64,R0lGODlhAQABAAAAACH5BAEKAAEALAAAAAABAAEAAAICTAEAOw==\" style=\"--smush-placeholder-width: 853px; --smush-placeholder-aspect-ratio: 853\/640;\" \/><\/a><\/p>","protected":false},"excerpt":{"rendered":"<p>We are in shanghai in china,specializing in designing and supplying Silicon Carbide Ceramic,such as sintered silicon carbide ceramic,reaction bonded silicon carbide ceramic.We encourage you to discuss your project with us early to avoid difficult problems later.We will specify benefits of each material and discuss various processing techniques which is suitable.Silicon carbide is a man-made material [&hellip;]<\/p>\n","protected":false},"author":1,"featured_media":0,"parent":0,"menu_order":0,"comment_status":"closed","ping_status":"closed","template":"","meta":{"ngg_post_thumbnail":0,"footnotes":""},"class_list":["post-9","page","type-page","status-publish","hentry"],"aioseo_notices":[],"_links":{"self":[{"href":"https:\/\/siliconcarbide.net\/es\/wp-json\/wp\/v2\/pages\/9","targetHints":{"allow":["GET"]}}],"collection":[{"href":"https:\/\/siliconcarbide.net\/es\/wp-json\/wp\/v2\/pages"}],"about":[{"href":"https:\/\/siliconcarbide.net\/es\/wp-json\/wp\/v2\/types\/page"}],"author":[{"embeddable":true,"href":"https:\/\/siliconcarbide.net\/es\/wp-json\/wp\/v2\/users\/1"}],"replies":[{"embeddable":true,"href":"https:\/\/siliconcarbide.net\/es\/wp-json\/wp\/v2\/comments?post=9"}],"version-history":[{"count":4,"href":"https:\/\/siliconcarbide.net\/es\/wp-json\/wp\/v2\/pages\/9\/revisions"}],"predecessor-version":[{"id":484,"href":"https:\/\/siliconcarbide.net\/es\/wp-json\/wp\/v2\/pages\/9\/revisions\/484"}],"wp:attachment":[{"href":"https:\/\/siliconcarbide.net\/es\/wp-json\/wp\/v2\/media?parent=9"}],"curies":[{"name":"wp","href":"https:\/\/api.w.org\/{rel}","templated":true}]}}