{"id":79,"date":"2014-11-30T20:29:59","date_gmt":"2014-11-30T12:29:59","guid":{"rendered":"http:\/\/siliconcarbide.net\/?page_id=79"},"modified":"2018-03-28T21:32:54","modified_gmt":"2018-03-28T13:32:54","slug":"tubos-de-aire-de-refrigeracion-sisic","status":"publish","type":"page","link":"https:\/\/siliconcarbide.net\/es\/sisic-cooling-air-pipes\/","title":{"rendered":"SISIC Refrigeraci\u00f3n Tubos de aire"},"content":{"rendered":"<p>\n\t<a href=\"http:\/\/siliconcarbide.net\/es\/tubos-de-aire-de-refrigeracion-sisic\/\">Carburo de silicio ligado por reacci\u00f3n<\/a>, tambi\u00e9n conocido como carburo de silicio siliconizado o SiSiC, es un tipo de silicio que se fabrica mediante una reacci\u00f3n qu\u00edmica entre carbono poroso o grafito con silicio fundido.\n<\/p>\n<p>\n\tLos tubos de aire de enfriamiento SISIC se utilizan para la zona de enfriamiento de los hornos de solera de rodillos. Este tipo de tubo de carburo de silicio muestra un excelente rendimiento en el enfriamiento r\u00e1pido y no hay deformaciones incluso en la aplicaci\u00f3n a largo plazo de este tipo de tubo. La vida \u00fatil de estos tubos de carburo de silicio es m\u00e1s de 10 veces superior a la de los tubos de acero inoxidable.\n<\/p>\n<p>\n\t<a href=\"http:\/\/siliconcarbide.net\/wp-content\/uploads\/2014\/11\/SISIC-Cooling-Air-pipes.jpg\"><img decoding=\"async\" alt=\"SISIC Refrigeraci\u00f3n Tubos de aire\" class=\"alignnone size-full wp-image-80 lazyload\" height=\"350\" data-src=\"http:\/\/siliconcarbide.net\/wp-content\/uploads\/2014\/11\/SISIC-Cooling-Air-pipes.jpg\" width=\"500\" data-srcset=\"https:\/\/siliconcarbide.net\/wp-content\/uploads\/2014\/11\/SISIC-Cooling-Air-pipes.jpg 500w, https:\/\/siliconcarbide.net\/wp-content\/uploads\/2014\/11\/SISIC-Cooling-Air-pipes-300x210.jpg 300w\" data-sizes=\"(max-width: 500px) 100vw, 500px\" src=\"data:image\/gif;base64,R0lGODlhAQABAAAAACH5BAEKAAEALAAAAAABAAEAAAICTAEAOw==\" style=\"--smush-placeholder-width: 500px; --smush-placeholder-aspect-ratio: 500\/350;\" \/><\/a>\n<\/p>\n<p>\n\t&nbsp;<\/p>","protected":false},"excerpt":{"rendered":"<p>Reaction bonded silicon carbide, also known as siliconized silicon carbide or SiSiC, is a type of sic that is manufactured by a chemical reaction between porous carbon or graphite with molten silicon. SISIC Cooling Air pipes&nbsp;are used for the cooling area of roller hearth kilns.This kind silicon carbide pipe display excellent performance in rapid cooling.And [&hellip;]<\/p>\n","protected":false},"author":1,"featured_media":0,"parent":0,"menu_order":0,"comment_status":"closed","ping_status":"open","template":"","meta":{"ngg_post_thumbnail":0,"footnotes":""},"class_list":["post-79","page","type-page","status-publish","hentry"],"aioseo_notices":[],"_links":{"self":[{"href":"https:\/\/siliconcarbide.net\/es\/wp-json\/wp\/v2\/pages\/79","targetHints":{"allow":["GET"]}}],"collection":[{"href":"https:\/\/siliconcarbide.net\/es\/wp-json\/wp\/v2\/pages"}],"about":[{"href":"https:\/\/siliconcarbide.net\/es\/wp-json\/wp\/v2\/types\/page"}],"author":[{"embeddable":true,"href":"https:\/\/siliconcarbide.net\/es\/wp-json\/wp\/v2\/users\/1"}],"replies":[{"embeddable":true,"href":"https:\/\/siliconcarbide.net\/es\/wp-json\/wp\/v2\/comments?post=79"}],"version-history":[{"count":0,"href":"https:\/\/siliconcarbide.net\/es\/wp-json\/wp\/v2\/pages\/79\/revisions"}],"wp:attachment":[{"href":"https:\/\/siliconcarbide.net\/es\/wp-json\/wp\/v2\/media?parent=79"}],"curies":[{"name":"wp","href":"https:\/\/api.w.org\/{rel}","templated":true}]}}