{"id":75,"date":"2014-01-09T20:39:18","date_gmt":"2014-01-09T12:39:18","guid":{"rendered":"http:\/\/siliconcarbide.net\/?page_id=75"},"modified":"2021-06-15T15:43:37","modified_gmt":"2021-06-15T07:43:37","slug":"sic-vigas-transversales","status":"publish","type":"page","link":"https:\/\/siliconcarbide.net\/es\/sic-cross-beams\/","title":{"rendered":"Travesa\u00f1os SIC"},"content":{"rendered":"<p>Las vigas de carburo de silicio trabajan a 1380 C, los par\u00e1metros t\u00e9cnicos de la viga transversal permanecen inalterados. Las vigas de carburo de silicio tienen una alta resistencia, alta dureza, resistencia a altas temperaturas, resistencia al desgaste, resistencia a la corrosi\u00f3n, resistencia a la oxidaci\u00f3n, resistencia al calor, buena resistencia al choque t\u00e9rmico, buena conductividad t\u00e9rmica y alta eficiencia t\u00e9rmica.Las vigas de carburo de silicio se utilizan para los sistemas de estructura de carga de hornos de t\u00fanel, hornos de lanzadera y muchos otros hornos industriales. Las vigas de carburo de silicio tienen una mayor resistencia y no se deforman incluso a temperaturas muy altas.<!--more-->Adem\u00e1s, este tipo de estantes de carburo de silicio presentan una larga vida operativa. Las vigas cer\u00e1micas de carburo de silicio aglomerado por reacci\u00f3n son los muebles de horno m\u00e1s adecuados para aplicaciones de porcelana sanitaria y el\u00e9ctrica. <a href=\"http:\/\/siliconcarbide.net\/es\/carburo-de-silicio-ligado-por-reaccion\/sic-vigas-transversales\/\">Haz SiSiC<\/a> tiene una excelente conductividad t\u00e9rmica, por lo que est\u00e1 disponible para ahorrar energy.we puede hacer sisic viga de acuerdo a su requisito.<\/p>\n<p><a href=\"http:\/\/siliconcarbide.net\/wp-content\/uploads\/2014\/01\/silicon-carbide-ceramic-Cross-Beams.jpg\"><img decoding=\"async\" class=\"alignnone size-full wp-image-74 lazyload\" data-src=\"http:\/\/siliconcarbide.net\/wp-content\/uploads\/2014\/01\/silicon-carbide-ceramic-Cross-Beams.jpg\" alt=\"Vigas transversales cer\u00e1micas de carburo de silicio\" width=\"350\" height=\"209\" data-srcset=\"https:\/\/siliconcarbide.net\/wp-content\/uploads\/2014\/01\/silicon-carbide-ceramic-Cross-Beams.jpg 350w, https:\/\/siliconcarbide.net\/wp-content\/uploads\/2014\/01\/silicon-carbide-ceramic-Cross-Beams-300x179.jpg 300w\" data-sizes=\"(max-width: 350px) 100vw, 350px\" src=\"data:image\/gif;base64,R0lGODlhAQABAAAAACH5BAEKAAEALAAAAAABAAEAAAICTAEAOw==\" style=\"--smush-placeholder-width: 350px; --smush-placeholder-aspect-ratio: 350\/209;\" \/><\/a><\/p>","protected":false},"excerpt":{"rendered":"<p>sisic beam has high bearing capacity at high temperature, long-term use without bending deformation.silicon carbide beams works at 1380 C,technical parameters of the cross beam remain unchanged.sisic beam has high strength, high hardness, high temperature resistance, wear resistance, corrosion resistance, oxidation resistance, heat resistance, good thermal shock resistance, good thermal conductivity and high thermal efficiency.sic [&hellip;]<\/p>\n","protected":false},"author":1,"featured_media":0,"parent":0,"menu_order":0,"comment_status":"closed","ping_status":"open","template":"","meta":{"ngg_post_thumbnail":0,"footnotes":""},"class_list":["post-75","page","type-page","status-publish","hentry"],"aioseo_notices":[],"_links":{"self":[{"href":"https:\/\/siliconcarbide.net\/es\/wp-json\/wp\/v2\/pages\/75","targetHints":{"allow":["GET"]}}],"collection":[{"href":"https:\/\/siliconcarbide.net\/es\/wp-json\/wp\/v2\/pages"}],"about":[{"href":"https:\/\/siliconcarbide.net\/es\/wp-json\/wp\/v2\/types\/page"}],"author":[{"embeddable":true,"href":"https:\/\/siliconcarbide.net\/es\/wp-json\/wp\/v2\/users\/1"}],"replies":[{"embeddable":true,"href":"https:\/\/siliconcarbide.net\/es\/wp-json\/wp\/v2\/comments?post=75"}],"version-history":[{"count":0,"href":"https:\/\/siliconcarbide.net\/es\/wp-json\/wp\/v2\/pages\/75\/revisions"}],"wp:attachment":[{"href":"https:\/\/siliconcarbide.net\/es\/wp-json\/wp\/v2\/media?parent=75"}],"curies":[{"name":"wp","href":"https:\/\/api.w.org\/{rel}","templated":true}]}}