{"id":115,"date":"2015-07-11T16:14:30","date_gmt":"2015-07-11T08:14:30","guid":{"rendered":"http:\/\/siliconcarbide.net\/?page_id=115"},"modified":"2016-11-29T23:55:08","modified_gmt":"2016-11-29T15:55:08","slug":"galeria","status":"publish","type":"page","link":"https:\/\/siliconcarbide.net\/es\/gallery\/","title":{"rendered":"Galer\u00eda"},"content":{"rendered":"<p>\n\tPor favor, vea las fotos de la cer\u00e1mica de carburo de silicio aglomerado por reacci\u00f3n,puede ver el polvo de silicio en la superficie.Eliminaremos el polvo de silicio.\n<\/p>\n<p>\n\t<strong>ngg_shortcode_0_placeholder<\/strong>\n<\/p>\n<p>\n\t&nbsp;\n<\/p>\n<p>\n\tPor favor, encuentre fotos de cer\u00e1mica de carburo de silicio sinterizado, tambi\u00e9n llamado SSiC.La funci\u00f3n es mejor que la reacci\u00f3n en condiciones de servidumbre sic.But precio para ssic es mayor.\n<\/p>\n<p>\n\t<strong>ngg_shortcode_1_placeholder<\/strong>\n<\/p>\n<p>\n\t&nbsp;\n<\/p>\n<p>\n\t&nbsp;<\/p>","protected":false},"excerpt":{"rendered":"<p>Por favor, vea las fotos de la cer\u00e1mica de carburo de silicio aglomerado por reacci\u00f3n, puede ver el polvo de silicio en la superficie.   Please encontrar fotos de cer\u00e1mica de carburo de silicio sinterizado, tambi\u00e9n llamado SSiC.The funci\u00f3n es mejor que la reacci\u00f3n en condiciones de servidumbre sic.But precio para ssic es higher. &nbsp; &nbsp;<\/p>","protected":false},"author":1,"featured_media":0,"parent":0,"menu_order":0,"comment_status":"closed","ping_status":"open","template":"page-full.php","meta":{"ngg_post_thumbnail":0,"footnotes":""},"class_list":["post-115","page","type-page","status-publish","hentry"],"aioseo_notices":[],"_links":{"self":[{"href":"https:\/\/siliconcarbide.net\/es\/wp-json\/wp\/v2\/pages\/115","targetHints":{"allow":["GET"]}}],"collection":[{"href":"https:\/\/siliconcarbide.net\/es\/wp-json\/wp\/v2\/pages"}],"about":[{"href":"https:\/\/siliconcarbide.net\/es\/wp-json\/wp\/v2\/types\/page"}],"author":[{"embeddable":true,"href":"https:\/\/siliconcarbide.net\/es\/wp-json\/wp\/v2\/users\/1"}],"replies":[{"embeddable":true,"href":"https:\/\/siliconcarbide.net\/es\/wp-json\/wp\/v2\/comments?post=115"}],"version-history":[{"count":0,"href":"https:\/\/siliconcarbide.net\/es\/wp-json\/wp\/v2\/pages\/115\/revisions"}],"wp:attachment":[{"href":"https:\/\/siliconcarbide.net\/es\/wp-json\/wp\/v2\/media?parent=115"}],"curies":[{"name":"wp","href":"https:\/\/api.w.org\/{rel}","templated":true}]}}