{"id":97,"date":"2015-01-11T18:02:03","date_gmt":"2015-01-11T10:02:03","guid":{"rendered":"http:\/\/siliconcarbide.net\/?page_id=97"},"modified":"2017-10-12T08:15:26","modified_gmt":"2017-10-12T00:15:26","slug":"qualitatskontrolle","status":"publish","type":"page","link":"https:\/\/siliconcarbide.net\/de\/quality-control\/","title":{"rendered":"Qualit\u00e4tskontrolle"},"content":{"rendered":"<p>\n\tDie st\u00e4ndige Qualit\u00e4tskontrolle w\u00e4hrend der Fertigung ist die Garantie f\u00fcr die gute Qualit\u00e4t und f\u00fcr die Zufriedenheit unserer Kunden. Die Einhaltung der Spezifikationen und Zeichnungen unserer Kunden sind die Grundlage unserer Qualit\u00e4tskontrolle. Wir verwenden viele Mittel und Ausr\u00fcstungen, um unsere Produkte zu pr\u00fcfen. Au\u00dferdem kontrollieren wir jeden Produktionsschritt und speichern die Daten zur R\u00fcckverfolgbarkeit.\n<\/p>\n<p>\n\t<!--more-->\n<\/p>\n<p>\n\tbei der Auswahl des geeigneten Materials bereits in der fr\u00fchen Entwurfsphase<br \/>\n\tbei der Auswahl des kosteneffizientesten Herstellungsweges<br \/>\n\tbei der Bereitstellung hoher Qualit\u00e4tsstandards f\u00fcr unseren Kundenservice und unsere Produkte<br \/>\n\tbei der Gew\u00e4hrleistung der vollst\u00e4ndigen R\u00fcckverfolgbarkeit unserer Prozesse<br \/>\n\tund die kontinuierliche Steigerung der Effizienz unseres Qualit\u00e4tssystems ist eine Regel\n<\/p>\n<p>\n\tWir entwerfen, entwickeln und fertigen unsere eigene Siliziumkarbid-Keramik, die hervorragende Leistungen f\u00fcr eine Vielzahl von Anwendungen mit extremem Abrieb, Korrosion, hohen Temperaturen und Temperaturschocks bietet. Unsere Siliziumkarbidkeramik bietet die folgenden Vorteile:<br \/>\n\tMaterialformulierung durch statistisch konzipierte Methoden.<br \/>\n\tAusschlie\u00dfliche Verwendung von Rohstoffen von gleichbleibend hoher Qualit\u00e4t.<br \/>\n\tEigener Formenbau, intern entwickelt, mehrere Materialien, einschlie\u00dflich Rapid Prototyping, CNC-Fr\u00e4smaschinen.<br \/>\n\tEigene Werkzeugherstellung f\u00fcr gleichbleibend hohe Qualit\u00e4t und Flexibilit\u00e4t.<br \/>\n\tProzesskontrollen und \u00dcberwachungsdetails w\u00e4hrend des gesamten Herstellungsprozesses.<br \/>\n\tOfenkontrollen zur Optimierung der Brennkonstanz und der Haltezeit und andere; die \u00dcberpr\u00fcfung der Ergebnisse wird f\u00fcr jeden abgeschlossenen Zyklus \u00fcberwacht.\n<\/p>\n<p>\n\tHier finden Sie die Indikatoren f\u00fcr reaktionsgebundene Siliziumkarbidkeramik\n<\/p>\n<p>\n\t<a href=\"http:\/\/siliconcarbide.net\/wp-content\/uploads\/2015\/01\/Reaction-Bonded-silicon-carbide-ceramic-indicator.pdf\">Reaktionsgebundener Siliziumkarbid-Keramik-Indikator<\/a>(PDF-Datei)\n<\/p>\n<p>\n\tHier finden Sie die Indikatoren f\u00fcr gesinterte Siliziumkarbid-Keramik\n<\/p>\n<p>\n\t<a href=\"http:\/\/siliconcarbide.net\/wp-content\/uploads\/2015\/01\/Sintered-Silicon-Carbide-Ceramic-indicator.pdf\">Gesinterter Siliziumkarbid-Keramik-Indikator<\/a>(PDF-Datei)\n<\/p>\n<p>\n\t<a href=\"http:\/\/siliconcarbide.net\/wp-content\/uploads\/2015\/01\/reaction-bonded-silicon-carbide.jpg\"><img decoding=\"async\" alt=\"reaktionsgebundenes Siliziumkarbid\" class=\"alignnone size-full wp-image-271 lazyload\" height=\"824\" data-src=\"http:\/\/siliconcarbide.net\/wp-content\/uploads\/2015\/01\/reaction-bonded-silicon-carbide.jpg\" width=\"628\" src=\"data:image\/gif;base64,R0lGODlhAQABAAAAACH5BAEKAAEALAAAAAABAAEAAAICTAEAOw==\" style=\"--smush-placeholder-width: 628px; --smush-placeholder-aspect-ratio: 628\/824;\" \/><\/a>\n<\/p>\n<p>\n\t<a href=\"http:\/\/siliconcarbide.net\/wp-content\/uploads\/2015\/01\/silicon-carbide-ceramic-function.jpg\"><img decoding=\"async\" alt=\"Siliziumkarbid-Keramik-Funktion\" class=\"alignnone size-full wp-image-220 lazyload\" height=\"602\" data-src=\"http:\/\/siliconcarbide.net\/wp-content\/uploads\/2015\/01\/silicon-carbide-ceramic-function.jpg\" width=\"617\" src=\"data:image\/gif;base64,R0lGODlhAQABAAAAACH5BAEKAAEALAAAAAABAAEAAAICTAEAOw==\" style=\"--smush-placeholder-width: 617px; --smush-placeholder-aspect-ratio: 617\/602;\" \/><\/a><\/p>","protected":false},"excerpt":{"rendered":"<p>The constant quality control during manufacturing is the guarantee for the good quality and for the satisfaction of our customer. Meeting the specifications and drawings of our customers are the basis of our quality control. We use many ways and equipment to inspect for products. Also we control every step for producing.We will store&nbsp; data [&hellip;]<\/p>\n","protected":false},"author":1,"featured_media":0,"parent":0,"menu_order":0,"comment_status":"closed","ping_status":"open","template":"","meta":{"ngg_post_thumbnail":0,"footnotes":""},"class_list":["post-97","page","type-page","status-publish","hentry"],"aioseo_notices":[],"_links":{"self":[{"href":"https:\/\/siliconcarbide.net\/de\/wp-json\/wp\/v2\/pages\/97","targetHints":{"allow":["GET"]}}],"collection":[{"href":"https:\/\/siliconcarbide.net\/de\/wp-json\/wp\/v2\/pages"}],"about":[{"href":"https:\/\/siliconcarbide.net\/de\/wp-json\/wp\/v2\/types\/page"}],"author":[{"embeddable":true,"href":"https:\/\/siliconcarbide.net\/de\/wp-json\/wp\/v2\/users\/1"}],"replies":[{"embeddable":true,"href":"https:\/\/siliconcarbide.net\/de\/wp-json\/wp\/v2\/comments?post=97"}],"version-history":[{"count":0,"href":"https:\/\/siliconcarbide.net\/de\/wp-json\/wp\/v2\/pages\/97\/revisions"}],"wp:attachment":[{"href":"https:\/\/siliconcarbide.net\/de\/wp-json\/wp\/v2\/media?parent=97"}],"curies":[{"name":"wp","href":"https:\/\/api.w.org\/{rel}","templated":true}]}}