{"id":9,"date":"2013-08-25T11:29:05","date_gmt":"2013-08-25T03:29:05","guid":{"rendered":"http:\/\/siliconcarbide.net\/?page_id=9"},"modified":"2022-01-23T13:32:48","modified_gmt":"2022-01-23T05:32:48","slug":"uber","status":"publish","type":"page","link":"https:\/\/siliconcarbide.net\/de\/about\/","title":{"rendered":"\u00dcber"},"content":{"rendered":"<p>Wir sind in Shanghai in China, spezialisiert auf die Entwicklung und Lieferung von Siliziumkarbid-Keramik, wie gesinterte Siliziumkarbid-Keramik, reaktionsgebundene Siliziumkarbid-Keramik.Wir ermutigen Sie, Ihr Projekt mit uns fr\u00fch zu diskutieren, um schwierige Probleme sp\u00e4ter zu vermeiden.Wir werden die Vorteile jedes Materials angeben und verschiedene Verarbeitungstechniken diskutieren, die geeignet ist.Siliziumkarbid ist ein k\u00fcnstliches Material durch Erhitzen von Quarzsand und Kohlenstoff auf hohe Temperaturen in der Ofentechnik hergestellt. Siliciumcarbid ist ein extrem hartes Material (Mohs-H\u00e4rte 9), chemisch inert und schmilzt nicht. Siliciumcarbid hat eine hohe W\u00e4rmeleitf\u00e4higkeit, einen niedrigen W\u00e4rmeausdehnungskoeffizienten, ist temperaturwechselbest\u00e4ndig, abriebfest und hat eine hohe Festigkeit bei hohen Temperaturen. Die vielf\u00e4ltigen Eigenschaften von Siliziumkarbid machen es zu einem effektiven Material f\u00fcr viele verschiedene Anwendungen. Sie nennen uns Ihre Anforderungen, wir entwickeln und liefern das beste Produkt f\u00fcr Sie. Ihre Kommentare sind die gr\u00f6\u00dfte Unterst\u00fctzung f\u00fcr uns. Die st\u00e4ndige Qualit\u00e4tskontrolle w\u00e4hrend der Herstellung ist die Garantie f\u00fcr die gute Qualit\u00e4t und f\u00fcr die Zufriedenheit unserer Kunden. Die Erf\u00fcllung der Spezifikationen und Zeichnungen unserer Kunden sind die Grundlage unserer Qualit\u00e4tskontrolle. Wir verwenden viele Mittel und Ausr\u00fcstungen, um unsere Produkte zu pr\u00fcfen. Die Qualit\u00e4tsdaten werden von uns zur R\u00fcckverfolgbarkeit gespeichert. Wir freuen uns auf Ihre Anfrage mit Ihren Anforderungen und Kommentaren!<\/p>\n<p><a href=\"http:\/\/siliconcarbide.net\/wp-content\/uploads\/2013\/08\/sisic-ceramic.jpg\"><img decoding=\"async\" class=\"size-full wp-image-280 aligncenter lazyload\" data-src=\"http:\/\/siliconcarbide.net\/wp-content\/uploads\/2013\/08\/sisic-ceramic.jpg\" alt=\"sisische Keramik\" width=\"853\" height=\"640\" data-srcset=\"https:\/\/siliconcarbide.net\/wp-content\/uploads\/2013\/08\/sisic-ceramic.jpg 853w, https:\/\/siliconcarbide.net\/wp-content\/uploads\/2013\/08\/sisic-ceramic-300x225.jpg 300w, https:\/\/siliconcarbide.net\/wp-content\/uploads\/2013\/08\/sisic-ceramic-768x576.jpg 768w\" data-sizes=\"(max-width: 853px) 100vw, 853px\" src=\"data:image\/gif;base64,R0lGODlhAQABAAAAACH5BAEKAAEALAAAAAABAAEAAAICTAEAOw==\" style=\"--smush-placeholder-width: 853px; --smush-placeholder-aspect-ratio: 853\/640;\" \/><\/a><\/p>","protected":false},"excerpt":{"rendered":"<p>We are in shanghai in china,specializing in designing and supplying Silicon Carbide Ceramic,such as sintered silicon carbide ceramic,reaction bonded silicon carbide ceramic.We encourage you to discuss your project with us early to avoid difficult problems later.We will specify benefits of each material and discuss various processing techniques which is suitable.Silicon carbide is a man-made material [&hellip;]<\/p>\n","protected":false},"author":1,"featured_media":0,"parent":0,"menu_order":0,"comment_status":"closed","ping_status":"closed","template":"","meta":{"ngg_post_thumbnail":0,"footnotes":""},"class_list":["post-9","page","type-page","status-publish","hentry"],"aioseo_notices":[],"_links":{"self":[{"href":"https:\/\/siliconcarbide.net\/de\/wp-json\/wp\/v2\/pages\/9","targetHints":{"allow":["GET"]}}],"collection":[{"href":"https:\/\/siliconcarbide.net\/de\/wp-json\/wp\/v2\/pages"}],"about":[{"href":"https:\/\/siliconcarbide.net\/de\/wp-json\/wp\/v2\/types\/page"}],"author":[{"embeddable":true,"href":"https:\/\/siliconcarbide.net\/de\/wp-json\/wp\/v2\/users\/1"}],"replies":[{"embeddable":true,"href":"https:\/\/siliconcarbide.net\/de\/wp-json\/wp\/v2\/comments?post=9"}],"version-history":[{"count":4,"href":"https:\/\/siliconcarbide.net\/de\/wp-json\/wp\/v2\/pages\/9\/revisions"}],"predecessor-version":[{"id":484,"href":"https:\/\/siliconcarbide.net\/de\/wp-json\/wp\/v2\/pages\/9\/revisions\/484"}],"wp:attachment":[{"href":"https:\/\/siliconcarbide.net\/de\/wp-json\/wp\/v2\/media?parent=9"}],"curies":[{"name":"wp","href":"https:\/\/api.w.org\/{rel}","templated":true}]}}