{"id":79,"date":"2014-11-30T20:29:59","date_gmt":"2014-11-30T12:29:59","guid":{"rendered":"http:\/\/siliconcarbide.net\/?page_id=79"},"modified":"2018-03-28T21:32:54","modified_gmt":"2018-03-28T13:32:54","slug":"sisic-kuhlluftrohre","status":"publish","type":"page","link":"https:\/\/siliconcarbide.net\/de\/sisic-cooling-air-pipes\/","title":{"rendered":"SISIC K\u00fchlung Luftleitungen"},"content":{"rendered":"<p>\n\t<a href=\"http:\/\/siliconcarbide.net\/de\/sisic-kuhlluftrohre\/\">Reaktionsgebundenes Siliziumkarbid<\/a>auch bekannt als silikonisiertes Siliziumkarbid oder SiSiC, ist eine Art von Silizium, das durch eine chemische Reaktion zwischen por\u00f6sem Kohlenstoff oder Graphit und geschmolzenem Silizium hergestellt wird.\n<\/p>\n<p>\n\tSISIC-K\u00fchlluftrohre werden f\u00fcr den K\u00fchlbereich von Rollenherd\u00f6fen verwendet. Diese Art von Siliziumkarbidrohr zeigt eine hervorragende Leistung bei der schnellen K\u00fchlung, und es gibt keine Verformungen, selbst bei langfristiger Anwendung f\u00fcr diese Art von Rohr. Die Lebensdauer dieser Art von Siliziumkarbidrohren ist mehr als 10 Mal so hoch wie die von Edelstahlrohren.\n<\/p>\n<p>\n\t<a href=\"http:\/\/siliconcarbide.net\/wp-content\/uploads\/2014\/11\/SISIC-Cooling-Air-pipes.jpg\"><img decoding=\"async\" alt=\"SISIC K\u00fchlung Luftleitungen\" class=\"alignnone size-full wp-image-80 lazyload\" height=\"350\" data-src=\"http:\/\/siliconcarbide.net\/wp-content\/uploads\/2014\/11\/SISIC-Cooling-Air-pipes.jpg\" width=\"500\" data-srcset=\"https:\/\/siliconcarbide.net\/wp-content\/uploads\/2014\/11\/SISIC-Cooling-Air-pipes.jpg 500w, https:\/\/siliconcarbide.net\/wp-content\/uploads\/2014\/11\/SISIC-Cooling-Air-pipes-300x210.jpg 300w\" data-sizes=\"(max-width: 500px) 100vw, 500px\" src=\"data:image\/gif;base64,R0lGODlhAQABAAAAACH5BAEKAAEALAAAAAABAAEAAAICTAEAOw==\" style=\"--smush-placeholder-width: 500px; --smush-placeholder-aspect-ratio: 500\/350;\" \/><\/a>\n<\/p>\n<p>\n\t&nbsp;<\/p>","protected":false},"excerpt":{"rendered":"<p>Reaction bonded silicon carbide, also known as siliconized silicon carbide or SiSiC, is a type of sic that is manufactured by a chemical reaction between porous carbon or graphite with molten silicon. SISIC Cooling Air pipes&nbsp;are used for the cooling area of roller hearth kilns.This kind silicon carbide pipe display excellent performance in rapid cooling.And [&hellip;]<\/p>\n","protected":false},"author":1,"featured_media":0,"parent":0,"menu_order":0,"comment_status":"closed","ping_status":"open","template":"","meta":{"ngg_post_thumbnail":0,"footnotes":""},"class_list":["post-79","page","type-page","status-publish","hentry"],"aioseo_notices":[],"_links":{"self":[{"href":"https:\/\/siliconcarbide.net\/de\/wp-json\/wp\/v2\/pages\/79","targetHints":{"allow":["GET"]}}],"collection":[{"href":"https:\/\/siliconcarbide.net\/de\/wp-json\/wp\/v2\/pages"}],"about":[{"href":"https:\/\/siliconcarbide.net\/de\/wp-json\/wp\/v2\/types\/page"}],"author":[{"embeddable":true,"href":"https:\/\/siliconcarbide.net\/de\/wp-json\/wp\/v2\/users\/1"}],"replies":[{"embeddable":true,"href":"https:\/\/siliconcarbide.net\/de\/wp-json\/wp\/v2\/comments?post=79"}],"version-history":[{"count":0,"href":"https:\/\/siliconcarbide.net\/de\/wp-json\/wp\/v2\/pages\/79\/revisions"}],"wp:attachment":[{"href":"https:\/\/siliconcarbide.net\/de\/wp-json\/wp\/v2\/media?parent=79"}],"curies":[{"name":"wp","href":"https:\/\/api.w.org\/{rel}","templated":true}]}}