{"id":75,"date":"2014-01-09T20:39:18","date_gmt":"2014-01-09T12:39:18","guid":{"rendered":"http:\/\/siliconcarbide.net\/?page_id=75"},"modified":"2021-06-15T15:43:37","modified_gmt":"2021-06-15T07:43:37","slug":"sic-querbalken","status":"publish","type":"page","link":"https:\/\/siliconcarbide.net\/de\/sic-cross-beams\/","title":{"rendered":"SIC-Quertr\u00e4ger"},"content":{"rendered":"<p>Siliziumkarbid-Tr\u00e4ger haben eine hohe Tragf\u00e4higkeit bei hohen Temperaturen und k\u00f6nnen langfristig ohne Biegeverformung verwendet werden. Siliziumkarbid-Tr\u00e4ger funktionieren bei 1380 \u00b0C, die technischen Parameter des Quertr\u00e4gers bleiben unver\u00e4ndert.Die aus reaktionsgebundenem Siliziumkarbid hergestellten Tr\u00e4ger werden f\u00fcr die Ladestrukturen von Tunnel\u00f6fen, Herdwagen\u00f6fen und vielen anderen Industrie\u00f6fen verwendet. Die Tr\u00e4ger aus Siliziumkarbid haben eine h\u00f6here Festigkeit und weisen auch bei sehr hohen Temperaturen keine Verformungen auf.<!--more-->Und auch diese Art von Siliziumkarbidb\u00f6den weisen eine lange Lebensdauer auf. Reaktionsgebundene Siliziumkarbid-Keramikbalken sind die am besten geeigneten Brennhilfsmittel f\u00fcr Sanit\u00e4r- und Elektroporzellananwendungen. <a href=\"http:\/\/siliconcarbide.net\/de\/reaktionsgebundenes-siliziumkarbid\/sic-querbalken\/\">SiSiC-Strahl<\/a> hat eine ausgezeichnete W\u00e4rmeleitf\u00e4higkeit, so dass es zur Verf\u00fcgung, um Energie zu sparen.wir k\u00f6nnen sisic Strahl nach Ihren Anforderungen zu machen.<\/p>\n<p><a href=\"http:\/\/siliconcarbide.net\/wp-content\/uploads\/2014\/01\/silicon-carbide-ceramic-Cross-Beams.jpg\"><img decoding=\"async\" class=\"alignnone size-full wp-image-74 lazyload\" data-src=\"http:\/\/siliconcarbide.net\/wp-content\/uploads\/2014\/01\/silicon-carbide-ceramic-Cross-Beams.jpg\" alt=\"Siliziumkarbid-Keramik-Quertr\u00e4ger\" width=\"350\" height=\"209\" data-srcset=\"https:\/\/siliconcarbide.net\/wp-content\/uploads\/2014\/01\/silicon-carbide-ceramic-Cross-Beams.jpg 350w, https:\/\/siliconcarbide.net\/wp-content\/uploads\/2014\/01\/silicon-carbide-ceramic-Cross-Beams-300x179.jpg 300w\" data-sizes=\"(max-width: 350px) 100vw, 350px\" src=\"data:image\/gif;base64,R0lGODlhAQABAAAAACH5BAEKAAEALAAAAAABAAEAAAICTAEAOw==\" style=\"--smush-placeholder-width: 350px; --smush-placeholder-aspect-ratio: 350\/209;\" \/><\/a><\/p>","protected":false},"excerpt":{"rendered":"<p>sisic beam has high bearing capacity at high temperature, long-term use without bending deformation.silicon carbide beams works at 1380 C,technical parameters of the cross beam remain unchanged.sisic beam has high strength, high hardness, high temperature resistance, wear resistance, corrosion resistance, oxidation resistance, heat resistance, good thermal shock resistance, good thermal conductivity and high thermal efficiency.sic [&hellip;]<\/p>\n","protected":false},"author":1,"featured_media":0,"parent":0,"menu_order":0,"comment_status":"closed","ping_status":"open","template":"","meta":{"ngg_post_thumbnail":0,"footnotes":""},"class_list":["post-75","page","type-page","status-publish","hentry"],"aioseo_notices":[],"_links":{"self":[{"href":"https:\/\/siliconcarbide.net\/de\/wp-json\/wp\/v2\/pages\/75","targetHints":{"allow":["GET"]}}],"collection":[{"href":"https:\/\/siliconcarbide.net\/de\/wp-json\/wp\/v2\/pages"}],"about":[{"href":"https:\/\/siliconcarbide.net\/de\/wp-json\/wp\/v2\/types\/page"}],"author":[{"embeddable":true,"href":"https:\/\/siliconcarbide.net\/de\/wp-json\/wp\/v2\/users\/1"}],"replies":[{"embeddable":true,"href":"https:\/\/siliconcarbide.net\/de\/wp-json\/wp\/v2\/comments?post=75"}],"version-history":[{"count":0,"href":"https:\/\/siliconcarbide.net\/de\/wp-json\/wp\/v2\/pages\/75\/revisions"}],"wp:attachment":[{"href":"https:\/\/siliconcarbide.net\/de\/wp-json\/wp\/v2\/media?parent=75"}],"curies":[{"name":"wp","href":"https:\/\/api.w.org\/{rel}","templated":true}]}}