{"id":97,"date":"2015-01-11T18:02:03","date_gmt":"2015-01-11T10:02:03","guid":{"rendered":"http:\/\/siliconcarbide.net\/?page_id=97"},"modified":"2017-10-12T08:15:26","modified_gmt":"2017-10-12T00:15:26","slug":"kvalitetskontrol","status":"publish","type":"page","link":"https:\/\/siliconcarbide.net\/da\/quality-control\/","title":{"rendered":"Kvalitetskontrol"},"content":{"rendered":"<p>\n\tDen konstante kvalitetskontrol under produktionen er en garanti for god kvalitet og for vores kunders tilfredshed. Opfyldelse af vores kunders specifikationer og tegninger er grundlaget for vores kvalitetskontrol. Vi bruger mange metoder og udstyr til at inspicere vores produkter. Vi kontrollerer ogs\u00e5 hvert trin i produktionen og gemmer data til sporbarhedsform\u00e5l.\n<\/p>\n<p>\n\t<!--more-->\n<\/p>\n<p>\n\tat v\u00e6lge det rette materiale fra den tidlige designfase<br \/>\n\tved at v\u00e6lge den mest omkostningseffektive produktionsrute<br \/>\n\tat levere h\u00f8je kvalitetsstandarder for vores kundeservice og produkter<br \/>\n\tved at garantere fuld sporbarhed af vores processer<br \/>\n\tog kontinuerligt at drive vores kvalitetssystem til h\u00f8jere effektivitet er en regel\n<\/p>\n<p>\n\tVi designer, udvikler og fremstiller vores egen siliciumcarbidkeramik for at levere en fremragende ydeevne, der opfylder en r\u00e6kke krav til ekstrem slibning, korrosion, h\u00f8je temperaturer og termisk chok. Vores siliciumcarbidkeramik har f\u00f8lgende fordele:<br \/>\n\tMaterialeformulering ved hj\u00e6lp af statistisk designede metoder.<br \/>\n\tEksklusiv brug af ensartede r\u00e5varer af h\u00f8j kvalitet.<br \/>\n\tIn-house formfremstilling, internt udviklet, flere materialer, herunder hurtig prototyping, CNC-fr\u00e6sningsudstyr.<br \/>\n\tIn-house arbejdsredskaber for ensartet h\u00f8j kvalitet og fleksibilitet.<br \/>\n\tProceskontrol og overv\u00e5gningsdetaljer gennem hele produktionsforl\u00f8bet.<br \/>\n\tOvnkontroller, der optimerer br\u00e6ndingen og holdetiden m.m.; verifikation af resultaterne overv\u00e5ges for hver afsluttet cyklus.\n<\/p>\n<p>\n\tFind indikatorerne for reaktionsbundet siliciumcarbidkeramik\n<\/p>\n<p>\n\t<a href=\"http:\/\/siliconcarbide.net\/wp-content\/uploads\/2015\/01\/Reaction-Bonded-silicon-carbide-ceramic-indicator.pdf\">Reaktionsbundet keramisk indikator af siliciumcarbid<\/a>(PDF-fil)\n<\/p>\n<p>\n\tFind venligst indikatorerne for Sintret siliciumkarbidkeramik\n<\/p>\n<p>\n\t<a href=\"http:\/\/siliconcarbide.net\/wp-content\/uploads\/2015\/01\/Sintered-Silicon-Carbide-Ceramic-indicator.pdf\">Sintret siliciumcarbid-keramisk indikator<\/a>(PDF-fil)\n<\/p>\n<p>\n\t<a href=\"http:\/\/siliconcarbide.net\/wp-content\/uploads\/2015\/01\/reaction-bonded-silicon-carbide.jpg\"><img decoding=\"async\" alt=\"reaktionsbundet siliciumcarbid\" class=\"alignnone size-full wp-image-271 lazyload\" height=\"824\" data-src=\"http:\/\/siliconcarbide.net\/wp-content\/uploads\/2015\/01\/reaction-bonded-silicon-carbide.jpg\" width=\"628\" src=\"data:image\/gif;base64,R0lGODlhAQABAAAAACH5BAEKAAEALAAAAAABAAEAAAICTAEAOw==\" style=\"--smush-placeholder-width: 628px; --smush-placeholder-aspect-ratio: 628\/824;\" \/><\/a>\n<\/p>\n<p>\n\t<a href=\"http:\/\/siliconcarbide.net\/wp-content\/uploads\/2015\/01\/silicon-carbide-ceramic-function.jpg\"><img decoding=\"async\" alt=\"Siliciumcarbid keramisk funktion\" class=\"alignnone size-full wp-image-220 lazyload\" height=\"602\" data-src=\"http:\/\/siliconcarbide.net\/wp-content\/uploads\/2015\/01\/silicon-carbide-ceramic-function.jpg\" width=\"617\" src=\"data:image\/gif;base64,R0lGODlhAQABAAAAACH5BAEKAAEALAAAAAABAAEAAAICTAEAOw==\" style=\"--smush-placeholder-width: 617px; --smush-placeholder-aspect-ratio: 617\/602;\" \/><\/a><\/p>","protected":false},"excerpt":{"rendered":"<p>The constant quality control during manufacturing is the guarantee for the good quality and for the satisfaction of our customer. Meeting the specifications and drawings of our customers are the basis of our quality control. We use many ways and equipment to inspect for products. Also we control every step for producing.We will store&nbsp; data [&hellip;]<\/p>\n","protected":false},"author":1,"featured_media":0,"parent":0,"menu_order":0,"comment_status":"closed","ping_status":"open","template":"","meta":{"ngg_post_thumbnail":0,"footnotes":""},"class_list":["post-97","page","type-page","status-publish","hentry"],"aioseo_notices":[],"_links":{"self":[{"href":"https:\/\/siliconcarbide.net\/da\/wp-json\/wp\/v2\/pages\/97","targetHints":{"allow":["GET"]}}],"collection":[{"href":"https:\/\/siliconcarbide.net\/da\/wp-json\/wp\/v2\/pages"}],"about":[{"href":"https:\/\/siliconcarbide.net\/da\/wp-json\/wp\/v2\/types\/page"}],"author":[{"embeddable":true,"href":"https:\/\/siliconcarbide.net\/da\/wp-json\/wp\/v2\/users\/1"}],"replies":[{"embeddable":true,"href":"https:\/\/siliconcarbide.net\/da\/wp-json\/wp\/v2\/comments?post=97"}],"version-history":[{"count":0,"href":"https:\/\/siliconcarbide.net\/da\/wp-json\/wp\/v2\/pages\/97\/revisions"}],"wp:attachment":[{"href":"https:\/\/siliconcarbide.net\/da\/wp-json\/wp\/v2\/media?parent=97"}],"curies":[{"name":"wp","href":"https:\/\/api.w.org\/{rel}","templated":true}]}}