{"id":9,"date":"2013-08-25T11:29:05","date_gmt":"2013-08-25T03:29:05","guid":{"rendered":"http:\/\/siliconcarbide.net\/?page_id=9"},"modified":"2022-01-23T13:32:48","modified_gmt":"2022-01-23T05:32:48","slug":"om","status":"publish","type":"page","link":"https:\/\/siliconcarbide.net\/da\/about\/","title":{"rendered":"Omkring"},"content":{"rendered":"<p>Vi er i Shanghai i Kina, specialiseret i design og levering af siliciumcarbidkeramik, s\u00e5som sintret siliciumcarbidkeramik, reaktionsbundet siliciumcarbidkeramik. Vi opfordrer dig til at diskutere dit projekt med os tidligt for at undg\u00e5 vanskelige problemer senere. Vi vil specificere fordelene ved hvert materiale og diskutere forskellige behandlingsteknikker, der er egnede. Siliciumcarbid er et menneskeskabt materiale fremstillet ved opvarmning af silicasand og kulstof til h\u00f8je temperaturer i ovnteknikken. Siliciumcarbid er et ekstremt h\u00e5rdt materiale (Mohs-h\u00e5rdhed 9), er kemisk inert og smelter ikke. Siliciumcarbid har en h\u00f8j varmeledningsevne, en lav varmeudvidelseskoefficient, er modstandsdygtig over for termisk chok og slid og har styrke ved h\u00f8je temperaturer. Siliciumcarbids varierede egenskaber g\u00f8r det til et effektivt materiale i mange forskellige applikationer. Du fort\u00e6ller os dit krav, vi affedter og leverer det bedste produkt til dig. Dine eventuelle kommentarer er den mest st\u00f8tte for os. Forbedringen vil aldrig ende. Velkommen til din foresp\u00f8rgsel inklusive krav! Den konstante kvalitetskontrol under fremstillingen er garantien for den gode kvalitet og for vores kundes tilfredshed. Opfyldelse af vores kunders specifikationer og tegninger er grundlaget for vores kvalitetskontrol. Vi bruger mange m\u00e5der og udstyr til at inspicere produkter. Vi kontrollerer ogs\u00e5 hvert trin i produktionen og gemmer kvalitetsdataene til sporbarhedsform\u00e5l. Velkommen til at modtage din foresp\u00f8rgsel inklusive krav og kommentarer!<\/p>\n<p><a href=\"http:\/\/siliconcarbide.net\/wp-content\/uploads\/2013\/08\/sisic-ceramic.jpg\"><img decoding=\"async\" class=\"size-full wp-image-280 aligncenter lazyload\" data-src=\"http:\/\/siliconcarbide.net\/wp-content\/uploads\/2013\/08\/sisic-ceramic.jpg\" alt=\"sisic keramik\" width=\"853\" height=\"640\" data-srcset=\"https:\/\/siliconcarbide.net\/wp-content\/uploads\/2013\/08\/sisic-ceramic.jpg 853w, https:\/\/siliconcarbide.net\/wp-content\/uploads\/2013\/08\/sisic-ceramic-300x225.jpg 300w, https:\/\/siliconcarbide.net\/wp-content\/uploads\/2013\/08\/sisic-ceramic-768x576.jpg 768w\" data-sizes=\"(max-width: 853px) 100vw, 853px\" src=\"data:image\/gif;base64,R0lGODlhAQABAAAAACH5BAEKAAEALAAAAAABAAEAAAICTAEAOw==\" style=\"--smush-placeholder-width: 853px; --smush-placeholder-aspect-ratio: 853\/640;\" \/><\/a><\/p>","protected":false},"excerpt":{"rendered":"<p>We are in shanghai in china,specializing in designing and supplying Silicon Carbide Ceramic,such as sintered silicon carbide ceramic,reaction bonded silicon carbide ceramic.We encourage you to discuss your project with us early to avoid difficult problems later.We will specify benefits of each material and discuss various processing techniques which is suitable.Silicon carbide is a man-made material [&hellip;]<\/p>\n","protected":false},"author":1,"featured_media":0,"parent":0,"menu_order":0,"comment_status":"closed","ping_status":"closed","template":"","meta":{"ngg_post_thumbnail":0,"footnotes":""},"class_list":["post-9","page","type-page","status-publish","hentry"],"aioseo_notices":[],"_links":{"self":[{"href":"https:\/\/siliconcarbide.net\/da\/wp-json\/wp\/v2\/pages\/9","targetHints":{"allow":["GET"]}}],"collection":[{"href":"https:\/\/siliconcarbide.net\/da\/wp-json\/wp\/v2\/pages"}],"about":[{"href":"https:\/\/siliconcarbide.net\/da\/wp-json\/wp\/v2\/types\/page"}],"author":[{"embeddable":true,"href":"https:\/\/siliconcarbide.net\/da\/wp-json\/wp\/v2\/users\/1"}],"replies":[{"embeddable":true,"href":"https:\/\/siliconcarbide.net\/da\/wp-json\/wp\/v2\/comments?post=9"}],"version-history":[{"count":4,"href":"https:\/\/siliconcarbide.net\/da\/wp-json\/wp\/v2\/pages\/9\/revisions"}],"predecessor-version":[{"id":484,"href":"https:\/\/siliconcarbide.net\/da\/wp-json\/wp\/v2\/pages\/9\/revisions\/484"}],"wp:attachment":[{"href":"https:\/\/siliconcarbide.net\/da\/wp-json\/wp\/v2\/media?parent=9"}],"curies":[{"name":"wp","href":"https:\/\/api.w.org\/{rel}","templated":true}]}}