{"id":75,"date":"2014-01-09T20:39:18","date_gmt":"2014-01-09T12:39:18","guid":{"rendered":"http:\/\/siliconcarbide.net\/?page_id=75"},"modified":"2021-06-15T15:43:37","modified_gmt":"2021-06-15T07:43:37","slug":"sic-tvaerbjaelker","status":"publish","type":"page","link":"https:\/\/siliconcarbide.net\/da\/sic-cross-beams\/","title":{"rendered":"SIC tv\u00e6rbj\u00e6lker"},"content":{"rendered":"<p>sisic beam har h\u00f8j b\u00e6reevne ved h\u00f8j temperatur, langvarig brug uden b\u00f8jningsdeformation.siliciumcarbidbj\u00e6lker fungerer ved 1380 C, tekniske parametre for tv\u00e6rbj\u00e6lken forbliver u\u00e6ndrede.sisic beam har h\u00f8j styrke, h\u00f8j h\u00e5rdhed, h\u00f8j temperaturbestandighed, slidstyrke, korrosionsbestandighed, oxidationsmodstand, varmebestandighed, god termisk chokmodstand, god varmeledningsevne og h\u00f8j termisk effektivitet.Sic-bj\u00e6lker fremstillet af reaktionsbundet siliciumcarbid bruges til lastningssystemerne i tunnelovne, skyttelovne og mange andre industrielle ovne. siliciumcarbidbj\u00e6lker har h\u00f8jere styrke, og der er ingen deformationer selv ved meget h\u00f8je temperaturer.<!--more-->Og ogs\u00e5 denne slags hylder af siliciumcarbid har lang levetid. Reaktionsbundne keramiske bj\u00e6lker af siliciumcarbid er de bedst egnede ovnm\u00f8bler til sanitetst\u00f8j og elektriske porcel\u00e6nsapplikationer. <a href=\"http:\/\/siliconcarbide.net\/da\/reaktionsbundet-siliciumcarbid\/sic-tvaerbjaelker\/\">SiSiC-str\u00e5le<\/a> har fremragende varmeledningsevne, s\u00e5 den er tilg\u00e6ngelig for at spare energi. Vi kan lave sisic beam i henhold til dine krav.<\/p>\n<p><a href=\"http:\/\/siliconcarbide.net\/wp-content\/uploads\/2014\/01\/silicon-carbide-ceramic-Cross-Beams.jpg\"><img decoding=\"async\" class=\"alignnone size-full wp-image-74 lazyload\" data-src=\"http:\/\/siliconcarbide.net\/wp-content\/uploads\/2014\/01\/silicon-carbide-ceramic-Cross-Beams.jpg\" alt=\"Keramiske tv\u00e6rbj\u00e6lker af siliciumkarbid\" width=\"350\" height=\"209\" data-srcset=\"https:\/\/siliconcarbide.net\/wp-content\/uploads\/2014\/01\/silicon-carbide-ceramic-Cross-Beams.jpg 350w, https:\/\/siliconcarbide.net\/wp-content\/uploads\/2014\/01\/silicon-carbide-ceramic-Cross-Beams-300x179.jpg 300w\" data-sizes=\"(max-width: 350px) 100vw, 350px\" src=\"data:image\/gif;base64,R0lGODlhAQABAAAAACH5BAEKAAEALAAAAAABAAEAAAICTAEAOw==\" style=\"--smush-placeholder-width: 350px; --smush-placeholder-aspect-ratio: 350\/209;\" \/><\/a><\/p>","protected":false},"excerpt":{"rendered":"<p>sisic beam has high bearing capacity at high temperature, long-term use without bending deformation.silicon carbide beams works at 1380 C,technical parameters of the cross beam remain unchanged.sisic beam has high strength, high hardness, high temperature resistance, wear resistance, corrosion resistance, oxidation resistance, heat resistance, good thermal shock resistance, good thermal conductivity and high thermal efficiency.sic [&hellip;]<\/p>\n","protected":false},"author":1,"featured_media":0,"parent":0,"menu_order":0,"comment_status":"closed","ping_status":"open","template":"","meta":{"ngg_post_thumbnail":0,"footnotes":""},"class_list":["post-75","page","type-page","status-publish","hentry"],"aioseo_notices":[],"_links":{"self":[{"href":"https:\/\/siliconcarbide.net\/da\/wp-json\/wp\/v2\/pages\/75","targetHints":{"allow":["GET"]}}],"collection":[{"href":"https:\/\/siliconcarbide.net\/da\/wp-json\/wp\/v2\/pages"}],"about":[{"href":"https:\/\/siliconcarbide.net\/da\/wp-json\/wp\/v2\/types\/page"}],"author":[{"embeddable":true,"href":"https:\/\/siliconcarbide.net\/da\/wp-json\/wp\/v2\/users\/1"}],"replies":[{"embeddable":true,"href":"https:\/\/siliconcarbide.net\/da\/wp-json\/wp\/v2\/comments?post=75"}],"version-history":[{"count":0,"href":"https:\/\/siliconcarbide.net\/da\/wp-json\/wp\/v2\/pages\/75\/revisions"}],"wp:attachment":[{"href":"https:\/\/siliconcarbide.net\/da\/wp-json\/wp\/v2\/media?parent=75"}],"curies":[{"name":"wp","href":"https:\/\/api.w.org\/{rel}","templated":true}]}}