{"id":97,"date":"2015-01-11T18:02:03","date_gmt":"2015-01-11T10:02:03","guid":{"rendered":"http:\/\/siliconcarbide.net\/?page_id=97"},"modified":"2017-10-12T08:15:26","modified_gmt":"2017-10-12T00:15:26","slug":"kontrola-kvality","status":"publish","type":"page","link":"https:\/\/siliconcarbide.net\/cs\/quality-control\/","title":{"rendered":"Kontrola kvality"},"content":{"rendered":"<p>\n\tNeust\u00e1l\u00e1 kontrola kvality p\u0159i v\u00fdrob\u011b je z\u00e1rukou dobr\u00e9 kvality a spokojenosti na\u0161ich z\u00e1kazn\u00edk\u016f. Z\u00e1kladem na\u0161\u00ed kontroly kvality je dodr\u017eov\u00e1n\u00ed specifikac\u00ed a v\u00fdkres\u016f na\u0161ich z\u00e1kazn\u00edk\u016f. Ke kontrole v\u00fdrobk\u016f pou\u017e\u00edv\u00e1me mnoho zp\u016fsob\u016f a za\u0159\u00edzen\u00ed. Tak\u00e9 kontrolujeme ka\u017ed\u00fd krok p\u0159i v\u00fdrob\u011b. budeme uchov\u00e1vat data pro \u00fa\u010dely sledovatelnosti.\n<\/p>\n<p>\n\t<!--more-->\n<\/p>\n<p>\n\tp\u0159i v\u00fdb\u011bru vhodn\u00e9ho materi\u00e1lu od po\u010d\u00e1te\u010dn\u00ed f\u00e1ze n\u00e1vrhu.<br \/>\n\tp\u0159i v\u00fdb\u011bru n\u00e1kladov\u011b nejefektivn\u011bj\u0161\u00edho zp\u016fsobu v\u00fdroby.<br \/>\n\tv poskytov\u00e1n\u00ed vysok\u00fdch standard\u016f kvality na\u0161ich slu\u017eeb z\u00e1kazn\u00edk\u016fm a v\u00fdrobk\u016f.<br \/>\n\tp\u0159i zaji\u0161\u0165ov\u00e1n\u00ed pln\u00e9 sledovatelnosti na\u0161ich proces\u016f.<br \/>\n\ta neust\u00e1l\u00e9 zvy\u0161ov\u00e1n\u00ed efektivity na\u0161eho syst\u00e9mu kvality je pravidlem.\n<\/p>\n<p>\n\tnavrhujeme, vyv\u00edj\u00edme a vyr\u00e1b\u00edme vlastn\u00ed keramiku z karbidu k\u0159em\u00edku, abychom dos\u00e1hli vynikaj\u00edc\u00edho v\u00fdkonu a splnili tak nejr\u016fzn\u011bj\u0161\u00ed po\u017eadavky na extr\u00e9mn\u00ed abrazivn\u00ed opot\u0159eben\u00ed, korozi, vysok\u00e9 teploty a tepeln\u00e9 \u0161oky. Na\u0161e karbidov\u00e1 keramika nab\u00edz\u00ed n\u00e1sleduj\u00edc\u00ed v\u00fdhody:<br \/>\n\tSlo\u017een\u00ed materi\u00e1lu pomoc\u00ed statisticky navr\u017een\u00fdch metod.<br \/>\n\tV\u00fdhradn\u00ed pou\u017e\u00edv\u00e1n\u00ed st\u00e1l\u00fdch, vysoce kvalitn\u00edch surovin.<br \/>\n\tVlastn\u00ed v\u00fdroba forem, intern\u00ed v\u00fdvoj, r\u016fzn\u00e9 materi\u00e1ly v\u010detn\u011b rychl\u00e9ho prototypov\u00e1n\u00ed, CNC fr\u00e9zovac\u00ed za\u0159\u00edzen\u00ed.<br \/>\n\tVlastn\u00ed pracovn\u00ed n\u00e1stroje pro trvale vysokou kvalitu a flexibilitu.<br \/>\n\tKontrola proces\u016f a monitorov\u00e1n\u00ed detail\u016f v r\u00e1mci cel\u00e9 v\u00fdrobn\u00ed operace.<br \/>\n\t\u0158\u00edzen\u00ed pece, kter\u00e9 optimalizuje konzistenci v\u00fdpalu a dobu zdr\u017een\u00ed a dal\u0161\u00ed; ov\u011b\u0159en\u00ed v\u00fdsledk\u016f sledovan\u00fdch pro ka\u017ed\u00fd dokon\u010den\u00fd cyklus.\n<\/p>\n<p>\n\tNaleznete zde indik\u00e1tory pro reak\u010dn\u011b v\u00e1zanou keramiku z karbidu k\u0159em\u00edku.\n<\/p>\n<p>\n\t<a href=\"http:\/\/siliconcarbide.net\/wp-content\/uploads\/2015\/01\/Reaction-Bonded-silicon-carbide-ceramic-indicator.pdf\">Reak\u010dn\u011b v\u00e1zan\u00fd keramick\u00fd indik\u00e1tor z karbidu k\u0159em\u00edku<\/a>(soubor PDF)\n<\/p>\n<p>\n\tNajd\u011bte pros\u00edm ukazatele pro slinut\u00fd karbid k\u0159em\u00edku keramick\u00fd\n<\/p>\n<p>\n\t<a href=\"http:\/\/siliconcarbide.net\/wp-content\/uploads\/2015\/01\/Sintered-Silicon-Carbide-Ceramic-indicator.pdf\">Keramick\u00fd indik\u00e1tor ze slinut\u00e9ho karbidu k\u0159em\u00edku<\/a>(soubor PDF)\n<\/p>\n<p>\n\t<a href=\"http:\/\/siliconcarbide.net\/wp-content\/uploads\/2015\/01\/reaction-bonded-silicon-carbide.jpg\"><img decoding=\"async\" alt=\"reak\u010dn\u011b v\u00e1zan\u00fd karbid k\u0159em\u00edku\" class=\"alignnone size-full wp-image-271 lazyload\" height=\"824\" data-src=\"http:\/\/siliconcarbide.net\/wp-content\/uploads\/2015\/01\/reaction-bonded-silicon-carbide.jpg\" width=\"628\" src=\"data:image\/gif;base64,R0lGODlhAQABAAAAACH5BAEKAAEALAAAAAABAAEAAAICTAEAOw==\" style=\"--smush-placeholder-width: 628px; --smush-placeholder-aspect-ratio: 628\/824;\" \/><\/a>\n<\/p>\n<p>\n\t<a href=\"http:\/\/siliconcarbide.net\/wp-content\/uploads\/2015\/01\/silicon-carbide-ceramic-function.jpg\"><img decoding=\"async\" alt=\"keramick\u00e1 funkce karbidu k\u0159em\u00edku\" class=\"alignnone size-full wp-image-220 lazyload\" height=\"602\" data-src=\"http:\/\/siliconcarbide.net\/wp-content\/uploads\/2015\/01\/silicon-carbide-ceramic-function.jpg\" width=\"617\" src=\"data:image\/gif;base64,R0lGODlhAQABAAAAACH5BAEKAAEALAAAAAABAAEAAAICTAEAOw==\" style=\"--smush-placeholder-width: 617px; --smush-placeholder-aspect-ratio: 617\/602;\" \/><\/a><\/p>","protected":false},"excerpt":{"rendered":"<p>The constant quality control during manufacturing is the guarantee for the good quality and for the satisfaction of our customer. Meeting the specifications and drawings of our customers are the basis of our quality control. We use many ways and equipment to inspect for products. Also we control every step for producing.We will store&nbsp; data [&hellip;]<\/p>\n","protected":false},"author":1,"featured_media":0,"parent":0,"menu_order":0,"comment_status":"closed","ping_status":"open","template":"","meta":{"ngg_post_thumbnail":0,"footnotes":""},"class_list":["post-97","page","type-page","status-publish","hentry"],"aioseo_notices":[],"_links":{"self":[{"href":"https:\/\/siliconcarbide.net\/cs\/wp-json\/wp\/v2\/pages\/97","targetHints":{"allow":["GET"]}}],"collection":[{"href":"https:\/\/siliconcarbide.net\/cs\/wp-json\/wp\/v2\/pages"}],"about":[{"href":"https:\/\/siliconcarbide.net\/cs\/wp-json\/wp\/v2\/types\/page"}],"author":[{"embeddable":true,"href":"https:\/\/siliconcarbide.net\/cs\/wp-json\/wp\/v2\/users\/1"}],"replies":[{"embeddable":true,"href":"https:\/\/siliconcarbide.net\/cs\/wp-json\/wp\/v2\/comments?post=97"}],"version-history":[{"count":0,"href":"https:\/\/siliconcarbide.net\/cs\/wp-json\/wp\/v2\/pages\/97\/revisions"}],"wp:attachment":[{"href":"https:\/\/siliconcarbide.net\/cs\/wp-json\/wp\/v2\/media?parent=97"}],"curies":[{"name":"wp","href":"https:\/\/api.w.org\/{rel}","templated":true}]}}