{"id":9,"date":"2013-08-25T11:29:05","date_gmt":"2013-08-25T03:29:05","guid":{"rendered":"http:\/\/siliconcarbide.net\/?page_id=9"},"modified":"2022-01-23T13:32:48","modified_gmt":"2022-01-23T05:32:48","slug":"o","status":"publish","type":"page","link":"https:\/\/siliconcarbide.net\/cs\/about\/","title":{"rendered":"O str\u00e1nk\u00e1ch"},"content":{"rendered":"<p>Jsme v \u0160anghaji v \u010c\u00edn\u011b, specializuj\u00edc\u00ed se na navrhov\u00e1n\u00ed a dod\u00e1v\u00e1n\u00ed karbidu k\u0159em\u00edku keramiky, jako je slinut\u00fd karbid k\u0159em\u00edku keramiky, reakce v\u00e1zan\u00e9 karbidu k\u0159em\u00edku keramiky.Doporu\u010dujeme v\u00e1m diskutovat o va\u0161em projektu s n\u00e1mi brzy, aby se zabr\u00e1nilo obt\u00ed\u017en\u00e9 probl\u00e9my later.We specifikovat v\u00fdhody ka\u017ed\u00e9ho materi\u00e1lu a diskutovat o r\u016fzn\u00fdch technik zpracov\u00e1n\u00ed, kter\u00e9 je vhodn\u00e9.Karbid k\u0159em\u00edku je um\u011bl\u00fd materi\u00e1l vyroben\u00fd prost\u0159ednictv\u00edm oh\u0159evu k\u0159emi\u010dit\u00e9ho p\u00edsku a uhl\u00edku na vysok\u00e9 teploty v technice pece. Karbid k\u0159em\u00edku je extr\u00e9mn\u011b tvrd\u00fd materi\u00e1l (Mohsova tvrdost 9), je chemicky inertn\u00ed a netav\u00ed se. karbid k\u0159em\u00edku m\u00e1 vysokou tepelnou vodivost, n\u00edzk\u00fd koeficient tepeln\u00e9 rozta\u017enosti, je odoln\u00fd proti tepeln\u00fdm \u0161ok\u016fm a ot\u011bru a m\u00e1 pevnost p\u0159i vysok\u00fdch teplot\u00e1ch. D\u00edky sv\u00fdm rozmanit\u00fdm vlastnostem je karbid k\u0159em\u00edku \u00fa\u010dinn\u00fdm materi\u00e1lem pro mnoho r\u016fzn\u00fdch aplikac\u00ed. \u0159ekn\u011bte n\u00e1m sv\u016fj po\u017eadavek, my ho degsinujeme a dod\u00e1me v\u00e1m ten nejlep\u0161\u00ed v\u00fdrobek. Va\u0161e p\u0159\u00edpadn\u00e9 p\u0159ipom\u00ednky jsou pro n\u00e1s nejv\u011bt\u0161\u00ed podporou. Zlep\u0161ov\u00e1n\u00ed nikdy neskon\u010d\u00ed. v\u00edt\u00e1me va\u0161e dotazy v\u010detn\u011b po\u017eadavk\u016f! neust\u00e1l\u00e1 kontrola kvality b\u011bhem v\u00fdroby je z\u00e1rukou dobr\u00e9 kvality a spokojenosti na\u0161ich z\u00e1kazn\u00edk\u016f. Spln\u011bn\u00ed specifikac\u00ed a v\u00fdkres\u016f na\u0161ich z\u00e1kazn\u00edk\u016f je z\u00e1kladem na\u0161\u00ed kontroly kvality. Ke kontrole v\u00fdrobk\u016f pou\u017e\u00edv\u00e1me mnoho zp\u016fsob\u016f a za\u0159\u00edzen\u00ed. Kontrolujeme tak\u00e9 ka\u017ed\u00fd krok p\u0159i v\u00fdrob\u011b. \u00fadaje o kvalit\u011b uchov\u00e1v\u00e1me pro \u00fa\u010dely sledovatelnosti. V\u00edt\u00e1me va\u0161i popt\u00e1vku v\u010detn\u011b po\u017eadavk\u016f a p\u0159ipom\u00ednek!<\/p>\n<p><a href=\"http:\/\/siliconcarbide.net\/wp-content\/uploads\/2013\/08\/sisic-ceramic.jpg\"><img decoding=\"async\" class=\"size-full wp-image-280 aligncenter lazyload\" data-src=\"http:\/\/siliconcarbide.net\/wp-content\/uploads\/2013\/08\/sisic-ceramic.jpg\" alt=\"sisic keramika\" width=\"853\" height=\"640\" data-srcset=\"https:\/\/siliconcarbide.net\/wp-content\/uploads\/2013\/08\/sisic-ceramic.jpg 853w, https:\/\/siliconcarbide.net\/wp-content\/uploads\/2013\/08\/sisic-ceramic-300x225.jpg 300w, https:\/\/siliconcarbide.net\/wp-content\/uploads\/2013\/08\/sisic-ceramic-768x576.jpg 768w\" data-sizes=\"(max-width: 853px) 100vw, 853px\" src=\"data:image\/gif;base64,R0lGODlhAQABAAAAACH5BAEKAAEALAAAAAABAAEAAAICTAEAOw==\" style=\"--smush-placeholder-width: 853px; --smush-placeholder-aspect-ratio: 853\/640;\" \/><\/a><\/p>","protected":false},"excerpt":{"rendered":"<p>We are in shanghai in china,specializing in designing and supplying Silicon Carbide Ceramic,such as sintered silicon carbide ceramic,reaction bonded silicon carbide ceramic.We encourage you to discuss your project with us early to avoid difficult problems later.We will specify benefits of each material and discuss various processing techniques which is suitable.Silicon carbide is a man-made material [&hellip;]<\/p>\n","protected":false},"author":1,"featured_media":0,"parent":0,"menu_order":0,"comment_status":"closed","ping_status":"closed","template":"","meta":{"ngg_post_thumbnail":0,"footnotes":""},"class_list":["post-9","page","type-page","status-publish","hentry"],"aioseo_notices":[],"_links":{"self":[{"href":"https:\/\/siliconcarbide.net\/cs\/wp-json\/wp\/v2\/pages\/9","targetHints":{"allow":["GET"]}}],"collection":[{"href":"https:\/\/siliconcarbide.net\/cs\/wp-json\/wp\/v2\/pages"}],"about":[{"href":"https:\/\/siliconcarbide.net\/cs\/wp-json\/wp\/v2\/types\/page"}],"author":[{"embeddable":true,"href":"https:\/\/siliconcarbide.net\/cs\/wp-json\/wp\/v2\/users\/1"}],"replies":[{"embeddable":true,"href":"https:\/\/siliconcarbide.net\/cs\/wp-json\/wp\/v2\/comments?post=9"}],"version-history":[{"count":4,"href":"https:\/\/siliconcarbide.net\/cs\/wp-json\/wp\/v2\/pages\/9\/revisions"}],"predecessor-version":[{"id":484,"href":"https:\/\/siliconcarbide.net\/cs\/wp-json\/wp\/v2\/pages\/9\/revisions\/484"}],"wp:attachment":[{"href":"https:\/\/siliconcarbide.net\/cs\/wp-json\/wp\/v2\/media?parent=9"}],"curies":[{"name":"wp","href":"https:\/\/api.w.org\/{rel}","templated":true}]}}