{"id":79,"date":"2014-11-30T20:29:59","date_gmt":"2014-11-30T12:29:59","guid":{"rendered":"http:\/\/siliconcarbide.net\/?page_id=79"},"modified":"2018-03-28T21:32:54","modified_gmt":"2018-03-28T13:32:54","slug":"potrubi-chladiciho-vzduchu-sisic","status":"publish","type":"page","link":"https:\/\/siliconcarbide.net\/cs\/sisic-cooling-air-pipes\/","title":{"rendered":"Chladic\u00ed vzduchov\u00e9 potrub\u00ed SISIC"},"content":{"rendered":"<p>\n\t<a href=\"http:\/\/siliconcarbide.net\/cs\/potrubi-chladiciho-vzduchu-sisic\/\">Reak\u010dn\u011b v\u00e1zan\u00fd karbid k\u0159em\u00edku<\/a>, zn\u00e1m\u00fd tak\u00e9 jako silikonizovan\u00fd karbid k\u0159em\u00edku nebo SiSiC, je druh sik, kter\u00fd se vyr\u00e1b\u00ed chemickou reakc\u00ed mezi por\u00e9zn\u00edm uhl\u00edkem nebo grafitem a roztaven\u00fdm k\u0159em\u00edkem.\n<\/p>\n<p>\n\tChladic\u00ed vzduchov\u00e9 trubky SISIC se pou\u017e\u00edvaj\u00ed pro chladic\u00ed oblast v\u00e1le\u010dkov\u00fdch pec\u00ed.Tento druh trubek z karbidu k\u0159em\u00edku vykazuje vynikaj\u00edc\u00ed v\u00fdkon p\u0159i rychl\u00e9m chlazen\u00ed a nedoch\u00e1z\u00ed k \u017e\u00e1dn\u00fdm deformac\u00edm ani p\u0159i dlouhodob\u00e9 aplikaci tohoto druhu sic trubek. \u017divotnost tohoto druhu trubek z karbidu k\u0159em\u00edku je v\u00edce ne\u017e desetkr\u00e1t del\u0161\u00ed ne\u017e u trubek z nerezov\u00e9 oceli.\n<\/p>\n<p>\n\t<a href=\"http:\/\/siliconcarbide.net\/wp-content\/uploads\/2014\/11\/SISIC-Cooling-Air-pipes.jpg\"><img decoding=\"async\" alt=\"Chladic\u00ed vzduchov\u00e9 potrub\u00ed SISIC\" class=\"alignnone size-full wp-image-80 lazyload\" height=\"350\" data-src=\"http:\/\/siliconcarbide.net\/wp-content\/uploads\/2014\/11\/SISIC-Cooling-Air-pipes.jpg\" width=\"500\" data-srcset=\"https:\/\/siliconcarbide.net\/wp-content\/uploads\/2014\/11\/SISIC-Cooling-Air-pipes.jpg 500w, https:\/\/siliconcarbide.net\/wp-content\/uploads\/2014\/11\/SISIC-Cooling-Air-pipes-300x210.jpg 300w\" data-sizes=\"(max-width: 500px) 100vw, 500px\" src=\"data:image\/gif;base64,R0lGODlhAQABAAAAACH5BAEKAAEALAAAAAABAAEAAAICTAEAOw==\" style=\"--smush-placeholder-width: 500px; --smush-placeholder-aspect-ratio: 500\/350;\" \/><\/a>\n<\/p>\n<p>\n\t&nbsp;<\/p>","protected":false},"excerpt":{"rendered":"<p>Reaction bonded silicon carbide, also known as siliconized silicon carbide or SiSiC, is a type of sic that is manufactured by a chemical reaction between porous carbon or graphite with molten silicon. SISIC Cooling Air pipes&nbsp;are used for the cooling area of roller hearth kilns.This kind silicon carbide pipe display excellent performance in rapid cooling.And [&hellip;]<\/p>\n","protected":false},"author":1,"featured_media":0,"parent":0,"menu_order":0,"comment_status":"closed","ping_status":"open","template":"","meta":{"ngg_post_thumbnail":0,"footnotes":""},"class_list":["post-79","page","type-page","status-publish","hentry"],"aioseo_notices":[],"_links":{"self":[{"href":"https:\/\/siliconcarbide.net\/cs\/wp-json\/wp\/v2\/pages\/79","targetHints":{"allow":["GET"]}}],"collection":[{"href":"https:\/\/siliconcarbide.net\/cs\/wp-json\/wp\/v2\/pages"}],"about":[{"href":"https:\/\/siliconcarbide.net\/cs\/wp-json\/wp\/v2\/types\/page"}],"author":[{"embeddable":true,"href":"https:\/\/siliconcarbide.net\/cs\/wp-json\/wp\/v2\/users\/1"}],"replies":[{"embeddable":true,"href":"https:\/\/siliconcarbide.net\/cs\/wp-json\/wp\/v2\/comments?post=79"}],"version-history":[{"count":0,"href":"https:\/\/siliconcarbide.net\/cs\/wp-json\/wp\/v2\/pages\/79\/revisions"}],"wp:attachment":[{"href":"https:\/\/siliconcarbide.net\/cs\/wp-json\/wp\/v2\/media?parent=79"}],"curies":[{"name":"wp","href":"https:\/\/api.w.org\/{rel}","templated":true}]}}