{"id":75,"date":"2014-01-09T20:39:18","date_gmt":"2014-01-09T12:39:18","guid":{"rendered":"http:\/\/siliconcarbide.net\/?page_id=75"},"modified":"2021-06-15T15:43:37","modified_gmt":"2021-06-15T07:43:37","slug":"sic-pricne-nosniky","status":"publish","type":"page","link":"https:\/\/siliconcarbide.net\/cs\/sic-cross-beams\/","title":{"rendered":"P\u0159\u00ed\u010dn\u00e9 nosn\u00edky SIC"},"content":{"rendered":"<p>Sisic nosn\u00edk m\u00e1 vysokou nosnost p\u0159i vysok\u00e9 teplot\u011b, dlouhodob\u00e9 pou\u017eit\u00ed bez ohybov\u00e9 deformace.Karbid k\u0159em\u00edku nosn\u00edky pracuje p\u0159i 1380 C, technick\u00e9 parametry p\u0159\u00ed\u010dn\u00e9ho nosn\u00edku z\u016fst\u00e1vaj\u00ed unchanged.sisic nosn\u00edk m\u00e1 vysokou pevnost, vysokou tvrdost, vysokou teplotn\u00ed odolnost, odolnost proti opot\u0159eben\u00ed, odolnost proti korozi, odolnost proti oxidaci, tepeln\u00e1 odolnost, dobr\u00e1 odolnost proti tepeln\u00fdm \u0161ok\u016fm, dobr\u00e1 tepeln\u00e1 vodivost a vysok\u00e1 tepeln\u00e1 \u00fa\u010dinnost.sic nosn\u00edky vyroben\u00e9 z reak\u010dn\u011b pojen\u00e9ho karbidu k\u0159em\u00edku se pou\u017e\u00edvaj\u00ed pro syst\u00e9my zav\u00e1\u017eec\u00edch konstrukc\u00ed tunelov\u00fdch pec\u00ed, kyvadlov\u00fdch pec\u00ed a mnoha dal\u0161\u00edch pr\u016fmyslov\u00fdch pec\u00ed. nosn\u00edky z karbidu k\u0159em\u00edku maj\u00ed vy\u0161\u0161\u00ed pevnost a nedoch\u00e1z\u00ed k jejich deformac\u00edm ani p\u0159i velmi vysok\u00fdch teplot\u00e1ch.<!--more-->Tento druh polic z karbidu k\u0159em\u00edku vykazuje tak\u00e9 dlouhou \u017eivotnost. Keramick\u00e9 nosn\u00edky z karbidu k\u0159em\u00edku s reak\u010dn\u00ed vazbou jsou nejvhodn\u011bj\u0161\u00edm n\u00e1bytkem do pec\u00ed pro aplikace sanit\u00e1rn\u00edho a elektrick\u00e9ho porcel\u00e1nu. <a href=\"http:\/\/siliconcarbide.net\/cs\/reakcne-vazany-karbid-kremiku\/sic-pricne-nosniky\/\">SiSiC paprsek<\/a> m\u00e1 vynikaj\u00edc\u00ed tepelnou vodivost, tak\u017ee je k dispozici pro \u00fasporu energie.M\u016f\u017eeme vyrobit sisic paprsek podle va\u0161eho po\u017eadavku.<\/p>\n<p><a href=\"http:\/\/siliconcarbide.net\/wp-content\/uploads\/2014\/01\/silicon-carbide-ceramic-Cross-Beams.jpg\"><img decoding=\"async\" class=\"alignnone size-full wp-image-74 lazyload\" data-src=\"http:\/\/siliconcarbide.net\/wp-content\/uploads\/2014\/01\/silicon-carbide-ceramic-Cross-Beams.jpg\" alt=\"keramick\u00e9 p\u0159\u00ed\u010dn\u00e9 nosn\u00edky z karbidu k\u0159em\u00edku\" width=\"350\" height=\"209\" data-srcset=\"https:\/\/siliconcarbide.net\/wp-content\/uploads\/2014\/01\/silicon-carbide-ceramic-Cross-Beams.jpg 350w, https:\/\/siliconcarbide.net\/wp-content\/uploads\/2014\/01\/silicon-carbide-ceramic-Cross-Beams-300x179.jpg 300w\" data-sizes=\"(max-width: 350px) 100vw, 350px\" src=\"data:image\/gif;base64,R0lGODlhAQABAAAAACH5BAEKAAEALAAAAAABAAEAAAICTAEAOw==\" style=\"--smush-placeholder-width: 350px; --smush-placeholder-aspect-ratio: 350\/209;\" \/><\/a><\/p>","protected":false},"excerpt":{"rendered":"<p>sisic beam has high bearing capacity at high temperature, long-term use without bending deformation.silicon carbide beams works at 1380 C,technical parameters of the cross beam remain unchanged.sisic beam has high strength, high hardness, high temperature resistance, wear resistance, corrosion resistance, oxidation resistance, heat resistance, good thermal shock resistance, good thermal conductivity and high thermal efficiency.sic [&hellip;]<\/p>\n","protected":false},"author":1,"featured_media":0,"parent":0,"menu_order":0,"comment_status":"closed","ping_status":"open","template":"","meta":{"ngg_post_thumbnail":0,"footnotes":""},"class_list":["post-75","page","type-page","status-publish","hentry"],"aioseo_notices":[],"_links":{"self":[{"href":"https:\/\/siliconcarbide.net\/cs\/wp-json\/wp\/v2\/pages\/75","targetHints":{"allow":["GET"]}}],"collection":[{"href":"https:\/\/siliconcarbide.net\/cs\/wp-json\/wp\/v2\/pages"}],"about":[{"href":"https:\/\/siliconcarbide.net\/cs\/wp-json\/wp\/v2\/types\/page"}],"author":[{"embeddable":true,"href":"https:\/\/siliconcarbide.net\/cs\/wp-json\/wp\/v2\/users\/1"}],"replies":[{"embeddable":true,"href":"https:\/\/siliconcarbide.net\/cs\/wp-json\/wp\/v2\/comments?post=75"}],"version-history":[{"count":0,"href":"https:\/\/siliconcarbide.net\/cs\/wp-json\/wp\/v2\/pages\/75\/revisions"}],"wp:attachment":[{"href":"https:\/\/siliconcarbide.net\/cs\/wp-json\/wp\/v2\/media?parent=75"}],"curies":[{"name":"wp","href":"https:\/\/api.w.org\/{rel}","templated":true}]}}