{"id":97,"date":"2015-01-11T18:02:03","date_gmt":"2015-01-11T10:02:03","guid":{"rendered":"http:\/\/siliconcarbide.net\/?page_id=97"},"modified":"2017-10-12T08:15:26","modified_gmt":"2017-10-12T00:15:26","slug":"control-de-qualitat","status":"publish","type":"page","link":"https:\/\/siliconcarbide.net\/ca\/quality-control\/","title":{"rendered":"Control de Qualitat"},"content":{"rendered":"<p>\n\tEl control de qualitat constant durant la fabricaci\u00f3 \u00e9s la garantia de la bona qualitat i de la satisfacci\u00f3 del nostre client. Complir les especificacions i els pl\u00e0nols dels nostres clients \u00e9s la base del nostre control de qualitat. Utilitzem moltes maneres i equips per inspeccionar els productes. Tamb\u00e9 controlem cada pas de la producci\u00f3. Emmagatzemarem dades amb finalitats de tra\u00e7abilitat.\n<\/p>\n<p>\n\t<!--more-->\n<\/p>\n<p>\n\ten l'elecci\u00f3 del material adequat des de les primeres fases de disseny<br \/>\n\ten la selecci\u00f3 de la ruta de fabricaci\u00f3 m\u00e9s rendible<br \/>\n\ten proporcionar est\u00e0ndards d'alta qualitat per al nostre servei d'atenci\u00f3 al client i els nostres productes<br \/>\n\ten garantir la tra\u00e7abilitat total dels nostres processos<br \/>\n\ti impulsar cont\u00ednuament el nostre sistema de qualitat cap a una major efici\u00e8ncia \u00e9s una norma\n<\/p>\n<p>\n\tDissenyem, desenvolupem i fabriquem les nostres pr\u00f2pies cer\u00e0miques de carbur de silici per oferir un rendiment excel\u00b7lent i satisfer una varietat d'exig\u00e8ncies d'aplicacions en desgast abrasiu extrem, corrosi\u00f3, altes temperatures i xoc t\u00e8rmic. Les nostres cer\u00e0miques de carbur de silici ofereixen els avantatges seg\u00fcents:<br \/>\n\tFormulaci\u00f3 de materials mitjan\u00e7ant m\u00e8todes dissenyats estad\u00edsticament.<br \/>\n\t\u00das exclusiu de mat\u00e8ries primeres constants i d'alta qualitat.<br \/>\n\tFabricaci\u00f3 de motlles pr\u00f2pia, desenvolupada internament, amb m\u00faltiples materials, incloent-hi prototipatge r\u00e0pid i equipament de fresat CNC.<br \/>\n\tEines de treball internes per a una qualitat alta i constant i flexibilitat.<br \/>\n\tControls de proc\u00e9s i detalls de monitoratge al llarg de tota l'operaci\u00f3 de fabricaci\u00f3.<br \/>\n\tControls del forn que optimitzen la consist\u00e8ncia de la combusti\u00f3 i el temps de manteniment, entre d'altres; verificaci\u00f3 dels resultats supervisada per a cada cicle completat.\n<\/p>\n<p>\n\tTrobareu a continuaci\u00f3 els indicadors per a la cer\u00e0mica de carbur de silici fusionat per reacci\u00f3.\n<\/p>\n<p>\n\t<a href=\"http:\/\/siliconcarbide.net\/wp-content\/uploads\/2015\/01\/Reaction-Bonded-silicon-carbide-ceramic-indicator.pdf\">Indicador cer\u00e0mic de carbur de silici unit per reacci\u00f3<\/a>(Fitxer PDF)\n<\/p>\n<p>\n\tTrobareu a continuaci\u00f3 els indicadors per a la cer\u00e0mica de carboni de silici sinteritzada.\n<\/p>\n<p>\n\t<a href=\"http:\/\/siliconcarbide.net\/wp-content\/uploads\/2015\/01\/Sintered-Silicon-Carbide-Ceramic-indicator.pdf\">Indicador cer\u00e0mic de carbur de silici sinteritzat<\/a>(Fitxer PDF)\n<\/p>\n<p>\n\t<a href=\"http:\/\/siliconcarbide.net\/wp-content\/uploads\/2015\/01\/reaction-bonded-silicon-carbide.jpg\"><img decoding=\"async\" alt=\"carboni de silici unit per reacci\u00f3\" class=\"alignnone size-full wp-image-271 lazyload\" height=\"824\" data-src=\"http:\/\/siliconcarbide.net\/wp-content\/uploads\/2015\/01\/reaction-bonded-silicon-carbide.jpg\" width=\"628\" src=\"data:image\/gif;base64,R0lGODlhAQABAAAAACH5BAEKAAEALAAAAAABAAEAAAICTAEAOw==\" style=\"--smush-placeholder-width: 628px; --smush-placeholder-aspect-ratio: 628\/824;\" \/><\/a>\n<\/p>\n<p>\n\t<a href=\"http:\/\/siliconcarbide.net\/wp-content\/uploads\/2015\/01\/silicon-carbide-ceramic-function.jpg\"><img decoding=\"async\" alt=\"Funci\u00f3 de la cer\u00e0mica de carbur de silici\" class=\"alignnone size-full wp-image-220 lazyload\" height=\"602\" data-src=\"http:\/\/siliconcarbide.net\/wp-content\/uploads\/2015\/01\/silicon-carbide-ceramic-function.jpg\" width=\"617\" src=\"data:image\/gif;base64,R0lGODlhAQABAAAAACH5BAEKAAEALAAAAAABAAEAAAICTAEAOw==\" style=\"--smush-placeholder-width: 617px; --smush-placeholder-aspect-ratio: 617\/602;\" \/><\/a><\/p>","protected":false},"excerpt":{"rendered":"<p>The constant quality control during manufacturing is the guarantee for the good quality and for the satisfaction of our customer. Meeting the specifications and drawings of our customers are the basis of our quality control. We use many ways and equipment to inspect for products. Also we control every step for producing.We will store&nbsp; data [&hellip;]<\/p>\n","protected":false},"author":1,"featured_media":0,"parent":0,"menu_order":0,"comment_status":"closed","ping_status":"open","template":"","meta":{"ngg_post_thumbnail":0,"footnotes":""},"class_list":["post-97","page","type-page","status-publish","hentry"],"aioseo_notices":[],"_links":{"self":[{"href":"https:\/\/siliconcarbide.net\/ca\/wp-json\/wp\/v2\/pages\/97","targetHints":{"allow":["GET"]}}],"collection":[{"href":"https:\/\/siliconcarbide.net\/ca\/wp-json\/wp\/v2\/pages"}],"about":[{"href":"https:\/\/siliconcarbide.net\/ca\/wp-json\/wp\/v2\/types\/page"}],"author":[{"embeddable":true,"href":"https:\/\/siliconcarbide.net\/ca\/wp-json\/wp\/v2\/users\/1"}],"replies":[{"embeddable":true,"href":"https:\/\/siliconcarbide.net\/ca\/wp-json\/wp\/v2\/comments?post=97"}],"version-history":[{"count":0,"href":"https:\/\/siliconcarbide.net\/ca\/wp-json\/wp\/v2\/pages\/97\/revisions"}],"wp:attachment":[{"href":"https:\/\/siliconcarbide.net\/ca\/wp-json\/wp\/v2\/media?parent=97"}],"curies":[{"name":"wp","href":"https:\/\/api.w.org\/{rel}","templated":true}]}}