{"id":9,"date":"2013-08-25T11:29:05","date_gmt":"2013-08-25T03:29:05","guid":{"rendered":"http:\/\/siliconcarbide.net\/?page_id=9"},"modified":"2022-01-23T13:32:48","modified_gmt":"2022-01-23T05:32:48","slug":"sobre","status":"publish","type":"page","link":"https:\/\/siliconcarbide.net\/ca\/about\/","title":{"rendered":"Sobre"},"content":{"rendered":"<p>Estem a Xangai, a la Xina, especialitzats en el disseny i el subministrament de cer\u00e0mica de carbur de silici, com ara cer\u00e0mica de carbur de silici sinteritzada i cer\u00e0mica de carbur de silici per uni\u00f3 per reacci\u00f3. Us animem a discutir el vostre projecte amb nosaltres des de bon comen\u00e7ament per evitar problemes complicats m\u00e9s endavant. Especificarem els avantatges de cada material i parlarem de les diverses t\u00e8cniques de processament adequades. El carbur de silici \u00e9s un material artificial fabricat mitjan\u00e7ant l'escalfament de sorra de s\u00edlice i carboni a altes temperatures en un forn. El carbur de silici \u00e9s un material extremadament dur (duresa de 9 en l'escala de Mohs), \u00e9s qu\u00edmicament inert i no es fon. El carbur de silici t\u00e9 una alta conductivitat t\u00e8rmica, un baix coeficient de dilataci\u00f3 t\u00e8rmica, \u00e9s resistent als xocs t\u00e8rmics i a l'abrasi\u00f3, i t\u00e9 resist\u00e8ncia a altes temperatures. Les diverses propietats del carbur de silici el converteixen en un material efica\u00e7 en moltes aplicacions diferents. Vost\u00e8 ens indica els seus requisits i nosaltres dissenyem i subministrem el millor producte per a vost\u00e8. Els vostres comentaris s\u00f3n el millor suport per a nosaltres. La millora no s'acaba mai. Us convidem a fer la vostra consulta incloent-hi els requisits! El control de qualitat constant durant la fabricaci\u00f3 \u00e9s la garantia de la bona qualitat i de la satisfacci\u00f3 del nostre client. Complir les especificacions i els pl\u00e0nols dels nostres clients \u00e9s la base del nostre control de qualitat. Utilitzem moltes maneres i equips per inspeccionar els productes. Tamb\u00e9 controlem cada pas de la producci\u00f3. Desem les dades de qualitat per a finalitats de tra\u00e7abilitat. Us donem la benvinguda a rebre la vostra consulta, incloent-hi requisits i comentaris!<\/p>\n<p><a href=\"http:\/\/siliconcarbide.net\/wp-content\/uploads\/2013\/08\/sisic-ceramic.jpg\"><img decoding=\"async\" class=\"size-full wp-image-280 aligncenter lazyload\" data-src=\"http:\/\/siliconcarbide.net\/wp-content\/uploads\/2013\/08\/sisic-ceramic.jpg\" alt=\"sisic cer\u00e0mic\" width=\"853\" height=\"640\" data-srcset=\"https:\/\/siliconcarbide.net\/wp-content\/uploads\/2013\/08\/sisic-ceramic.jpg 853w, https:\/\/siliconcarbide.net\/wp-content\/uploads\/2013\/08\/sisic-ceramic-300x225.jpg 300w, https:\/\/siliconcarbide.net\/wp-content\/uploads\/2013\/08\/sisic-ceramic-768x576.jpg 768w\" data-sizes=\"(max-width: 853px) 100vw, 853px\" src=\"data:image\/gif;base64,R0lGODlhAQABAAAAACH5BAEKAAEALAAAAAABAAEAAAICTAEAOw==\" style=\"--smush-placeholder-width: 853px; --smush-placeholder-aspect-ratio: 853\/640;\" \/><\/a><\/p>","protected":false},"excerpt":{"rendered":"<p>We are in shanghai in china,specializing in designing and supplying Silicon Carbide Ceramic,such as sintered silicon carbide ceramic,reaction bonded silicon carbide ceramic.We encourage you to discuss your project with us early to avoid difficult problems later.We will specify benefits of each material and discuss various processing techniques which is suitable.Silicon carbide is a man-made material [&hellip;]<\/p>\n","protected":false},"author":1,"featured_media":0,"parent":0,"menu_order":0,"comment_status":"closed","ping_status":"closed","template":"","meta":{"ngg_post_thumbnail":0,"footnotes":""},"class_list":["post-9","page","type-page","status-publish","hentry"],"aioseo_notices":[],"_links":{"self":[{"href":"https:\/\/siliconcarbide.net\/ca\/wp-json\/wp\/v2\/pages\/9","targetHints":{"allow":["GET"]}}],"collection":[{"href":"https:\/\/siliconcarbide.net\/ca\/wp-json\/wp\/v2\/pages"}],"about":[{"href":"https:\/\/siliconcarbide.net\/ca\/wp-json\/wp\/v2\/types\/page"}],"author":[{"embeddable":true,"href":"https:\/\/siliconcarbide.net\/ca\/wp-json\/wp\/v2\/users\/1"}],"replies":[{"embeddable":true,"href":"https:\/\/siliconcarbide.net\/ca\/wp-json\/wp\/v2\/comments?post=9"}],"version-history":[{"count":4,"href":"https:\/\/siliconcarbide.net\/ca\/wp-json\/wp\/v2\/pages\/9\/revisions"}],"predecessor-version":[{"id":484,"href":"https:\/\/siliconcarbide.net\/ca\/wp-json\/wp\/v2\/pages\/9\/revisions\/484"}],"wp:attachment":[{"href":"https:\/\/siliconcarbide.net\/ca\/wp-json\/wp\/v2\/media?parent=9"}],"curies":[{"name":"wp","href":"https:\/\/api.w.org\/{rel}","templated":true}]}}