{"id":75,"date":"2014-01-09T20:39:18","date_gmt":"2014-01-09T12:39:18","guid":{"rendered":"http:\/\/siliconcarbide.net\/?page_id=75"},"modified":"2021-06-15T15:43:37","modified_gmt":"2021-06-15T07:43:37","slug":"sic-bigues-creuades","status":"publish","type":"page","link":"https:\/\/siliconcarbide.net\/ca\/sic-cross-beams\/","title":{"rendered":"SIC bigues creuades"},"content":{"rendered":"<p>La biga de SiSiC t\u00e9 una alta capacitat de c\u00e0rrega a altes temperatures i permet un \u00fas a llarg termini sense deformaci\u00f3 per flexi\u00f3. Les bigues de carboni de silici funcionen a 1380 \u00b0C; els par\u00e0metres t\u00e8cnics de la biga transversal es mantenen inalterats.La biga de SiC t\u00e9 alta resist\u00e8ncia, alta duresa, resist\u00e8ncia a altes temperatures, resist\u00e8ncia al desgast, resist\u00e8ncia a la corrosi\u00f3, resist\u00e8ncia a l'oxidaci\u00f3, resist\u00e8ncia t\u00e8rmica, bona resist\u00e8ncia als xocs t\u00e8rmics, bona conductivitat t\u00e8rmica i alta efici\u00e8ncia t\u00e8rmica. Les bigues de SiC fabricades amb carboni de silici per reacci\u00f3 per enlla\u00e7 s'utilitzen en els sistemes d'estructura de c\u00e0rrega de forns de t\u00fanel, forns de via i molts altres forns industrials. Les bigues de carboni de silici tenen una resist\u00e8ncia m\u00e9s alta i no presenten deformacions ni tan sols a temperatures molt altes.<!--more-->A m\u00e9s, aquest tipus d'estants de carbur de silici presenten una llarga vida operativa. Les bigues cer\u00e0miques de carbur de silici unides per reacci\u00f3 s\u00f3n el mobiliari de forn m\u00e9s adequat per a aplicacions de sanitaris i porcellana el\u00e8ctrica. <a href=\"http:\/\/siliconcarbide.net\/ca\/carboni-de-silici-unit-per-reaccio\/sic-bigues-creuades\/\">Barra de SiSiC<\/a> T\u00e9 una excel\u00b7lent conductivitat t\u00e8rmica, de manera que permet estalviar energia. Podem fabricar una biga de SiSiC segons els vostres requisits.<\/p>\n<p><a href=\"http:\/\/siliconcarbide.net\/wp-content\/uploads\/2014\/01\/silicon-carbide-ceramic-Cross-Beams.jpg\"><img decoding=\"async\" class=\"alignnone size-full wp-image-74 lazyload\" data-src=\"http:\/\/siliconcarbide.net\/wp-content\/uploads\/2014\/01\/silicon-carbide-ceramic-Cross-Beams.jpg\" alt=\"Bigas transversals cer\u00e0miques de carbur de silici\" width=\"350\" height=\"209\" data-srcset=\"https:\/\/siliconcarbide.net\/wp-content\/uploads\/2014\/01\/silicon-carbide-ceramic-Cross-Beams.jpg 350w, https:\/\/siliconcarbide.net\/wp-content\/uploads\/2014\/01\/silicon-carbide-ceramic-Cross-Beams-300x179.jpg 300w\" data-sizes=\"(max-width: 350px) 100vw, 350px\" src=\"data:image\/gif;base64,R0lGODlhAQABAAAAACH5BAEKAAEALAAAAAABAAEAAAICTAEAOw==\" style=\"--smush-placeholder-width: 350px; --smush-placeholder-aspect-ratio: 350\/209;\" \/><\/a><\/p>","protected":false},"excerpt":{"rendered":"<p>sisic beam has high bearing capacity at high temperature, long-term use without bending deformation.silicon carbide beams works at 1380 C,technical parameters of the cross beam remain unchanged.sisic beam has high strength, high hardness, high temperature resistance, wear resistance, corrosion resistance, oxidation resistance, heat resistance, good thermal shock resistance, good thermal conductivity and high thermal efficiency.sic [&hellip;]<\/p>\n","protected":false},"author":1,"featured_media":0,"parent":0,"menu_order":0,"comment_status":"closed","ping_status":"open","template":"","meta":{"ngg_post_thumbnail":0,"footnotes":""},"class_list":["post-75","page","type-page","status-publish","hentry"],"aioseo_notices":[],"_links":{"self":[{"href":"https:\/\/siliconcarbide.net\/ca\/wp-json\/wp\/v2\/pages\/75","targetHints":{"allow":["GET"]}}],"collection":[{"href":"https:\/\/siliconcarbide.net\/ca\/wp-json\/wp\/v2\/pages"}],"about":[{"href":"https:\/\/siliconcarbide.net\/ca\/wp-json\/wp\/v2\/types\/page"}],"author":[{"embeddable":true,"href":"https:\/\/siliconcarbide.net\/ca\/wp-json\/wp\/v2\/users\/1"}],"replies":[{"embeddable":true,"href":"https:\/\/siliconcarbide.net\/ca\/wp-json\/wp\/v2\/comments?post=75"}],"version-history":[{"count":0,"href":"https:\/\/siliconcarbide.net\/ca\/wp-json\/wp\/v2\/pages\/75\/revisions"}],"wp:attachment":[{"href":"https:\/\/siliconcarbide.net\/ca\/wp-json\/wp\/v2\/media?parent=75"}],"curies":[{"name":"wp","href":"https:\/\/api.w.org\/{rel}","templated":true}]}}