{"id":21,"date":"2013-10-01T16:12:18","date_gmt":"2013-10-01T08:12:18","guid":{"rendered":"http:\/\/siliconcarbide.net\/?page_id=21"},"modified":"2025-11-27T23:25:44","modified_gmt":"2025-11-27T15:25:44","slug":"contacte","status":"publish","type":"page","link":"https:\/\/siliconcarbide.net\/ca\/contact\/","title":{"rendered":"Contacte"},"content":{"rendered":"<div class=\"company-header__name-wrapper vertical-middle\">\n<h1 class=\"company-header__name vertical-middle-inner\">Shanghai Ceratek Silicon Carbide Technology Co., Limited<\/h1>\n<\/div>\n<h3>Adre\u00e7a (oficina de Xangai)<br \/>\nJiaHui Plaza, Carrer\u00f3 2601, Carrer XieTu, Zona de XuHui, Xangai, Xina<\/h3>\n<h3>Adre\u00e7a de correu electr\u00f2nic:<\/h3>\n<h3><a href=\"mailto:info@siliconcarbide.net\"><strong>info@siliconcarbide.net<\/strong><\/a><\/h3>\n<h3>N\u00famero de tel\u00e8fon:+86 13472677819<\/h3>\n<h3>El nostre personal xin\u00e8s us respondr\u00e0 aviat, gr\u00e0cies.<\/h3>","protected":false},"excerpt":{"rendered":"<p>Shanghai Ceratek Silicon Carbide Technology Co., Limited   Adre\u00e7a (oficina de Xangai): JiaHui Plaza, carrer 2601, XieTu Road, districte de XuHui, Xangai, Xina   Adre\u00e7a de correu electr\u00f2nic: info@siliconcarbide.net   N\u00famero de tel\u00e8fon: +86 13472677819   El nostre personal xin\u00e8s us respondr\u00e0 aviat, gr\u00e0cies.<\/p>","protected":false},"author":1,"featured_media":0,"parent":0,"menu_order":0,"comment_status":"closed","ping_status":"closed","template":"","meta":{"ngg_post_thumbnail":0,"footnotes":""},"class_list":["post-21","page","type-page","status-publish","hentry"],"aioseo_notices":[],"_links":{"self":[{"href":"https:\/\/siliconcarbide.net\/ca\/wp-json\/wp\/v2\/pages\/21","targetHints":{"allow":["GET"]}}],"collection":[{"href":"https:\/\/siliconcarbide.net\/ca\/wp-json\/wp\/v2\/pages"}],"about":[{"href":"https:\/\/siliconcarbide.net\/ca\/wp-json\/wp\/v2\/types\/page"}],"author":[{"embeddable":true,"href":"https:\/\/siliconcarbide.net\/ca\/wp-json\/wp\/v2\/users\/1"}],"replies":[{"embeddable":true,"href":"https:\/\/siliconcarbide.net\/ca\/wp-json\/wp\/v2\/comments?post=21"}],"version-history":[{"count":3,"href":"https:\/\/siliconcarbide.net\/ca\/wp-json\/wp\/v2\/pages\/21\/revisions"}],"predecessor-version":[{"id":665,"href":"https:\/\/siliconcarbide.net\/ca\/wp-json\/wp\/v2\/pages\/21\/revisions\/665"}],"wp:attachment":[{"href":"https:\/\/siliconcarbide.net\/ca\/wp-json\/wp\/v2\/media?parent=21"}],"curies":[{"name":"wp","href":"https:\/\/api.w.org\/{rel}","templated":true}]}}