{"id":9,"date":"2013-08-25T11:29:05","date_gmt":"2013-08-25T03:29:05","guid":{"rendered":"http:\/\/siliconcarbide.net\/?page_id=9"},"modified":"2022-01-23T13:32:48","modified_gmt":"2022-01-23T05:32:48","slug":"o","status":"publish","type":"page","link":"https:\/\/siliconcarbide.net\/bs\/about\/","title":{"rendered":"O nama"},"content":{"rendered":"<p>Nalazimo se u \u0160angaju u Kini i specijalizirani smo za dizajniranje i isporuku keramike od silicijskog karbida, kao \u0161to su sinterirana keramika od silicijskog karbida i keramika od silicijskog karbida izra\u0111ena reakcijskim vezivanjem. Preporu\u010dujemo da svoj projekt s nama razmotrite rano kako biste izbjegli te\u0161ke probleme kasnije. Navest \u0107emo prednosti svakog materijala i razmotriti razli\u010dite tehnike obrade koje su prikladne. Silicijski karbid je umjetni materijal koji se proizvodi zagrijavanjem silicijskog pijeska i ugljika na visoke temperature u pe\u0107i. Silikon karbid je izuzetno tvrd materijal (tvrdo\u0107a po Mohsu 9), hemijski inertan i ne topi se. Silikon karbid ima visoku toplotnu provodljivost, nizak koeficijent toplotnog \u0161irenja, otporan je na toplotni \u0161ok i habanje te je \u010dvrst na visokim temperaturama. Razli\u010dita svojstva silikon karbida \u010dine ga efikasnim materijalom u mnogim razli\u010ditim primjenama. Recite nam va\u0161e zahtjeve, a mi \u0107emo dizajnirati i isporu\u010diti najbolji proizvod za vas. Va\u0161i komentari su nam najve\u0107a podr\u0161ka. Unapre\u0111enje nikada ne prestaje. Pozdravljamo va\u0161 upit sa zahtjevima i komentarima! Stalna kontrola kvaliteta tokom proizvodnje garancija je za dobar kvalitet i zadovoljstvo na\u0161ih kupaca. Ispunjavanje specifikacija i nacrta na\u0161ih kupaca je osnova na\u0161e kontrole kvaliteta. Koristimo mnoge na\u010dine i opremu za inspekciju proizvoda. Tako\u0111er kontroliramo svaki korak proizvodnje. Podatke o kvalitetu \u0107emo pohraniti u svrhu sljedivosti. Slobodno nam uputite svoj upit, uklju\u010duju\u0107i zahtjeve i komentare!<\/p>\n<p><a href=\"http:\/\/siliconcarbide.net\/wp-content\/uploads\/2013\/08\/sisic-ceramic.jpg\"><img decoding=\"async\" class=\"size-full wp-image-280 aligncenter lazyload\" data-src=\"http:\/\/siliconcarbide.net\/wp-content\/uploads\/2013\/08\/sisic-ceramic.jpg\" alt=\"Sisi\u0107 keramika\" width=\"853\" height=\"640\" data-srcset=\"https:\/\/siliconcarbide.net\/wp-content\/uploads\/2013\/08\/sisic-ceramic.jpg 853w, https:\/\/siliconcarbide.net\/wp-content\/uploads\/2013\/08\/sisic-ceramic-300x225.jpg 300w, https:\/\/siliconcarbide.net\/wp-content\/uploads\/2013\/08\/sisic-ceramic-768x576.jpg 768w\" data-sizes=\"(max-width: 853px) 100vw, 853px\" src=\"data:image\/gif;base64,R0lGODlhAQABAAAAACH5BAEKAAEALAAAAAABAAEAAAICTAEAOw==\" style=\"--smush-placeholder-width: 853px; --smush-placeholder-aspect-ratio: 853\/640;\" \/><\/a><\/p>","protected":false},"excerpt":{"rendered":"<p>We are in shanghai in china,specializing in designing and supplying Silicon Carbide Ceramic,such as sintered silicon carbide ceramic,reaction bonded silicon carbide ceramic.We encourage you to discuss your project with us early to avoid difficult problems later.We will specify benefits of each material and discuss various processing techniques which is suitable.Silicon carbide is a man-made material [&hellip;]<\/p>\n","protected":false},"author":1,"featured_media":0,"parent":0,"menu_order":0,"comment_status":"closed","ping_status":"closed","template":"","meta":{"ngg_post_thumbnail":0,"footnotes":""},"class_list":["post-9","page","type-page","status-publish","hentry"],"aioseo_notices":[],"_links":{"self":[{"href":"https:\/\/siliconcarbide.net\/bs\/wp-json\/wp\/v2\/pages\/9","targetHints":{"allow":["GET"]}}],"collection":[{"href":"https:\/\/siliconcarbide.net\/bs\/wp-json\/wp\/v2\/pages"}],"about":[{"href":"https:\/\/siliconcarbide.net\/bs\/wp-json\/wp\/v2\/types\/page"}],"author":[{"embeddable":true,"href":"https:\/\/siliconcarbide.net\/bs\/wp-json\/wp\/v2\/users\/1"}],"replies":[{"embeddable":true,"href":"https:\/\/siliconcarbide.net\/bs\/wp-json\/wp\/v2\/comments?post=9"}],"version-history":[{"count":4,"href":"https:\/\/siliconcarbide.net\/bs\/wp-json\/wp\/v2\/pages\/9\/revisions"}],"predecessor-version":[{"id":484,"href":"https:\/\/siliconcarbide.net\/bs\/wp-json\/wp\/v2\/pages\/9\/revisions\/484"}],"wp:attachment":[{"href":"https:\/\/siliconcarbide.net\/bs\/wp-json\/wp\/v2\/media?parent=9"}],"curies":[{"name":"wp","href":"https:\/\/api.w.org\/{rel}","templated":true}]}}