{"id":97,"date":"2015-01-11T18:02:03","date_gmt":"2015-01-11T10:02:03","guid":{"rendered":"http:\/\/siliconcarbide.net\/?page_id=97"},"modified":"2017-10-12T08:15:26","modified_gmt":"2017-10-12T00:15:26","slug":"keyfiyy%c9%99t%c9%99-n%c9%99zar%c9%99t","status":"publish","type":"page","link":"https:\/\/siliconcarbide.net\/az\/quality-control\/","title":{"rendered":"Keyfiyy\u0259t\u0259 N\u0259zar\u0259t"},"content":{"rendered":"<p>\n\t\u0130stehsal zaman\u0131 davaml\u0131 keyfiyy\u0259t n\u0259zar\u0259ti yax\u015f\u0131 keyfiyy\u0259tin v\u0259 m\u00fc\u015ft\u0259rimizin m\u0259mnunlu\u011funun z\u0259man\u0259tidir. M\u00fc\u015ft\u0259ril\u0259rimizin spesifikasiyalar\u0131na v\u0259 eskizl\u0259rin\u0259 \u0259m\u0259l etm\u0259k keyfiyy\u0259t n\u0259zar\u0259timizin \u0259sas\u0131n\u0131 t\u0259\u015fkil edir. M\u0259hsullar\u0131 yoxlamaq \u00fc\u00e7\u00fcn m\u00fcxt\u0259lif \u00fcsullardan v\u0259 avadanl\u0131qlardan istifad\u0259 edirik. H\u0259m\u00e7inin istehsal\u0131n h\u0259r m\u0259rh\u0259l\u0259sini n\u0259zar\u0259td\u0259 saxlay\u0131r\u0131q. \u0130zl\u0259nil\u0259 bilm\u0259 m\u0259qs\u0259dil\u0259 m\u0259lumatlar\u0131 saxlayaca\u011f\u0131q.\n<\/p>\n<p>\n\t<!--more-->\n<\/p>\n<p>\n\tErk\u0259n dizayn m\u0259rh\u0259l\u0259sind\u0259n uy\u011fun material\u0131n se\u00e7ilm\u0259si<br \/>\n\t\u018fn s\u0259rf\u0259li istehsal yolunu se\u00e7\u0259rk\u0259n<br \/>\n\tM\u00fc\u015ft\u0259ri xidm\u0259timiz v\u0259 m\u0259hsullar\u0131m\u0131z \u00fc\u00e7\u00fcn y\u00fcks\u0259k keyfiyy\u0259t standartlar\u0131 t\u0259min etm\u0259kd\u0259<br \/>\n\tprosesl\u0259rimizin tam izl\u0259nil\u0259 bilm\u0259sini t\u0259min etm\u0259kd\u0259<br \/>\n\tv\u0259 keyfiyy\u0259t sistemimizi davaml\u0131 olaraq daha y\u00fcks\u0259k s\u0259m\u0259r\u0259liliy\u0259 aparmaq bir qaydad\u0131r\n<\/p>\n<p>\n\tBiz \u00f6z silikon karbid keramikal\u0259rimizi dizayn edir, inki\u015faf etdirir v\u0259 istehsal edirik ki, m\u00fcxt\u0259lif ekstremal a\u015f\u0131nd\u0131r\u0131c\u0131 a\u015f\u0131nma, korroziya, y\u00fcks\u0259k temperatur v\u0259 termal \u015fok t\u0259tbiq t\u0259l\u0259bl\u0259rin\u0259 cavab ver\u0259n \u0259la performans t\u0259min ed\u0259k. Bizim silikon karbid keramikal\u0259rimiz a\u015fa\u011f\u0131dak\u0131 \u00fcst\u00fcnl\u00fckl\u0259ri t\u0259klif edir:<br \/>\n\tMaterial\u0131n t\u0259rkibinin statistik c\u0259h\u0259td\u0259n haz\u0131rlanm\u0131\u015f \u00fcsullarla formala\u015fd\u0131r\u0131lmas\u0131.<br \/>\n\tDavaml\u0131, y\u00fcks\u0259k keyfiyy\u0259tli xammal\u0131n ekskl\u00fcziv istifad\u0259si.<br \/>\n\t\u015eirk\u0259t daxilind\u0259 q\u0259lib haz\u0131rlanmas\u0131, daxild\u0259 inki\u015faf etdirilmi\u015f, s\u00fcr\u0259tli prototipl\u0259\u015fdirm\u0259 daxil olmaqla \u00e7oxmateriall\u0131 h\u0259ll\u0259r, CNC freze avadanl\u0131\u011f\u0131.<br \/>\n\tDaxili i\u015f al\u0259tl\u0259ri davaml\u0131 y\u00fcks\u0259k keyfiyy\u0259t v\u0259 \u00e7eviklik \u00fc\u00e7\u00fcn.<br \/>\n\tB\u00fct\u00fcn istehsal \u0259m\u0259liyyat\u0131 boyunca proses n\u0259zar\u0259ti v\u0259 monitorinq detallar\u0131.<br \/>\n\tYand\u0131rma ard\u0131c\u0131ll\u0131\u011f\u0131n\u0131 v\u0259 saxlama m\u00fcdd\u0259tini optimalla\u015fd\u0131ran soba idar\u0259etm\u0259l\u0259ri v\u0259 dig\u0259rl\u0259ri; h\u0259r tamamlanan d\u00f6vr \u00fc\u00e7\u00fcn n\u0259tic\u0259l\u0259rin yoxlan\u0131lmas\u0131 izl\u0259nilir.\n<\/p>\n<p>\n\tReaksiya \u00fcsulu il\u0259 birl\u0259\u015fdirilmi\u015f silikon karbid keramika \u00fc\u00e7\u00fcn g\u00f6st\u0259ricil\u0259ri a\u015fa\u011f\u0131da tap\u0131n.\n<\/p>\n<p>\n\t<a href=\"http:\/\/siliconcarbide.net\/wp-content\/uploads\/2015\/01\/Reaction-Bonded-silicon-carbide-ceramic-indicator.pdf\">Reaksiya il\u0259 birl\u0259\u015fdirilmi\u015f silikon karbid keramika g\u00f6st\u0259ricisi<\/a>(PDF fayl\u0131)\n<\/p>\n<p>\n\tZ\u0259hm\u0259t olmasa sinterl\u0259nmi\u015f silikon karbid keramika \u00fc\u00e7\u00fcn g\u00f6st\u0259ricil\u0259ri tap\u0131n.\n<\/p>\n<p>\n\t<a href=\"http:\/\/siliconcarbide.net\/wp-content\/uploads\/2015\/01\/Sintered-Silicon-Carbide-Ceramic-indicator.pdf\">Sinterl\u0259nmi\u015f silikon karbid keramika g\u00f6st\u0259ricisi<\/a>(PDF fayl\u0131)\n<\/p>\n<p>\n\t<a href=\"http:\/\/siliconcarbide.net\/wp-content\/uploads\/2015\/01\/reaction-bonded-silicon-carbide.jpg\"><img decoding=\"async\" alt=\"reaksiya il\u0259 birl\u0259\u015fdirilmi\u015f silikon karbid\" class=\"alignnone size-full wp-image-271 lazyload\" height=\"824\" data-src=\"http:\/\/siliconcarbide.net\/wp-content\/uploads\/2015\/01\/reaction-bonded-silicon-carbide.jpg\" width=\"628\" src=\"data:image\/gif;base64,R0lGODlhAQABAAAAACH5BAEKAAEALAAAAAABAAEAAAICTAEAOw==\" style=\"--smush-placeholder-width: 628px; --smush-placeholder-aspect-ratio: 628\/824;\" \/><\/a>\n<\/p>\n<p>\n\t<a href=\"http:\/\/siliconcarbide.net\/wp-content\/uploads\/2015\/01\/silicon-carbide-ceramic-function.jpg\"><img decoding=\"async\" alt=\"silikon karbidli keramikan\u0131n funksiyas\u0131\" class=\"alignnone size-full wp-image-220 lazyload\" height=\"602\" data-src=\"http:\/\/siliconcarbide.net\/wp-content\/uploads\/2015\/01\/silicon-carbide-ceramic-function.jpg\" width=\"617\" src=\"data:image\/gif;base64,R0lGODlhAQABAAAAACH5BAEKAAEALAAAAAABAAEAAAICTAEAOw==\" style=\"--smush-placeholder-width: 617px; --smush-placeholder-aspect-ratio: 617\/602;\" \/><\/a><\/p>","protected":false},"excerpt":{"rendered":"<p>The constant quality control during manufacturing is the guarantee for the good quality and for the satisfaction of our customer. Meeting the specifications and drawings of our customers are the basis of our quality control. We use many ways and equipment to inspect for products. Also we control every step for producing.We will store&nbsp; data [&hellip;]<\/p>\n","protected":false},"author":1,"featured_media":0,"parent":0,"menu_order":0,"comment_status":"closed","ping_status":"open","template":"","meta":{"ngg_post_thumbnail":0,"footnotes":""},"class_list":["post-97","page","type-page","status-publish","hentry"],"aioseo_notices":[],"_links":{"self":[{"href":"https:\/\/siliconcarbide.net\/az\/wp-json\/wp\/v2\/pages\/97","targetHints":{"allow":["GET"]}}],"collection":[{"href":"https:\/\/siliconcarbide.net\/az\/wp-json\/wp\/v2\/pages"}],"about":[{"href":"https:\/\/siliconcarbide.net\/az\/wp-json\/wp\/v2\/types\/page"}],"author":[{"embeddable":true,"href":"https:\/\/siliconcarbide.net\/az\/wp-json\/wp\/v2\/users\/1"}],"replies":[{"embeddable":true,"href":"https:\/\/siliconcarbide.net\/az\/wp-json\/wp\/v2\/comments?post=97"}],"version-history":[{"count":0,"href":"https:\/\/siliconcarbide.net\/az\/wp-json\/wp\/v2\/pages\/97\/revisions"}],"wp:attachment":[{"href":"https:\/\/siliconcarbide.net\/az\/wp-json\/wp\/v2\/media?parent=97"}],"curies":[{"name":"wp","href":"https:\/\/api.w.org\/{rel}","templated":true}]}}