{"id":93,"date":"2015-01-11T17:14:44","date_gmt":"2015-01-11T09:14:44","guid":{"rendered":"http:\/\/siliconcarbide.net\/?page_id=93"},"modified":"2016-01-02T12:32:21","modified_gmt":"2016-01-02T04:32:21","slug":"r%c9%99y","status":"publish","type":"page","link":"https:\/\/siliconcarbide.net\/az\/feedback\/","title":{"rendered":"R\u0259y"},"content":{"rendered":"<p>Sizin h\u0259r hans\u0131 \u015f\u0259rhiniz bizim \u00fc\u00e7\u00fcn \u0259n b\u00f6y\u00fck d\u0259st\u0259kdir. T\u0259kmill\u0259\u015fm\u0259 he\u00e7 vaxt bitm\u0259y\u0259c\u0259k!<\/p>","protected":false},"excerpt":{"rendered":"<p>Sizin h\u0259r hans\u0131 \u015f\u0259rhiniz bizim \u00fc\u00e7\u00fcn \u0259n b\u00f6y\u00fck d\u0259st\u0259kdir. T\u0259kmill\u0259\u015fm\u0259 he\u00e7 vaxt bitm\u0259y\u0259c\u0259k!<\/p>","protected":false},"author":1,"featured_media":0,"parent":0,"menu_order":0,"comment_status":"open","ping_status":"open","template":"page-contact.php","meta":{"ngg_post_thumbnail":0,"footnotes":""},"class_list":["post-93","page","type-page","status-publish","hentry"],"aioseo_notices":[],"_links":{"self":[{"href":"https:\/\/siliconcarbide.net\/az\/wp-json\/wp\/v2\/pages\/93","targetHints":{"allow":["GET"]}}],"collection":[{"href":"https:\/\/siliconcarbide.net\/az\/wp-json\/wp\/v2\/pages"}],"about":[{"href":"https:\/\/siliconcarbide.net\/az\/wp-json\/wp\/v2\/types\/page"}],"author":[{"embeddable":true,"href":"https:\/\/siliconcarbide.net\/az\/wp-json\/wp\/v2\/users\/1"}],"replies":[{"embeddable":true,"href":"https:\/\/siliconcarbide.net\/az\/wp-json\/wp\/v2\/comments?post=93"}],"version-history":[{"count":0,"href":"https:\/\/siliconcarbide.net\/az\/wp-json\/wp\/v2\/pages\/93\/revisions"}],"wp:attachment":[{"href":"https:\/\/siliconcarbide.net\/az\/wp-json\/wp\/v2\/media?parent=93"}],"curies":[{"name":"wp","href":"https:\/\/api.w.org\/{rel}","templated":true}]}}