{"id":9,"date":"2013-08-25T11:29:05","date_gmt":"2013-08-25T03:29:05","guid":{"rendered":"http:\/\/siliconcarbide.net\/?page_id=9"},"modified":"2022-01-23T13:32:48","modified_gmt":"2022-01-23T05:32:48","slug":"haqqinda","status":"publish","type":"page","link":"https:\/\/siliconcarbide.net\/az\/about\/","title":{"rendered":"Haqq\u0131nda"},"content":{"rendered":"<p>Biz \u00c7inin \u015eanxay \u015f\u0259h\u0259rind\u0259 yerl\u0259\u015firik, silikon karbid keramika, m\u0259s\u0259l\u0259n, sinterl\u0259nmi\u015f silikon karbid keramika v\u0259 reaksiya ba\u011fl\u0131 silikon karbid keramika dizayn\u0131 v\u0259 t\u0259chizat\u0131 \u00fczr\u0259 ixtisasla\u015fm\u0131\u015f\u0131q. Layih\u0259nizi sonradan \u00e7\u0259tin probleml\u0259r yaranmamas\u0131 \u00fc\u00e7\u00fcn erk\u0259n biziml\u0259 m\u00fczakir\u0259 etm\u0259yinizi t\u00f6vsiy\u0259 edirik. H\u0259r bir material\u0131n \u00fcst\u00fcnl\u00fckl\u0259rini m\u00fc\u0259yy\u0259n ed\u0259c\u0259k v\u0259 uy\u011fun m\u00fcxt\u0259lif emal texnikalar\u0131n\u0131 m\u00fczakir\u0259 ed\u0259c\u0259yik. Silikon karbid insan \u0259li il\u0259 haz\u0131rlanm\u0131\u015f materiald\u0131r v\u0259 silisli qum il\u0259 karbonun sobada y\u00fcks\u0259k temperaturda istil\u0259\u015fdirilm\u0259si yolu il\u0259 istehsal olunur. Silikon karbid son d\u0259r\u0259c\u0259 s\u0259rt materiald\u0131r (Mohs s\u0259rtliyi 9), kimy\u0259vi c\u0259h\u0259td\u0259n inertdir v\u0259 \u0259rim\u0259z. Silikon karbid y\u00fcks\u0259k istilik ke\u00e7iriciliyin\u0259, a\u015fa\u011f\u0131 istilik gen\u0259lm\u0259 \u0259msal\u0131na, istilik \u015foku v\u0259 a\u015f\u0131nmaya davaml\u0131l\u0131\u011fa, el\u0259c\u0259 d\u0259 y\u00fcks\u0259k temperaturlarda m\u00f6hk\u0259mliy\u0259 malikdir. Silikon karbidin m\u00fcxt\u0259lif x\u00fcsusiyy\u0259tl\u0259ri onu bir \u00e7ox t\u0259tbiql\u0259rd\u0259 effektiv material edir. T\u0259l\u0259bl\u0259rinizi biz\u0259 bildirin, biz sizin \u00fc\u00e7\u00fcn \u0259n yax\u015f\u0131 m\u0259hsulu dizayn edib t\u0259chiz ed\u0259c\u0259yik. H\u0259r hans\u0131 r\u0259yiniz bizim \u00fc\u00e7\u00fcn \u0259n b\u00f6y\u00fck d\u0259st\u0259kdir. T\u0259kmill\u0259\u015fm\u0259 he\u00e7 vaxt bitm\u0259z. T\u0259l\u0259b v\u0259 \u015f\u0259rhl\u0259rinizi \u0259hat\u0259 ed\u0259n sor\u011funuza xo\u015f g\u0259lmisiniz! \u0130stehsal zaman\u0131 davaml\u0131 keyfiyy\u0259t\u0259 n\u0259zar\u0259t yax\u015f\u0131 keyfiyy\u0259tin v\u0259 m\u00fc\u015ft\u0259ril\u0259rimizin m\u0259mnunlu\u011funun z\u0259man\u0259tidir. M\u00fc\u015ft\u0259ril\u0259rimizin spesifikasiyalar\u0131na v\u0259 eskizl\u0259rin\u0259 cavab verm\u0259k keyfiyy\u0259t\u0259 n\u0259zar\u0259timizin \u0259sas\u0131n\u0131 t\u0259\u015fkil edir. M\u0259hsullar\u0131 yoxlamaq \u00fc\u00e7\u00fcn m\u00fcxt\u0259lif \u00fcsullardan v\u0259 avadanl\u0131qlardan istifad\u0259 edirik. H\u0259m\u00e7inin istehsal\u0131n h\u0259r m\u0259rh\u0259l\u0259sini n\u0259zar\u0259td\u0259 saxlay\u0131r\u0131q. Keyfiyy\u0259t m\u0259lumatlar\u0131n\u0131 izl\u0259nil\u0259 bilm\u0259 m\u0259qs\u0259dil\u0259 saxlayaca\u011f\u0131q. T\u0259l\u0259b v\u0259 \u015f\u0259rhl\u0259rinizi \u0259hat\u0259 ed\u0259n sor\u011funuzu q\u0259bul etm\u0259y\u0259 xo\u015f g\u0259lmisiniz!<\/p>\n<p><a href=\"http:\/\/siliconcarbide.net\/wp-content\/uploads\/2013\/08\/sisic-ceramic.jpg\"><img decoding=\"async\" class=\"size-full wp-image-280 aligncenter lazyload\" data-src=\"http:\/\/siliconcarbide.net\/wp-content\/uploads\/2013\/08\/sisic-ceramic.jpg\" alt=\"sisic keramika\" width=\"853\" height=\"640\" data-srcset=\"https:\/\/siliconcarbide.net\/wp-content\/uploads\/2013\/08\/sisic-ceramic.jpg 853w, https:\/\/siliconcarbide.net\/wp-content\/uploads\/2013\/08\/sisic-ceramic-300x225.jpg 300w, https:\/\/siliconcarbide.net\/wp-content\/uploads\/2013\/08\/sisic-ceramic-768x576.jpg 768w\" data-sizes=\"(max-width: 853px) 100vw, 853px\" src=\"data:image\/gif;base64,R0lGODlhAQABAAAAACH5BAEKAAEALAAAAAABAAEAAAICTAEAOw==\" style=\"--smush-placeholder-width: 853px; --smush-placeholder-aspect-ratio: 853\/640;\" \/><\/a><\/p>","protected":false},"excerpt":{"rendered":"<p>We are in shanghai in china,specializing in designing and supplying Silicon Carbide Ceramic,such as sintered silicon carbide ceramic,reaction bonded silicon carbide ceramic.We encourage you to discuss your project with us early to avoid difficult problems later.We will specify benefits of each material and discuss various processing techniques which is suitable.Silicon carbide is a man-made material [&hellip;]<\/p>\n","protected":false},"author":1,"featured_media":0,"parent":0,"menu_order":0,"comment_status":"closed","ping_status":"closed","template":"","meta":{"ngg_post_thumbnail":0,"footnotes":""},"class_list":["post-9","page","type-page","status-publish","hentry"],"aioseo_notices":[],"_links":{"self":[{"href":"https:\/\/siliconcarbide.net\/az\/wp-json\/wp\/v2\/pages\/9","targetHints":{"allow":["GET"]}}],"collection":[{"href":"https:\/\/siliconcarbide.net\/az\/wp-json\/wp\/v2\/pages"}],"about":[{"href":"https:\/\/siliconcarbide.net\/az\/wp-json\/wp\/v2\/types\/page"}],"author":[{"embeddable":true,"href":"https:\/\/siliconcarbide.net\/az\/wp-json\/wp\/v2\/users\/1"}],"replies":[{"embeddable":true,"href":"https:\/\/siliconcarbide.net\/az\/wp-json\/wp\/v2\/comments?post=9"}],"version-history":[{"count":4,"href":"https:\/\/siliconcarbide.net\/az\/wp-json\/wp\/v2\/pages\/9\/revisions"}],"predecessor-version":[{"id":484,"href":"https:\/\/siliconcarbide.net\/az\/wp-json\/wp\/v2\/pages\/9\/revisions\/484"}],"wp:attachment":[{"href":"https:\/\/siliconcarbide.net\/az\/wp-json\/wp\/v2\/media?parent=9"}],"curies":[{"name":"wp","href":"https:\/\/api.w.org\/{rel}","templated":true}]}}