{"id":79,"date":"2014-11-30T20:29:59","date_gmt":"2014-11-30T12:29:59","guid":{"rendered":"http:\/\/siliconcarbide.net\/?page_id=79"},"modified":"2018-03-28T21:32:54","modified_gmt":"2018-03-28T13:32:54","slug":"sisic-soyutma-hava-borulari","status":"publish","type":"page","link":"https:\/\/siliconcarbide.net\/az\/sisic-cooling-air-pipes\/","title":{"rendered":"SISIC Soyuducu Hava Borular\u0131"},"content":{"rendered":"<p>\n\t<a href=\"http:\/\/siliconcarbide.net\/az\/sisic-soyutma-hava-borulari\/\">Reaksiya il\u0259 birl\u0259\u015fdirilmi\u015f silikon karbid<\/a>, silikonla\u015fd\u0131r\u0131lm\u0131\u015f silisium karbid v\u0259 ya SiSiC kimi d\u0259 tan\u0131nan, g\u00f6zenekli karbon v\u0259 ya qrafit il\u0259 \u0259ritilmi\u015f silisium aras\u0131nda kimy\u0259vi reaksiya n\u0259tic\u0259sind\u0259 istehsal olunan bir n\u00f6v sic-dir.\n<\/p>\n<p>\n\tSISIC soyuducu hava borular\u0131 rulonlu sobalar\u0131n soyuducu hiss\u0259sind\u0259 istifad\u0259 olunur. Bu n\u00f6v silikon karbid borusu s\u00fcr\u0259tli soyutmada \u0259la performans g\u00f6st\u0259rir. Uzunm\u00fcdd\u0259tli istifad\u0259d\u0259 bel\u0259 bu tip SISIC boruda he\u00e7 bir deformasiya yaranm\u0131r. Bu n\u00f6v silikon karbid borunun i\u015fl\u0259m\u0259 m\u00fcdd\u0259ti paslanmayan polad borulardan 10 d\u0259f\u0259d\u0259n \u00e7oxdur.\n<\/p>\n<p>\n\t<a href=\"http:\/\/siliconcarbide.net\/wp-content\/uploads\/2014\/11\/SISIC-Cooling-Air-pipes.jpg\"><img decoding=\"async\" alt=\"SISIC Soyuducu Hava Borular\u0131\" class=\"alignnone size-full wp-image-80 lazyload\" height=\"350\" data-src=\"http:\/\/siliconcarbide.net\/wp-content\/uploads\/2014\/11\/SISIC-Cooling-Air-pipes.jpg\" width=\"500\" data-srcset=\"https:\/\/siliconcarbide.net\/wp-content\/uploads\/2014\/11\/SISIC-Cooling-Air-pipes.jpg 500w, https:\/\/siliconcarbide.net\/wp-content\/uploads\/2014\/11\/SISIC-Cooling-Air-pipes-300x210.jpg 300w\" data-sizes=\"(max-width: 500px) 100vw, 500px\" src=\"data:image\/gif;base64,R0lGODlhAQABAAAAACH5BAEKAAEALAAAAAABAAEAAAICTAEAOw==\" style=\"--smush-placeholder-width: 500px; --smush-placeholder-aspect-ratio: 500\/350;\" \/><\/a>\n<\/p>\n<p>\n\t&nbsp;<\/p>","protected":false},"excerpt":{"rendered":"<p>Reaction bonded silicon carbide, also known as siliconized silicon carbide or SiSiC, is a type of sic that is manufactured by a chemical reaction between porous carbon or graphite with molten silicon. SISIC Cooling Air pipes&nbsp;are used for the cooling area of roller hearth kilns.This kind silicon carbide pipe display excellent performance in rapid cooling.And [&hellip;]<\/p>\n","protected":false},"author":1,"featured_media":0,"parent":0,"menu_order":0,"comment_status":"closed","ping_status":"open","template":"","meta":{"ngg_post_thumbnail":0,"footnotes":""},"class_list":["post-79","page","type-page","status-publish","hentry"],"aioseo_notices":[],"_links":{"self":[{"href":"https:\/\/siliconcarbide.net\/az\/wp-json\/wp\/v2\/pages\/79","targetHints":{"allow":["GET"]}}],"collection":[{"href":"https:\/\/siliconcarbide.net\/az\/wp-json\/wp\/v2\/pages"}],"about":[{"href":"https:\/\/siliconcarbide.net\/az\/wp-json\/wp\/v2\/types\/page"}],"author":[{"embeddable":true,"href":"https:\/\/siliconcarbide.net\/az\/wp-json\/wp\/v2\/users\/1"}],"replies":[{"embeddable":true,"href":"https:\/\/siliconcarbide.net\/az\/wp-json\/wp\/v2\/comments?post=79"}],"version-history":[{"count":0,"href":"https:\/\/siliconcarbide.net\/az\/wp-json\/wp\/v2\/pages\/79\/revisions"}],"wp:attachment":[{"href":"https:\/\/siliconcarbide.net\/az\/wp-json\/wp\/v2\/media?parent=79"}],"curies":[{"name":"wp","href":"https:\/\/api.w.org\/{rel}","templated":true}]}}