{"id":75,"date":"2014-01-09T20:39:18","date_gmt":"2014-01-09T12:39:18","guid":{"rendered":"http:\/\/siliconcarbide.net\/?page_id=75"},"modified":"2021-06-15T15:43:37","modified_gmt":"2021-06-15T07:43:37","slug":"bel%c9%99-k%c9%99sism%c9%99-sualar","status":"publish","type":"page","link":"https:\/\/siliconcarbide.net\/az\/sic-cross-beams\/","title":{"rendered":"SIC Traversl\u0259r"},"content":{"rendered":"<p>Sisik \u015f\u00fcas\u0131 y\u00fcks\u0259k temperaturda y\u00fcks\u0259k da\u015f\u0131ma qabiliyy\u0259tin\u0259 malikdir, uzunm\u00fcdd\u0259tli istifad\u0259d\u0259 \u0259yilm\u0259 deformasiyas\u0131 olmadan i\u015fl\u0259yir. Silikon karbid \u015f\u00fcalar\u0131 1380 \u00b0C-d\u0259 i\u015fl\u0259yir, yan \u015f\u00fcan\u0131n texniki parametrl\u0259ri d\u0259yi\u015fm\u0259z qal\u0131r.SiSiC \u015f\u00fcas\u0131 y\u00fcks\u0259k m\u00f6hk\u0259mlik, y\u00fcks\u0259k s\u0259rtlik, y\u00fcks\u0259k temperatur m\u00fcqavim\u0259ti, a\u015f\u0131nma m\u00fcqavim\u0259ti, korroziyaya qar\u015f\u0131 m\u00fcqavim\u0259t, oksidl\u0259\u015fm\u0259y\u0259 qar\u015f\u0131 m\u00fcqavim\u0259t, istilik m\u00fcqavim\u0259ti, yax\u015f\u0131 termiki \u015fok m\u00fcqavim\u0259ti, yax\u015f\u0131 istilik ke\u00e7iriciliyi v\u0259 y\u00fcks\u0259k istilik s\u0259m\u0259r\u0259liliyin\u0259 malikdir. Reaksiya ba\u011fl\u0131 silikon karbidind\u0259n haz\u0131rlanm\u0131\u015f SiSiC \u015f\u00fcalar\u0131 tunel sobalar\u0131n\u0131n, \u015futtle sobalar\u0131n\u0131n v\u0259 bir \u00e7ox dig\u0259r s\u0259naye sobalar\u0131n\u0131n y\u00fckl\u0259nm\u0259 struktur sisteml\u0259rind\u0259 istifad\u0259 olunur. Silikon karbid \u015f\u00fcalar\u0131 daha y\u00fcks\u0259k m\u00f6hk\u0259mliy\u0259 malikdir v\u0259 \u00e7ox y\u00fcks\u0259k temperaturda bel\u0259 deformasiya olmur.<!--more-->H\u0259m\u00e7inin bu c\u00fcr silikon karbid r\u0259fl\u0259r uzun istismar m\u00fcdd\u0259ti g\u00f6st\u0259rir. Reaksiya \u00fcsulu il\u0259 birl\u0259\u015fdirilmi\u015f silikon karbid keramika \u015f\u00fcalar\u0131 sanitar l\u0259vazimatlar v\u0259 elektrik porselan t\u0259tbiql\u0259ri \u00fc\u00e7\u00fcn \u0259n uy\u011fun soba avadanl\u0131\u011f\u0131d\u0131r. <a href=\"http:\/\/siliconcarbide.net\/az\/reaksiya-il%c9%99-birl%c9%99sdirilmis-silikon-karbid\/bel%c9%99-k%c9%99sism%c9%99-sualar\/\">SiSiC \u015f\u00fca<\/a> \u018fla istilik ke\u00e7iriciliy\u0259 malikdir, buna g\u00f6r\u0259 enerji q\u0259na\u0259ti m\u00fcmk\u00fcnd\u00fcr. Sizin t\u0259l\u0259bl\u0259riniz\u0259 uy\u011fun SiSiC \u015f\u00fca haz\u0131rlaya bil\u0259rik.<\/p>\n<p><a href=\"http:\/\/siliconcarbide.net\/wp-content\/uploads\/2014\/01\/silicon-carbide-ceramic-Cross-Beams.jpg\"><img decoding=\"async\" class=\"alignnone size-full wp-image-74 lazyload\" data-src=\"http:\/\/siliconcarbide.net\/wp-content\/uploads\/2014\/01\/silicon-carbide-ceramic-Cross-Beams.jpg\" alt=\"silikon karbidli keramika k\u0259si\u015fm\u0259 \u015f\u00fcalar\u0131\" width=\"350\" height=\"209\" data-srcset=\"https:\/\/siliconcarbide.net\/wp-content\/uploads\/2014\/01\/silicon-carbide-ceramic-Cross-Beams.jpg 350w, https:\/\/siliconcarbide.net\/wp-content\/uploads\/2014\/01\/silicon-carbide-ceramic-Cross-Beams-300x179.jpg 300w\" data-sizes=\"(max-width: 350px) 100vw, 350px\" src=\"data:image\/gif;base64,R0lGODlhAQABAAAAACH5BAEKAAEALAAAAAABAAEAAAICTAEAOw==\" style=\"--smush-placeholder-width: 350px; --smush-placeholder-aspect-ratio: 350\/209;\" \/><\/a><\/p>","protected":false},"excerpt":{"rendered":"<p>sisic beam has high bearing capacity at high temperature, long-term use without bending deformation.silicon carbide beams works at 1380 C,technical parameters of the cross beam remain unchanged.sisic beam has high strength, high hardness, high temperature resistance, wear resistance, corrosion resistance, oxidation resistance, heat resistance, good thermal shock resistance, good thermal conductivity and high thermal efficiency.sic [&hellip;]<\/p>\n","protected":false},"author":1,"featured_media":0,"parent":0,"menu_order":0,"comment_status":"closed","ping_status":"open","template":"","meta":{"ngg_post_thumbnail":0,"footnotes":""},"class_list":["post-75","page","type-page","status-publish","hentry"],"aioseo_notices":[],"_links":{"self":[{"href":"https:\/\/siliconcarbide.net\/az\/wp-json\/wp\/v2\/pages\/75","targetHints":{"allow":["GET"]}}],"collection":[{"href":"https:\/\/siliconcarbide.net\/az\/wp-json\/wp\/v2\/pages"}],"about":[{"href":"https:\/\/siliconcarbide.net\/az\/wp-json\/wp\/v2\/types\/page"}],"author":[{"embeddable":true,"href":"https:\/\/siliconcarbide.net\/az\/wp-json\/wp\/v2\/users\/1"}],"replies":[{"embeddable":true,"href":"https:\/\/siliconcarbide.net\/az\/wp-json\/wp\/v2\/comments?post=75"}],"version-history":[{"count":0,"href":"https:\/\/siliconcarbide.net\/az\/wp-json\/wp\/v2\/pages\/75\/revisions"}],"wp:attachment":[{"href":"https:\/\/siliconcarbide.net\/az\/wp-json\/wp\/v2\/media?parent=75"}],"curies":[{"name":"wp","href":"https:\/\/api.w.org\/{rel}","templated":true}]}}