{"id":21,"date":"2013-10-01T16:12:18","date_gmt":"2013-10-01T08:12:18","guid":{"rendered":"http:\/\/siliconcarbide.net\/?page_id=21"},"modified":"2025-11-27T23:25:44","modified_gmt":"2025-11-27T15:25:44","slug":"%c9%99laq%c9%99","status":"publish","type":"page","link":"https:\/\/siliconcarbide.net\/az\/contact\/","title":{"rendered":"\u018flaq\u0259"},"content":{"rendered":"<div class=\"company-header__name-wrapper vertical-middle\">\n<h1 class=\"company-header__name vertical-middle-inner\">\u015eanxay Ceratek Silikon Karbid Texnologiyalar\u0131 M\u0259hdud \u015eirk\u0259ti<\/h1>\n<\/div>\n<h3>\u00dcnvan (\u015eanxay ofisi)<br \/>\nJiaHui Plaza, XieTu K\u00fc\u00e7\u0259si 2601-ci k\u00fc\u00e7\u0259, XuHui rayonu, \u015eanxay, \u00c7in<\/h3>\n<h3>E-po\u00e7t \u00fcnvan\u0131:<\/h3>\n<h3><a href=\"mailto:info@siliconcarbide.net\"><strong>info@siliconcarbide.net<\/strong><\/a><\/h3>\n<h3>Telefon n\u00f6mr\u0259si: +86 13472677819<\/h3>\n<h3>\u00c7inli i\u015f\u00e7il\u0259rimiz siz\u0259 tezlikl\u0259 cavab ver\u0259c\u0259kl\u0259r, t\u0259\u015f\u0259kk\u00fcr edirik.<\/h3>","protected":false},"excerpt":{"rendered":"<p>Shanghai Ceratek Silikon Karbid Texnologiyalar\u0131 M\u0259hdud M\u0259suliyy\u0259tli C\u0259miyy\u0259ti   \u00dcnvan (\u015eanxay ofisi): JiaHui Plaza, 2601-ci k\u00fc\u00e7\u0259, XieTu yolu, XuHui rayonu, \u015eanxay, \u00c7in   E-po\u00e7t \u00fcnvan\u0131: info@siliconcarbide.net   Telefon n\u00f6mr\u0259si: +86 13472677819   \u00c7in i\u015f\u00e7il\u0259rimiz tezlikl\u0259 siz\u0259 cavab ver\u0259c\u0259kl\u0259r, t\u0259\u015f\u0259kk\u00fcr edirik.<\/p>","protected":false},"author":1,"featured_media":0,"parent":0,"menu_order":0,"comment_status":"closed","ping_status":"closed","template":"","meta":{"ngg_post_thumbnail":0,"footnotes":""},"class_list":["post-21","page","type-page","status-publish","hentry"],"aioseo_notices":[],"_links":{"self":[{"href":"https:\/\/siliconcarbide.net\/az\/wp-json\/wp\/v2\/pages\/21","targetHints":{"allow":["GET"]}}],"collection":[{"href":"https:\/\/siliconcarbide.net\/az\/wp-json\/wp\/v2\/pages"}],"about":[{"href":"https:\/\/siliconcarbide.net\/az\/wp-json\/wp\/v2\/types\/page"}],"author":[{"embeddable":true,"href":"https:\/\/siliconcarbide.net\/az\/wp-json\/wp\/v2\/users\/1"}],"replies":[{"embeddable":true,"href":"https:\/\/siliconcarbide.net\/az\/wp-json\/wp\/v2\/comments?post=21"}],"version-history":[{"count":3,"href":"https:\/\/siliconcarbide.net\/az\/wp-json\/wp\/v2\/pages\/21\/revisions"}],"predecessor-version":[{"id":665,"href":"https:\/\/siliconcarbide.net\/az\/wp-json\/wp\/v2\/pages\/21\/revisions\/665"}],"wp:attachment":[{"href":"https:\/\/siliconcarbide.net\/az\/wp-json\/wp\/v2\/media?parent=21"}],"curies":[{"name":"wp","href":"https:\/\/api.w.org\/{rel}","templated":true}]}}