{"id":97,"date":"2015-01-11T18:02:03","date_gmt":"2015-01-11T10:02:03","guid":{"rendered":"http:\/\/siliconcarbide.net\/?page_id=97"},"modified":"2017-10-12T08:15:26","modified_gmt":"2017-10-12T00:15:26","slug":"control-de-calidat","status":"publish","type":"page","link":"https:\/\/siliconcarbide.net\/an\/quality-control\/","title":{"rendered":"Control de calidat"},"content":{"rendered":"<p>\n\tO control de calidat constant durant a fabricaci\u00f3n ye a guarenc\u00eda d'a buena calidat y d'a satisfacci\u00f3n d'o nuestro client. Cumplir as especificacions y os debuixos d'os nuestros clients ye a base d'o nuestro control de calidat. Fem servir muitas trazas y equipos pa inspeccionar os productos. Tami\u00e9n controlamos cada paso d'a producci\u00f3n. Almagazenaremos datos pa fins de trazabilidat.\n<\/p>\n<p>\n\t<!--more-->\n<\/p>\n<p>\n\ten a esleci\u00f3n d'o material adecuau dende as primeras fases de disenyo<br \/>\n\ten a selecci\u00f3n d'a ruta de fabricaci\u00f3n mas rentable<br \/>\n\ten proporcionar altos estandars de calidat pa o nuestro servicio a o client y os nuestros productos<br \/>\n\ten garantir a plena trazabilidat d'os nuestros procesos<br \/>\n\ty impulsar de contino o nuestro sistema de calidat enta una mayor eficiencia ye una norma\n<\/p>\n<p>\n\tDisenyamos, desembolicamos y fabricamos as nuestras propias ceramicas de carburo de silicio pa ofreixer un rendimiento excelent y satisfer una variedat de requisitos d'aplicacions d'usura abrasiva extrema, corrosi\u00f3n, altas temperaturas y choque termico. As nuestras ceramicas de carburo de silicio ofreixen as siguients avantallas:<br \/>\n\tFormulaci\u00f3n de materials por metodos disenyaus estatisticament.<br \/>\n\tUso exclusivo de materias primas consistents y d'alta calidat.<br \/>\n\tFabricaci\u00f3n de moldes propia, desembolicada internament, multimateials incluindo prototipau rapido, equipamiento de fresau CNC.<br \/>\n\tFerramientas de treballo internas pa una alta calidat y flexibilidat constants.<br \/>\n\tControls de proceso y detalles de monitorizaci\u00f3n en toda l'operaci\u00f3n de fabricaci\u00f3n.<br \/>\n\tControls d'o forno que optimizan a consistencia d'a cocci\u00f3n y o tiempo de mantenci\u00f3n y atros; verificaci\u00f3n d'os resultaus monitorizada pa cada ciclo completau.\n<\/p>\n<p>\n\tSe troban os indicadors pa la ceramica de carburo de silicio uniu por reacci\u00f3n.\n<\/p>\n<p>\n\t<a href=\"http:\/\/siliconcarbide.net\/wp-content\/uploads\/2015\/01\/Reaction-Bonded-silicon-carbide-ceramic-indicator.pdf\">Indicador ceramico de carburo de silicio uniu por reaccions<\/a>(archivo PDF)\n<\/p>\n<p>\n\tSe troban os indicadors ta la ceramica de carburo de silicio sinterizau.\n<\/p>\n<p>\n\t<a href=\"http:\/\/siliconcarbide.net\/wp-content\/uploads\/2015\/01\/Sintered-Silicon-Carbide-Ceramic-indicator.pdf\">Indicador ceramico de carburo de silicio sinterizau<\/a>(archivo PDF)\n<\/p>\n<p>\n\t<a href=\"http:\/\/siliconcarbide.net\/wp-content\/uploads\/2015\/01\/reaction-bonded-silicon-carbide.jpg\"><img decoding=\"async\" alt=\"Carburo de silicio uniu por reacci\u00f3n\" class=\"alignnone size-full wp-image-271 lazyload\" height=\"824\" data-src=\"http:\/\/siliconcarbide.net\/wp-content\/uploads\/2015\/01\/reaction-bonded-silicon-carbide.jpg\" width=\"628\" src=\"data:image\/gif;base64,R0lGODlhAQABAAAAACH5BAEKAAEALAAAAAABAAEAAAICTAEAOw==\" style=\"--smush-placeholder-width: 628px; --smush-placeholder-aspect-ratio: 628\/824;\" \/><\/a>\n<\/p>\n<p>\n\t<a href=\"http:\/\/siliconcarbide.net\/wp-content\/uploads\/2015\/01\/silicon-carbide-ceramic-function.jpg\"><img decoding=\"async\" alt=\"Funci\u00f3n d&#039;a ceramica de carburo de silicio\" class=\"alignnone size-full wp-image-220 lazyload\" height=\"602\" data-src=\"http:\/\/siliconcarbide.net\/wp-content\/uploads\/2015\/01\/silicon-carbide-ceramic-function.jpg\" width=\"617\" src=\"data:image\/gif;base64,R0lGODlhAQABAAAAACH5BAEKAAEALAAAAAABAAEAAAICTAEAOw==\" style=\"--smush-placeholder-width: 617px; --smush-placeholder-aspect-ratio: 617\/602;\" \/><\/a><\/p>","protected":false},"excerpt":{"rendered":"<p>The constant quality control during manufacturing is the guarantee for the good quality and for the satisfaction of our customer. Meeting the specifications and drawings of our customers are the basis of our quality control. We use many ways and equipment to inspect for products. Also we control every step for producing.We will store&nbsp; data [&hellip;]<\/p>\n","protected":false},"author":1,"featured_media":0,"parent":0,"menu_order":0,"comment_status":"closed","ping_status":"open","template":"","meta":{"ngg_post_thumbnail":0,"footnotes":""},"class_list":["post-97","page","type-page","status-publish","hentry"],"aioseo_notices":[],"_links":{"self":[{"href":"https:\/\/siliconcarbide.net\/an\/wp-json\/wp\/v2\/pages\/97","targetHints":{"allow":["GET"]}}],"collection":[{"href":"https:\/\/siliconcarbide.net\/an\/wp-json\/wp\/v2\/pages"}],"about":[{"href":"https:\/\/siliconcarbide.net\/an\/wp-json\/wp\/v2\/types\/page"}],"author":[{"embeddable":true,"href":"https:\/\/siliconcarbide.net\/an\/wp-json\/wp\/v2\/users\/1"}],"replies":[{"embeddable":true,"href":"https:\/\/siliconcarbide.net\/an\/wp-json\/wp\/v2\/comments?post=97"}],"version-history":[{"count":0,"href":"https:\/\/siliconcarbide.net\/an\/wp-json\/wp\/v2\/pages\/97\/revisions"}],"wp:attachment":[{"href":"https:\/\/siliconcarbide.net\/an\/wp-json\/wp\/v2\/media?parent=97"}],"curies":[{"name":"wp","href":"https:\/\/api.w.org\/{rel}","templated":true}]}}