{"id":9,"date":"2013-08-25T11:29:05","date_gmt":"2013-08-25T03:29:05","guid":{"rendered":"http:\/\/siliconcarbide.net\/?page_id=9"},"modified":"2022-01-23T13:32:48","modified_gmt":"2022-01-23T05:32:48","slug":"sobre","status":"publish","type":"page","link":"https:\/\/siliconcarbide.net\/an\/about\/","title":{"rendered":"Sobre"},"content":{"rendered":"<p>Somos en Xangai, China, especializaus en o disenyo y suministro de ceramica de carburo de silicio, como ceramica de carburo de silicio sinterizau y ceramica de carburo de silicio de ligaz\u00f3n por reacci\u00f3n. Le animamos a que charre con nusatros d'o suyo prochecto dende luego pa privar problemas dificils mas tardi. Especificaremos os beneficios de cada material y charraremos d'as diversas tecnicas de procesamiento que s\u00edan adecuadas. O carburo de silicio ye un material feito por l'hombre que se fabrica calentando arena de silice y carbonio a altas temperaturas en un forno. O carburo de silicio ye un material extremadament duro (dureza de 9 en a escala de Mohs), ye quimicament inerte y no se funde. O carburo de silicio tiene una alta conductividat termica, un baixo coeficient de dilataci\u00f3n termica, ye resistent a os cambios termicos y a l'abrasi\u00f3n, y tiene resistencia a altas temperaturas. As variadas propiedaz d'o carburo de silicio lo fan un material eficaz en muitas aplicacions diferents. Vust\u00e9 nos diz as suyas necesidaz, y nusatros disenyamos y furnimos o millor producto pa vust\u00e9. Os suyos comentarios son o mayor refirme pa nusatros. A millora nunca no rematar\u00e1. Le damos a bienplegada a la suya consulta, incluindo-ie os requisitos y comentarios! O control de calidat constant durant a fabricaci\u00f3n ye a guarenc\u00eda d'a buena calidat y d'a satisfacci\u00f3n d'o nuestro client. Cumplir as especificacions y os debuixos d'os nuestros clients ye a base d'o nuestro control de calidat. Fem servir muitas trazas y equipos pa inspeccionar os productos. Tami\u00e9n controlamos cada paso d'a producci\u00f3n. Almagazenaremos os datos de calidat con fins de trazabilidat. \u00a1Bienvenius a recibir a suya consulta con os requisitos y comentarios!<\/p>\n<p><a href=\"http:\/\/siliconcarbide.net\/wp-content\/uploads\/2013\/08\/sisic-ceramic.jpg\"><img decoding=\"async\" class=\"size-full wp-image-280 aligncenter lazyload\" data-src=\"http:\/\/siliconcarbide.net\/wp-content\/uploads\/2013\/08\/sisic-ceramic.jpg\" alt=\"S\u00edsic ceramica\" width=\"853\" height=\"640\" data-srcset=\"https:\/\/siliconcarbide.net\/wp-content\/uploads\/2013\/08\/sisic-ceramic.jpg 853w, https:\/\/siliconcarbide.net\/wp-content\/uploads\/2013\/08\/sisic-ceramic-300x225.jpg 300w, https:\/\/siliconcarbide.net\/wp-content\/uploads\/2013\/08\/sisic-ceramic-768x576.jpg 768w\" data-sizes=\"(max-width: 853px) 100vw, 853px\" src=\"data:image\/gif;base64,R0lGODlhAQABAAAAACH5BAEKAAEALAAAAAABAAEAAAICTAEAOw==\" style=\"--smush-placeholder-width: 853px; --smush-placeholder-aspect-ratio: 853\/640;\" \/><\/a><\/p>","protected":false},"excerpt":{"rendered":"<p>We are in shanghai in china,specializing in designing and supplying Silicon Carbide Ceramic,such as sintered silicon carbide ceramic,reaction bonded silicon carbide ceramic.We encourage you to discuss your project with us early to avoid difficult problems later.We will specify benefits of each material and discuss various processing techniques which is suitable.Silicon carbide is a man-made material [&hellip;]<\/p>\n","protected":false},"author":1,"featured_media":0,"parent":0,"menu_order":0,"comment_status":"closed","ping_status":"closed","template":"","meta":{"ngg_post_thumbnail":0,"footnotes":""},"class_list":["post-9","page","type-page","status-publish","hentry"],"aioseo_notices":[],"_links":{"self":[{"href":"https:\/\/siliconcarbide.net\/an\/wp-json\/wp\/v2\/pages\/9","targetHints":{"allow":["GET"]}}],"collection":[{"href":"https:\/\/siliconcarbide.net\/an\/wp-json\/wp\/v2\/pages"}],"about":[{"href":"https:\/\/siliconcarbide.net\/an\/wp-json\/wp\/v2\/types\/page"}],"author":[{"embeddable":true,"href":"https:\/\/siliconcarbide.net\/an\/wp-json\/wp\/v2\/users\/1"}],"replies":[{"embeddable":true,"href":"https:\/\/siliconcarbide.net\/an\/wp-json\/wp\/v2\/comments?post=9"}],"version-history":[{"count":4,"href":"https:\/\/siliconcarbide.net\/an\/wp-json\/wp\/v2\/pages\/9\/revisions"}],"predecessor-version":[{"id":484,"href":"https:\/\/siliconcarbide.net\/an\/wp-json\/wp\/v2\/pages\/9\/revisions\/484"}],"wp:attachment":[{"href":"https:\/\/siliconcarbide.net\/an\/wp-json\/wp\/v2\/media?parent=9"}],"curies":[{"name":"wp","href":"https:\/\/api.w.org\/{rel}","templated":true}]}}