{"id":75,"date":"2014-01-09T20:39:18","date_gmt":"2014-01-09T12:39:18","guid":{"rendered":"http:\/\/siliconcarbide.net\/?page_id=75"},"modified":"2021-06-15T15:43:37","modified_gmt":"2021-06-15T07:43:37","slug":"asinas-bigas-transversals","status":"publish","type":"page","link":"https:\/\/siliconcarbide.net\/an\/sic-cross-beams\/","title":{"rendered":"Vigas transversals SIC"},"content":{"rendered":"<p>A viga de SiC tiene una alta capacidat de carga a altas temperaturas, y se puede fer servir a largo plazo sin deformar-se. As vigas de carburo de silicio funcionan a 1380 \u00b0C, y os parametros tecnicos d'a viga transversal remanen sin cambeos.A viga de SiC tiene alta resistencia, alta dureza, resistencia a altas temperaturas, resistencia a l' desgaste, resistencia a la corrosi\u00f3n, resistencia a l'oxidaci\u00f3n, resistencia termica, buena resistencia a os cambios termicos, buena conductividat termica y alta eficiencia termica. As vigas de SiC feitas con carburo de silicio de ligaz\u00f3n por reacci\u00f3n s'emplegan en os sistemas d'estructura de carga de fornos de t\u00fanel, fornos de via y muitos atros fornos industrials. As vigas de carburo de silicio tienen mayor resistencia y no se deforman ni en temperaturas muit altas.<!--more-->Y tami\u00e9n ista mena d'estanter\u00edas de carburo de silicio amuestran una larga vida operativa. Os elementos refractarios de ceramica de carburo de silicio unito por reacci\u00f3n son o mobiliario de forno mas adecuau pa aplicacions de grifer\u00eda y porcelana electrica. <a href=\"http:\/\/siliconcarbide.net\/an\/carburo-de-silicio-uniu-por-reaccion\/asinas-bigas-transversals\/\">Viga de SiSiC<\/a> Tien una excelent conductividat termica, por o que permite estalviar enerch\u00eda. Podemos fabricar un chazo de SiC seguntes os suyos requisitos.<\/p>\n<p><a href=\"http:\/\/siliconcarbide.net\/wp-content\/uploads\/2014\/01\/silicon-carbide-ceramic-Cross-Beams.jpg\"><img decoding=\"async\" class=\"alignnone size-full wp-image-74 lazyload\" data-src=\"http:\/\/siliconcarbide.net\/wp-content\/uploads\/2014\/01\/silicon-carbide-ceramic-Cross-Beams.jpg\" alt=\"Vigas de ceramica de silicio carburo\" width=\"350\" height=\"209\" data-srcset=\"https:\/\/siliconcarbide.net\/wp-content\/uploads\/2014\/01\/silicon-carbide-ceramic-Cross-Beams.jpg 350w, https:\/\/siliconcarbide.net\/wp-content\/uploads\/2014\/01\/silicon-carbide-ceramic-Cross-Beams-300x179.jpg 300w\" data-sizes=\"(max-width: 350px) 100vw, 350px\" src=\"data:image\/gif;base64,R0lGODlhAQABAAAAACH5BAEKAAEALAAAAAABAAEAAAICTAEAOw==\" style=\"--smush-placeholder-width: 350px; --smush-placeholder-aspect-ratio: 350\/209;\" \/><\/a><\/p>","protected":false},"excerpt":{"rendered":"<p>sisic beam has high bearing capacity at high temperature, long-term use without bending deformation.silicon carbide beams works at 1380 C,technical parameters of the cross beam remain unchanged.sisic beam has high strength, high hardness, high temperature resistance, wear resistance, corrosion resistance, oxidation resistance, heat resistance, good thermal shock resistance, good thermal conductivity and high thermal efficiency.sic [&hellip;]<\/p>\n","protected":false},"author":1,"featured_media":0,"parent":0,"menu_order":0,"comment_status":"closed","ping_status":"open","template":"","meta":{"ngg_post_thumbnail":0,"footnotes":""},"class_list":["post-75","page","type-page","status-publish","hentry"],"aioseo_notices":[],"_links":{"self":[{"href":"https:\/\/siliconcarbide.net\/an\/wp-json\/wp\/v2\/pages\/75","targetHints":{"allow":["GET"]}}],"collection":[{"href":"https:\/\/siliconcarbide.net\/an\/wp-json\/wp\/v2\/pages"}],"about":[{"href":"https:\/\/siliconcarbide.net\/an\/wp-json\/wp\/v2\/types\/page"}],"author":[{"embeddable":true,"href":"https:\/\/siliconcarbide.net\/an\/wp-json\/wp\/v2\/users\/1"}],"replies":[{"embeddable":true,"href":"https:\/\/siliconcarbide.net\/an\/wp-json\/wp\/v2\/comments?post=75"}],"version-history":[{"count":0,"href":"https:\/\/siliconcarbide.net\/an\/wp-json\/wp\/v2\/pages\/75\/revisions"}],"wp:attachment":[{"href":"https:\/\/siliconcarbide.net\/an\/wp-json\/wp\/v2\/media?parent=75"}],"curies":[{"name":"wp","href":"https:\/\/api.w.org\/{rel}","templated":true}]}}