{"id":115,"date":"2015-07-11T16:14:30","date_gmt":"2015-07-11T08:14:30","guid":{"rendered":"http:\/\/siliconcarbide.net\/?page_id=115"},"modified":"2016-11-29T23:55:08","modified_gmt":"2016-11-29T15:55:08","slug":"galleria","status":"publish","type":"page","link":"http:\/\/siliconcarbide.net\/it\/gallery\/","title":{"rendered":"Galleria"},"content":{"rendered":"<p>\n\tSi prega di trovare le foto della ceramica in carburo di silicio legata alla reazione, si pu\u00f2 vedere la polvere di silicio sulla superficie.Rimuoveremo la polvere di silicio.\n<\/p>\n<p>\n\t<strong>ngg_shortcode_0_placeholder<\/strong>\n<\/p>\n<p>\n\t&nbsp;\n<\/p>\n<p>\n\tSi prega di trovare le foto di carburo di silicio sinterizzato in ceramica, chiamato anche SSiC.La funzione \u00e8 migliore rispetto alla reazione legata sic.But prezzo per ssic \u00e8 pi\u00f9 alto.\n<\/p>\n<p>\n\t<strong>ngg_shortcode_1_placeholder<\/strong>\n<\/p>\n<p>\n\t&nbsp;\n<\/p>\n<p>\n\t&nbsp;<\/p>","protected":false},"excerpt":{"rendered":"<p>Si prega di trovare le foto della ceramica di carburo di silicio legata alla reazione, in cui si pu\u00f2 vedere la polvere di silicio sulla superficie.   Le foto del carburo di silicio ceramico sinterizzato, chiamato anche SSiC, sono migliori di quelle del carburo di silicio legato per reazione, ma il prezzo del carburo di silicio sinterizzato \u00e8 pi\u00f9 alto. &nbsp; &nbsp;<\/p>","protected":false},"author":1,"featured_media":0,"parent":0,"menu_order":0,"comment_status":"closed","ping_status":"open","template":"page-full.php","meta":{"ngg_post_thumbnail":0,"footnotes":""},"class_list":["post-115","page","type-page","status-publish","hentry"],"aioseo_notices":[],"_links":{"self":[{"href":"http:\/\/siliconcarbide.net\/it\/wp-json\/wp\/v2\/pages\/115","targetHints":{"allow":["GET"]}}],"collection":[{"href":"http:\/\/siliconcarbide.net\/it\/wp-json\/wp\/v2\/pages"}],"about":[{"href":"http:\/\/siliconcarbide.net\/it\/wp-json\/wp\/v2\/types\/page"}],"author":[{"embeddable":true,"href":"http:\/\/siliconcarbide.net\/it\/wp-json\/wp\/v2\/users\/1"}],"replies":[{"embeddable":true,"href":"http:\/\/siliconcarbide.net\/it\/wp-json\/wp\/v2\/comments?post=115"}],"version-history":[{"count":0,"href":"http:\/\/siliconcarbide.net\/it\/wp-json\/wp\/v2\/pages\/115\/revisions"}],"wp:attachment":[{"href":"http:\/\/siliconcarbide.net\/it\/wp-json\/wp\/v2\/media?parent=115"}],"curies":[{"name":"wp","href":"https:\/\/api.w.org\/{rel}","templated":true}]}}